{"id":750,"date":"2021-08-30T13:43:53","date_gmt":"2021-08-30T11:43:53","guid":{"rendered":"http:\/\/www.bibliotekaplus.rs\/b_plus\/?page_id=750"},"modified":"2021-08-30T15:38:59","modified_gmt":"2021-08-30T13:38:59","slug":"industrija-televizije","status":"publish","type":"page","link":"https:\/\/www.bibliotekaplus.rs\/en\/obrazovni-materijali\/industrija-televizije\/","title":{"rendered":"(\u0421\u0440\u043f\u0441\u043a\u0438) Industrija televizije"},"content":{"rendered":"<div id=\"pl-750\"  class=\"panel-layout\" ><div id=\"pg-750-0\"  class=\"panel-grid panel-no-style\" ><div id=\"pgc-750-0-0\"  class=\"panel-grid-cell\" ><div id=\"panel-750-0-0-0\" class=\"so-panel widget widget_sow-editor panel-first-child panel-last-child\" data-index=\"0\" ><div\n\t\t\t\n\t\t\tclass=\"so-widget-sow-editor so-widget-sow-editor-base\"\n\t\t\t\n\t\t>\n<div class=\"siteorigin-widget-tinymce textwidget\">\n\t<div class=\"_df_thumb \" id=\"df_752\"  _slug=\"industrija-televizije\" data-title=\"%d1%81%d1%80%d0%bf%d1%81%d0%ba%d0%b8-industrija-televizije\" wpoptions=\"true\" thumb=\"https:\/\/www.bibliotekaplus.rs\/wp-content\/uploads\/2021\/08\/MEDIJI-DANAS-II.jpg\" thumbtype=\"\" >(\u0421\u0440\u043f\u0441\u043a\u0438) Industrija televizije<\/div><script class=\"df-shortcode-script\" nowprocket type=\"application\/javascript\">window.option_df_752 = {\"outline\":[],\"autoEnableOutline\":\"false\",\"autoEnableThumbnail\":\"false\",\"overwritePDFOutline\":\"false\",\"direction\":\"1\",\"pageSize\":\"0\",\"source\":\"https:\\\/\\\/www.bibliotekaplus.rs\\\/wp-content\\\/uploads\\\/2021\\\/08\\\/Mediji-danas-II_odlomak.pdf\",\"wpOptions\":\"true\"}; if(window.DFLIP && window.DFLIP.parseBooks){window.DFLIP.parseBooks();}<\/script>\n<\/div>\n<\/div><\/div><\/div><div id=\"pgc-750-0-1\"  class=\"panel-grid-cell\" ><div id=\"panel-750-0-1-0\" class=\"so-panel widget widget_sow-editor panel-first-child panel-last-child\" data-index=\"1\" ><div\n\t\t\t\n\t\t\tclass=\"so-widget-sow-editor so-widget-sow-editor-base\"\n\t\t\t\n\t\t>\n<div class=\"siteorigin-widget-tinymce textwidget\">\n\t<p><!-- wp:list --><\/p>\n<p><!-- \/wp:heading --><\/p>\n<p><!-- wp:list --><\/p>\n<ul>\n<li><strong>D\u017eozef Tjurou <em>MEDIJI DANAS II \u2013 Uvod u masovne komunikacije<br \/>\n<\/em><\/strong>preveo sa engleskog Aleksandar Luj Todorovi\u0107<\/li>\n<\/ul>\n<p><!-- \/wp:list --><\/p>\n<p>Drugi deo studije <em><strong>Mediji danas<\/strong><\/em> ameri\u010dkog profesora komunikacija D\u017eozefa Tjuroa bavi se istorijom i razvojem elektronskih medija i modernim izazovima u toj sferi, odnosno u muzi\u010dkoj i filmskoj industriji, industriji radija i televizije, interneta i video igara, kao i u sferi ogla\u0161avanja i odnosa s javno\u0161\u0107u.<\/p>\n<p>(<a href=\"http:\/\/clio.rs\/MEDIJI-DANAS-II_Knjiga_414\" target=\"_blank\" rel=\"noopener\">izvor<\/a>)<\/p>\n<\/div>\n<\/div><\/div><\/div><\/div><\/div>","protected":false},"excerpt":{"rendered":"<p>D\u017eozef Tjurou MEDIJI DANAS II \u2013 Uvod u masovne komunikacije preveo sa engleskog Aleksandar Luj Todorovi\u0107 Drugi deo studije Mediji danas ameri\u010dkog profesora komunikacija D\u017eozefa Tjuroa bavi se istorijom i razvojem elektronskih medija i modernim izazovima u toj sferi, odnosno u muzi\u010dkoj i filmskoj industriji, industriji radija i televizije, interneta i video igara, kao i [&hellip;]<\/p>\n","protected":false},"author":1,"featured_media":0,"parent":673,"menu_order":0,"comment_status":"closed","ping_status":"closed","template":"","meta":{"footnotes":"","_wp_rev_ctl_limit":""},"class_list":["post-750","page","type-page","status-publish","hentry","post"],"_links":{"self":[{"href":"https:\/\/www.bibliotekaplus.rs\/en\/wp-json\/wp\/v2\/pages\/750","targetHints":{"allow":["GET"]}}],"collection":[{"href":"https:\/\/www.bibliotekaplus.rs\/en\/wp-json\/wp\/v2\/pages"}],"about":[{"href":"https:\/\/www.bibliotekaplus.rs\/en\/wp-json\/wp\/v2\/types\/page"}],"author":[{"embeddable":true,"href":"https:\/\/www.bibliotekaplus.rs\/en\/wp-json\/wp\/v2\/users\/1"}],"replies":[{"embeddable":true,"href":"https:\/\/www.bibliotekaplus.rs\/en\/wp-json\/wp\/v2\/comments?post=750"}],"version-history":[{"count":5,"href":"https:\/\/www.bibliotekaplus.rs\/en\/wp-json\/wp\/v2\/pages\/750\/revisions"}],"predecessor-version":[{"id":835,"href":"https:\/\/www.bibliotekaplus.rs\/en\/wp-json\/wp\/v2\/pages\/750\/revisions\/835"}],"up":[{"embeddable":true,"href":"https:\/\/www.bibliotekaplus.rs\/en\/wp-json\/wp\/v2\/pages\/673"}],"wp:attachment":[{"href":"https:\/\/www.bibliotekaplus.rs\/en\/wp-json\/wp\/v2\/media?parent=750"}],"curies":[{"name":"wp","href":"https:\/\/api.w.org\/{rel}","templated":true}]}}