{"id":514,"date":"2021-08-26T16:07:20","date_gmt":"2021-08-26T14:07:20","guid":{"rendered":"http:\/\/www.bibliotekaplus.rs\/b_plus\/?page_id=514"},"modified":"2021-10-15T13:03:53","modified_gmt":"2021-10-15T11:03:53","slug":"jacanje-medijske-i-informacione-pismenosti","status":"publish","type":"page","link":"https:\/\/www.bibliotekaplus.rs\/en\/jacanje-medijske-i-informacione-pismenosti\/","title":{"rendered":"Digital tomorrow"},"content":{"rendered":"<div id=\"pl-514\"  class=\"panel-layout\" ><div id=\"pg-514-0\"  class=\"panel-grid panel-no-style\" ><div id=\"pgc-514-0-0\"  class=\"panel-grid-cell\" ><div id=\"panel-514-0-0-0\" class=\"so-panel widget widget_sow-editor panel-first-child\" data-index=\"0\" ><div\n\t\t\t\n\t\t\tclass=\"so-widget-sow-editor so-widget-sow-editor-base\"\n\t\t\t\n\t\t>\n<div class=\"siteorigin-widget-tinymce textwidget\">\n\t<h3>kroz u\u010denje zasnovano na projektima<\/h3>\n<\/div>\n<\/div><\/div><div id=\"panel-514-0-0-1\" class=\"so-panel widget widget_sow-image\" data-index=\"1\" ><div\n\t\t\t\n\t\t\tclass=\"so-widget-sow-image so-widget-sow-image-default-8b5b6f678277-514\"\n\t\t\t\n\t\t>\n<div class=\"sow-image-container\">\n\t\t<img \n\tsrc=\"https:\/\/www.bibliotekaplus.rs\/wp-content\/uploads\/2021\/07\/jacanje-medijske-i-informacione-pismenosti.jpg\" width=\"1920\" height=\"600\" srcset=\"https:\/\/www.bibliotekaplus.rs\/wp-content\/uploads\/2021\/07\/jacanje-medijske-i-informacione-pismenosti.jpg 1920w, https:\/\/www.bibliotekaplus.rs\/wp-content\/uploads\/2021\/07\/jacanje-medijske-i-informacione-pismenosti-300x94.jpg 300w, https:\/\/www.bibliotekaplus.rs\/wp-content\/uploads\/2021\/07\/jacanje-medijske-i-informacione-pismenosti-1024x320.jpg 1024w, https:\/\/www.bibliotekaplus.rs\/wp-content\/uploads\/2021\/07\/jacanje-medijske-i-informacione-pismenosti-768x240.jpg 768w, https:\/\/www.bibliotekaplus.rs\/wp-content\/uploads\/2021\/07\/jacanje-medijske-i-informacione-pismenosti-1536x480.jpg 1536w\" sizes=\"(max-width: 1920px) 100vw, 1920px\" title=\"jacanje medijske i informacione pismenosti\" alt=\"\" \t\tclass=\"so-widget-image\"\/>\n\t<\/div>\n\n<\/div><\/div><div id=\"panel-514-0-0-2\" class=\"so-panel widget widget_sow-editor panel-last-child\" data-index=\"2\" ><div\n\t\t\t\n\t\t\tclass=\"so-widget-sow-editor so-widget-sow-editor-base\"\n\t\t\t\n\t\t>\n<div class=\"siteorigin-widget-tinymce textwidget\">\n\t<p>Projekat <strong>Ja\u010danje medijske pismenosti kroz u\u010denje zasnovano na projektima<\/strong> ima za cilj promovisanje metoda projektnog u\u010denja kao na\u010dina za pove\u0107anje medijske pismenosti u\u010denika u osnovnim i srednjim \u0161kolama. Organizacijom onlajn seminara i panel diskusija, kao i podizanjem platforme sa resursima za u\u010denje i alatima, projekat \u0107e osna\u017eiti nastavnike za kori\u0161tenje metoda projektnog u\u010denja.<\/p>\n<p>Projekat <strong><a href=\"http:\/\/www.bibliotekaplus.rs\/b_plus\/internest_strana\/\">Internest<\/a> <\/strong>koji je Biblioteka plus realizovala tokom deset godina (2006\u20132015) kao i trogodi\u0161nji projekat <a href=\"https:\/\/medijskapismenost.org.rs\" target=\"_blank\" rel=\"noopener\"><strong>Digitalni pogon<\/strong><\/a> (2018\u20132020) realizovan u partnerstvu sa Novosadskom novinarskom \u0161kolom, pokazali su da je u\u010denje zasnovano na projektima najbolji metod za pove\u0107anje medijske i informati\u010dke pismenosti, jer su u\u010denici najvi\u0161e napredovali dok su radili na projektima i bili u mogu\u0107nosti da eksperimenti\u0161u, da budu autonomni, kreativni i rade u timovima.<\/p>\n<p>Pandemija COVID-19 ubrzala je digitalizaciju obrazovnog procesa. Mnogi nastavnici ve\u0107 primenjuju metodu projektnog u\u010denja. Me\u0111utim, potrebni su im resursi za u\u010denje, mre\u017ea za saradnju i razmenu iskustava, za teoretiziranje i razmenu najboljih praksi \u0161to bi ovaj projekat trebalo da im pru\u017ei.<\/p>\n<p><a href=\"https:\/\/bibliotekaplus.rs\/moodle\/\" target=\"_blank\" rel=\"noopener\"><strong>Seminari za nastavnike<\/strong><\/a> bi\u0107e organizovani u dva ciklusa, u junu i septembru 2021. godine. Stru\u010dni saradnici koji \u0107e voditi seminare su <a href=\"https:\/\/www.bibliotekaplus.rs\/b_plus\/dr-dusan-ristanovic\/\"><strong>prof. dr Du\u0161an Ristanovi\u0107<\/strong><\/a> sa Fakulteta pedago\u0161kih nauka Univerziteta u Kragujevcu i <a href=\"https:\/\/www.bibliotekaplus.rs\/b_plus\/mirko-markovic\/\"><strong>Mirko Markovi\u0107<\/strong><\/a>, pedago\u0161ki savetnik i profesor u Gimnaziji Vuk Karad\u017ei\u0107 u Loznici.<\/p>\n<p>Nakon realizacije seminara planirana je onlajn konferencija na kojoj \u0107e biti predstavljeni rezultati i zaklju\u010dci u vezi sa prethodnim aktivnostima i koja \u0107e na dva panela posve\u0107ena projektnom u\u010denju i medijskoj i informacionoj pismenosti okupiti stru\u010dnjake iz razli\u010ditih oblasti.<\/p>\n<p>Na sajtu Biblioteke plus, pored celokupnog toka seminara, posetioci \u0107e mo\u0107i da prona\u0111u mno\u0161tvo tekstova i priru\u010dnika u vezi sa ovom temom, kao i video zapise predavanja i debata.<\/p>\n<p>Projekat se realizuje uz podr\u0161ku <a href=\"https:\/\/www.osce.org\/sr\/mission-to-serbia\" target=\"_blank\" rel=\"noopener\">Misije OEBS-a u Srbiji<\/a>.<\/p>\n<\/div>\n<\/div><\/div><\/div><\/div><\/div>","protected":false},"excerpt":{"rendered":"<p>kroz u\u010denje zasnovano na projektima Projekat Ja\u010danje medijske pismenosti kroz u\u010denje zasnovano na projektima ima za cilj promovisanje metoda projektnog u\u010denja kao na\u010dina za pove\u0107anje medijske pismenosti u\u010denika u osnovnim i srednjim \u0161kolama. Organizacijom onlajn seminara i panel diskusija, kao i podizanjem platforme sa resursima za u\u010denje i alatima, projekat \u0107e osna\u017eiti nastavnike za kori\u0161tenje [&hellip;]<\/p>\n","protected":false},"author":1,"featured_media":530,"parent":0,"menu_order":0,"comment_status":"closed","ping_status":"closed","template":"","meta":{"footnotes":"","_wp_rev_ctl_limit":""},"class_list":["post-514","page","type-page","status-publish","has-post-thumbnail","hentry","post"],"_links":{"self":[{"href":"https:\/\/www.bibliotekaplus.rs\/en\/wp-json\/wp\/v2\/pages\/514","targetHints":{"allow":["GET"]}}],"collection":[{"href":"https:\/\/www.bibliotekaplus.rs\/en\/wp-json\/wp\/v2\/pages"}],"about":[{"href":"https:\/\/www.bibliotekaplus.rs\/en\/wp-json\/wp\/v2\/types\/page"}],"author":[{"embeddable":true,"href":"https:\/\/www.bibliotekaplus.rs\/en\/wp-json\/wp\/v2\/users\/1"}],"replies":[{"embeddable":true,"href":"https:\/\/www.bibliotekaplus.rs\/en\/wp-json\/wp\/v2\/comments?post=514"}],"version-history":[{"count":5,"href":"https:\/\/www.bibliotekaplus.rs\/en\/wp-json\/wp\/v2\/pages\/514\/revisions"}],"predecessor-version":[{"id":1682,"href":"https:\/\/www.bibliotekaplus.rs\/en\/wp-json\/wp\/v2\/pages\/514\/revisions\/1682"}],"wp:featuredmedia":[{"embeddable":true,"href":"https:\/\/www.bibliotekaplus.rs\/en\/wp-json\/wp\/v2\/media\/530"}],"wp:attachment":[{"href":"https:\/\/www.bibliotekaplus.rs\/en\/wp-json\/wp\/v2\/media?parent=514"}],"curies":[{"name":"wp","href":"https:\/\/api.w.org\/{rel}","templated":true}]}}