{"id":470,"date":"2021-08-19T15:48:40","date_gmt":"2021-08-19T13:48:40","guid":{"rendered":"http:\/\/www.bibliotekaplus.rs\/b_plus\/?page_id=470"},"modified":"2021-10-15T09:44:15","modified_gmt":"2021-10-15T07:44:15","slug":"publikacije","status":"publish","type":"page","link":"https:\/\/www.bibliotekaplus.rs\/en\/publikacije\/","title":{"rendered":"Publications"},"content":{"rendered":"<div id=\"pl-470\"  class=\"panel-layout\" ><div id=\"pg-470-0\"  class=\"panel-grid panel-no-style\" ><div id=\"pgc-470-0-0\"  class=\"panel-grid-cell\" ><div id=\"panel-470-0-0-0\" class=\"so-panel widget widget_sow-editor panel-first-child\" data-index=\"0\" ><div\n\t\t\t\n\t\t\tclass=\"so-widget-sow-editor so-widget-sow-editor-base\"\n\t\t\t\n\t\t>\n<div class=\"siteorigin-widget-tinymce textwidget\">\n\t<p>U saradnji sa <a href=\"http:\/\/clio.rs\/\" target=\"_blank\" rel=\"noopener\">Izdava\u010dkom ku\u0107om CLIO<\/a>, u ediciji <a href=\"http:\/\/clio.rs\/Biblioteka-plus_Katalog_74\" target=\"_blank\" rel=\"noopener\">B PLUS<\/a> objavljujemo savremena dela iz bibliotekarstva i informacionih nauka. Re\u010d je o knjigama koje su namenjene stru\u010dnjacima za ove oblasti, bibliotekarima, informati\u010darima, studentima, izdava\u010dima, knji\u017earima i svim poslenicima knjige i elektronskih medija. Karakteri\u0161u ih informativnost, aktuelnost, ugled i kompetentnost autora i prevodilaca, skladan spoj teorijskog i prakti\u010dnog pristupa, uravnote\u017eenost istorijskog i savremenog, kao i podsticajna edukativna komponenta.<\/p>\n<\/div>\n<\/div><\/div><div id=\"panel-470-0-0-1\" class=\"so-panel widget widget_siteorigin-panels-postloop panel-last-child\" data-index=\"1\" >\n\t<div class=\"flexslider featured-posts-slider\">\n\n\t\t<ul class=\"slides\">\n\n\t\t\t\t\t\t\t\t\t\n\t\t\t\t<li class=\"slide\" style=\"background-image: url( 'https:\/\/www.bibliotekaplus.rs\/wp-content\/uploads\/2022\/12\/obrazovni-materijali-novo-c.jpg' )\">\n\t\t\t\t\t<div class=\"overlay\"><a href=\"https:\/\/www.bibliotekaplus.rs\/en\/novi-obrazovni-materijali\/\"><\/a><\/div>\n\t\t\t\t\t<div class=\"slide-content\">\t\n\t\t\t\t\t\t<h2 class=\"entry-title\"><a href=\"https:\/\/www.bibliotekaplus.rs\/en\/novi-obrazovni-materijali\/\" rel=\"bookmark\">(\u0421\u0440\u043f\u0441\u043a\u0438) \u041d\u043e\u0432\u0438 \u043e\u0431\u0440\u0430\u0437\u043e\u0432\u043d\u0438 \u043c\u0430\u0442\u0435\u0440\u0438\u0458\u0430\u043b\u0438<\/a><\/h2>\t\t\t\t\t\t<div class=\"entry-excerpt\">\n\t\t\t\t\t\t\t<p>Sorry, this entry is only available in \u0421\u0440\u043f\u0441\u043a\u0438.<\/p>\t\t\t\t\t\t<\/div>\n\t\t\t\t\t<\/div>\n\t\t\t\t<\/li>\n\n\t\t\t\t\t\t\n\t\t\t\t<li class=\"slide\" style=\"background-image: url( 'https:\/\/www.bibliotekaplus.rs\/wp-content\/uploads\/2021\/08\/vreme-biblioskopa.jpg' )\">\n\t\t\t\t\t<div class=\"overlay\"><a href=\"https:\/\/www.bibliotekaplus.rs\/en\/vreme-biblioskopa\/\"><\/a><\/div>\n\t\t\t\t\t<div class=\"slide-content\">\t\n\t\t\t\t\t\t<h2 class=\"entry-title\"><a href=\"https:\/\/www.bibliotekaplus.rs\/en\/vreme-biblioskopa\/\" rel=\"bookmark\">(\u0421\u0440\u043f\u0441\u043a\u0438) Julija \u0160\u010derbinjina VREME BIBLIOSKOPA \u2013 Savremeno doba u ogledalu knji\u017eevne kulture (2021)<\/a><\/h2>\t\t\t\t\t\t<div class=\"entry-excerpt\">\n\t\t\t\t\t\t\t<p>Ova zanimljiva studija otkriva mnoge inovacije i nove formate objavljivanja knjiga. Tako\u0111e\u00a0 ukazuje na razvoj tehnologije pisanja, kreativne eksperimente o fizi\u010dkim oblicima knjiga. Bavi se i strategijama \u010ditanja, biblioterapijom i bibliofobijom, metodama \u201e\u017edranja\u201c i \u201eklanja\u201c knjiga, parakriti\u010darima i ekspertokratijom, problemima grafomanije, plagijarizma, piraterije&#8230; Julija \u0160erbinjina postavlja i pitanja kako se grade odnosi izme\u0111u pisca, izdava\u010da...<\/p>\t\t\t\t\t\t<\/div>\n\t\t\t\t\t<\/div>\n\t\t\t\t<\/li>\n\n\t\t\t\t\t\t\n\t\t\t\t<li class=\"slide\" style=\"background-image: url( 'https:\/\/www.bibliotekaplus.rs\/wp-content\/uploads\/2018\/08\/JAVNE-BIBLIOTEKE-I-DEMOKRATIJA.jpg' )\">\n\t\t\t\t\t<div class=\"overlay\"><a href=\"https:\/\/www.bibliotekaplus.rs\/en\/vesna-crnogorac-javne-biblioteke-i-demokratija-2018\/\"><\/a><\/div>\n\t\t\t\t\t<div class=\"slide-content\">\t\n\t\t\t\t\t\t<h2 class=\"entry-title\"><a href=\"https:\/\/www.bibliotekaplus.rs\/en\/vesna-crnogorac-javne-biblioteke-i-demokratija-2018\/\" rel=\"bookmark\">(\u0421\u0440\u043f\u0441\u043a\u0438) Vesna Crnogorac JAVNE BIBLIOTEKE I DEMOKRATIJA (2018)<\/a><\/h2>\t\t\t\t\t\t<div class=\"entry-excerpt\">\n\t\t\t\t\t\t\t<p>Sistemati\u010dna razrada modela novih usluga koje javna biblioteka mo\u017ee da uvede u cilju odgovornog i kvalitetnog anga\u017emana u svakodnevnom \u017eivotu svoje zajednice a koji se odnose na slobodan pristup informacijama od javnog zna\u010daja \u2013 klju\u010dna je tema ove publikacije. Po\u010dev od osvrta na instituciju javne biblioteke, njene uloge i mesta u pravnom i bibliote\u010dko\u2013informacionom sistemu...<\/p>\t\t\t\t\t\t<\/div>\n\t\t\t\t\t<\/div>\n\t\t\t\t<\/li>\n\n\t\t\t\t\t\t\n\t\t\t\t<li class=\"slide\" style=\"background-image: url( 'https:\/\/www.bibliotekaplus.rs\/wp-content\/uploads\/2021\/08\/E-BIBLIOTEKA.jpg' )\">\n\t\t\t\t\t<div class=\"overlay\"><a href=\"https:\/\/www.bibliotekaplus.rs\/en\/vesna-injac-malbasa-e-biblioteke-2016\/\"><\/a><\/div>\n\t\t\t\t\t<div class=\"slide-content\">\t\n\t\t\t\t\t\t<h2 class=\"entry-title\"><a href=\"https:\/\/www.bibliotekaplus.rs\/en\/vesna-injac-malbasa-e-biblioteke-2016\/\" rel=\"bookmark\">(\u0421\u0440\u043f\u0441\u043a\u0438) Vesna Injac-Malba\u0161a E BIBLIOTEKE (2016)<\/a><\/h2>\t\t\t\t\t\t<div class=\"entry-excerpt\">\n\t\t\t\t\t\t\t<p>U vremenu kada biblioteke kakve poznajemo prolaze kroz zna\u010dajne promene neminovno se prilago\u0111avaju\u0107i informati\u010dkom dobu, postaje nam neophodno ovladavanje novim na\u010dinima organizacije sve ve\u0107ih i raznorodnijih biblioteka koje te\u017ee da budu na raspolaganju neverovatno velikom broju potencijalnih korisnika. Elektronske, virtuelne, digitalne, hibridne, biblioteke bez zidova, jesu teme koje ve\u0107 dugo zaokupljaju pa\u017enju bibliotekara i otvaraju...<\/p>\t\t\t\t\t\t<\/div>\n\t\t\t\t\t<\/div>\n\t\t\t\t<\/li>\n\n\t\t\t\t\t\t\n\t\t\t\t<li class=\"slide\" style=\"background-image: url( 'https:\/\/www.bibliotekaplus.rs\/wp-content\/uploads\/2021\/08\/OTVORENI-PRISTUP.jpg' )\">\n\t\t\t\t\t<div class=\"overlay\"><a href=\"https:\/\/www.bibliotekaplus.rs\/en\/piter-suber-otvoreni-pristup-2016\/\"><\/a><\/div>\n\t\t\t\t\t<div class=\"slide-content\">\t\n\t\t\t\t\t\t<h2 class=\"entry-title\"><a href=\"https:\/\/www.bibliotekaplus.rs\/en\/piter-suber-otvoreni-pristup-2016\/\" rel=\"bookmark\">(\u0421\u0440\u043f\u0441\u043a\u0438) Piter Suber OTVORENI PRISTUP (2016)<\/a><\/h2>\t\t\t\t\t\t<div class=\"entry-excerpt\">\n\t\t\t\t\t\t\t<p>prevela sa engleskog Gordana Ljubanovi\u0107 \u041etv\u043er\u0435ni pristup n\u0430u\u010dn\u043em zn\u0430nju p\u043edr\u0430zum\u0435v\u0430 d\u0430 sv\u0430ki \u010d\u043ev\u0435k k\u043e\u0458i im\u0430 pristup Int\u0435rn\u0435tu bil\u043e gd\u0435 u sv\u0435tu im\u0430 pr\u0430v\u043e d\u0430 \u010dit\u0430, pr\u0435uzim\u0430, \u010duv\u0430, \u0161t\u0430mp\u0430 i k\u043eristi digit\u0430lni s\u0430dr\u017e\u0430\u0458 d\u0435l\u0430 \u043eb\u0458\u0430vl\u0458\u0435nih u r\u0435\u017eimu \u043etv\u043er\u0435n\u043eg pristup\u0430, s\u0430 \u0458\u0435din\u043em \u043eb\u0430v\u0435z\u043em d\u0430 k\u043er\u0435ktn\u043e n\u0430v\u0435d\u0435 izv\u043er inf\u043erm\u0430ci\u0458\u0430. P\u043ekr\u0435t z\u0430 \u043etv\u043er\u0435ni pristup n\u0430st\u0430\u043e \u0458\u0435 k\u0430\u043e r\u0435\u0430kci\u0458\u0430 n\u0430...<\/p>\t\t\t\t\t\t<\/div>\n\t\t\t\t\t<\/div>\n\t\t\t\t<\/li>\n\n\t\t\t\n\t\t<\/ul>\n\n\t\t<ul class=\"flex-direction-nav\">\n\t\t\t<li class=\"flex-nav-prev\">\n\t\t\t\t<a class=\"flex-prev\" href=\"#\">\t\t\t<svg version=\"1.1\" xmlns=\"http:\/\/www.w3.org\/2000\/svg\" xmlns:xlink=\"http:\/\/www.w3.org\/1999\/xlink\" width=\"21\" height=\"28\" viewBox=\"0 0 21 28\">\n\t\t\t\t<path d=\"M18.297 4.703l-8.297 8.297 8.297 8.297c0.391 0.391 0.391 1.016 0 1.406l-2.594 2.594c-0.391 0.391-1.016 0.391-1.406 0l-11.594-11.594c-0.391-0.391-0.391-1.016 0-1.406l11.594-11.594c0.391-0.391 1.016-0.391 1.406 0l2.594 2.594c0.391 0.391 0.391 1.016 0 1.406z\"><\/path>\n\t\t\t<\/svg>\n\t\t<\/a>\n\t\t\t<\/li>\n\t\t\t<li class=\"flex-nav-next\">\n\t\t\t\t<a class=\"flex-next\" href=\"#\">\t\t\t<svg version=\"1.1\" xmlns=\"http:\/\/www.w3.org\/2000\/svg\" xmlns:xlink=\"http:\/\/www.w3.org\/1999\/xlink\" width=\"19\" height=\"28\" viewBox=\"0 0 19 28\">\n\t\t\t\t<path d=\"M17.297 13.703l-11.594 11.594c-0.391 0.391-1.016 0.391-1.406 0l-2.594-2.594c-0.391-0.391-0.391-1.016 0-1.406l8.297-8.297-8.297-8.297c-0.391-0.391-0.391-1.016 0-1.406l2.594-2.594c0.391-0.391 1.016-0.391 1.406 0l11.594 11.594c0.391 0.391 0.391 1.016 0 1.406z\"><\/path>\n\t\t\t<\/svg>\n\t\t<\/a>\n\t\t\t<\/li>\n\t\t<\/ul>\n\n\t<\/div><!-- .featured-posts-slider -->\n\n<\/div><\/div><\/div><\/div>","protected":false},"excerpt":{"rendered":"<p>U saradnji sa Izdava\u010dkom ku\u0107om CLIO, u ediciji B PLUS objavljujemo savremena dela iz bibliotekarstva i informacionih nauka. Re\u010d je o knjigama koje su namenjene stru\u010dnjacima za ove oblasti, bibliotekarima, informati\u010darima, studentima, izdava\u010dima, knji\u017earima i svim poslenicima knjige i elektronskih medija. Karakteri\u0161u ih informativnost, aktuelnost, ugled i kompetentnost autora i prevodilaca, skladan spoj teorijskog i [&hellip;]<\/p>\n","protected":false},"author":1,"featured_media":0,"parent":0,"menu_order":0,"comment_status":"closed","ping_status":"closed","template":"","meta":{"footnotes":"","_wp_rev_ctl_limit":""},"class_list":["post-470","page","type-page","status-publish","hentry","post"],"_links":{"self":[{"href":"https:\/\/www.bibliotekaplus.rs\/en\/wp-json\/wp\/v2\/pages\/470","targetHints":{"allow":["GET"]}}],"collection":[{"href":"https:\/\/www.bibliotekaplus.rs\/en\/wp-json\/wp\/v2\/pages"}],"about":[{"href":"https:\/\/www.bibliotekaplus.rs\/en\/wp-json\/wp\/v2\/types\/page"}],"author":[{"embeddable":true,"href":"https:\/\/www.bibliotekaplus.rs\/en\/wp-json\/wp\/v2\/users\/1"}],"replies":[{"embeddable":true,"href":"https:\/\/www.bibliotekaplus.rs\/en\/wp-json\/wp\/v2\/comments?post=470"}],"version-history":[{"count":5,"href":"https:\/\/www.bibliotekaplus.rs\/en\/wp-json\/wp\/v2\/pages\/470\/revisions"}],"predecessor-version":[{"id":1658,"href":"https:\/\/www.bibliotekaplus.rs\/en\/wp-json\/wp\/v2\/pages\/470\/revisions\/1658"}],"wp:attachment":[{"href":"https:\/\/www.bibliotekaplus.rs\/en\/wp-json\/wp\/v2\/media?parent=470"}],"curies":[{"name":"wp","href":"https:\/\/api.w.org\/{rel}","templated":true}]}}