{"id":2091,"date":"2023-05-26T16:09:55","date_gmt":"2023-05-26T14:09:55","guid":{"rendered":"https:\/\/www.bibliotekaplus.rs\/?page_id=2091"},"modified":"2023-05-26T16:17:48","modified_gmt":"2023-05-26T14:17:48","slug":"projektna-nastava-u-funkciji-uocavanja-ucenika-sa-izuzetnim-sposobnostima","status":"publish","type":"page","link":"https:\/\/www.bibliotekaplus.rs\/en\/projektna-nastava-u-funkciji-uocavanja-ucenika-sa-izuzetnim-sposobnostima\/","title":{"rendered":"Projektna nastava u funkciji uo\u010davanja u\u010denika sa izuzetnim sposobnostima"},"content":{"rendered":"<div id=\"pl-2091\"  class=\"panel-layout\" ><div id=\"pg-2091-0\"  class=\"panel-grid panel-no-style\" ><div id=\"pgc-2091-0-0\"  class=\"panel-grid-cell\" ><div id=\"panel-2091-0-0-0\" class=\"so-panel widget widget_sow-editor panel-first-child\" data-index=\"0\" ><div\n\t\t\t\n\t\t\tclass=\"so-widget-sow-editor so-widget-sow-editor-base\"\n\t\t\t\n\t\t>\n<div class=\"siteorigin-widget-tinymce textwidget\">\n\t<p>Za uspe\u0161no funkcionisanje dru\u0161tva u celini neophodan je doprinos pojedinaca koji se isti\u010du kvalitetom i u\u010dinkom u razli\u010ditim oblastima. Li\u010dni razvoj je jedan od najva\u017enijih ciljeva savremenog obrazovanja i vaspitanja. Menjanje i prilago\u0111avanje nastavnog procesa je neminovnost ukoliko \u017eelimo da svakom detetu obezbedimo uslove koji \u0107e omogu\u0107iti optimalan razvoj njegovih dispozicija, pru\u017eaju\u0107i posebnu podr\u0161ku, kako deci sa odre\u0111enim smetnjama, tako i darovitima. U svom klasi\u010dnom istra\u017eivanju razvoja talenta Blum i saradnici su ustanovili da nijedan od prou\u010davanih istaknutih pojedinaca na podru\u010dju nauke, umetnosti ili sporta nije dostigao najvi\u0161e domete samostalno, ve\u0107 uz podr\u0161ku, pre svega porodice i u\u010ditelja.<\/p>\n<p><strong>Problem koji se re\u0161ava:<\/strong><\/p>\n<p>Tokom poslednje dve decenije na\u0161 obrazovni sistem zvani\u010dno je zauzeo inkluzivni kurs. Me\u0111utim, izve\u0161taji o dodatnoj podr\u0161ci u\u010denicima u na\u0161im \u0161kolama ukazuju da je inkluzija uglavnom usmerena na u\u010denike sa smetnjama i da je broj u\u010denika koji se obrazuju uz primenu IOP-a 3 zanemarljivo mali. Model projektne nastave otvara mogu\u0107nosti unapre\u0111ivanja same nastave time \u0161to u svojoj osnovi polazi od interesovanja i iskustva u\u010denika, anga\u017euje ih na raznovrsnim,\u00a0 inspirativnim i problemskim zadacima. Na taj na\u010din nastavnik ima mnogo vi\u0161e prilika da sagleda u\u010denika u razli\u010ditim kontekstima i da identifikuje u\u010deni\u010dke specifi\u010dnosti.<\/p>\n<p><strong>Metodologija realizacije:<\/strong><\/p>\n<p>Obuka nastavnika onlajn i neposredna obuka mentora, timski rad nastavnika u \u0161koli: primena ste\u010denih znanja i ve\u0161tina u praksi (planiranje i realizacija projektne nastave i primena tehnika identifikovanja posebnih sposobnosti u\u010denika), mentorska podr\u0161ka putem supervizije i konsultacija. Timska priprema priloga za zbornik.<\/p>\n<p><strong>Ciljna grupa:<\/strong><\/p>\n<ul>\n<li>10 mentora - nastavnici sa iskustvom u realizaciji projektne nastave i\/ili sa ste\u010denim zvanjem pedago\u0161ki savetnik.<\/li>\n<li>40 nastavnika - po 4 nastavnika iz 10 \u0161kola, koji su senzibilisani za temu i koji bi se samostalno prijavili za u\u010de\u0161\u0107e<\/li>\n<\/ul>\n<p><strong>Op\u0161ti cilj: <\/strong><br \/>\nRazvijanje kompetencija nastavnika za unapre\u0111ivanje kvaliteta nastave i identifikovanje u\u010denika sa izuzetnim sposobnostima kroz primenu modela projektne nastave.<\/p>\n<p><strong>Specifi\u010dni ciljevi:<\/strong><\/p>\n<ul>\n<li>Razumevanje koncepta projektnog u\u010denja i razvijanje ve\u0161tina planiranja i realizacije projektne nastave u neposrednom i onlajn okru\u017eenju;<\/li>\n<li>razvijanje ve\u0161tina povezivanja sa standardima, me\u0111upredmetnog povezivanja i planiranja na nivou ustanove;<\/li>\n<li>sticanje znanja i ve\u0161tina pra\u0107enja i vrednovanja postignu\u0107a u\u010denika i kvaliteta projektne nastave;<\/li>\n<li>upoznavanje sa razli\u010ditim teorijama darovitosti i upoznavanje sa karakteristikama emocionalnog i socijalnog razvoja darovitih u\u010denika;<\/li>\n<li>upoznavanje sa indikatorima darovitosti i sticanje ve\u0161tina njihovog uo\u010davanja kod u\u010denika;<\/li>\n<li>unapre\u0111ivanje ve\u0161tina diferenciranja nastave i podsticanja specifi\u010dnih sposobnosti u\u010denika;<\/li>\n<li>podsticanje horizontalnog u\u010denja i unapre\u0111ivanje saradni\u010dkog odnosa me\u0111u nastavnicima;<\/li>\n<li>unapre\u0111ivanje modela mentorskog rada u procesu profesionalnog razvoja nastavnika i stru\u010dnih saradnika.<\/li>\n<\/ul>\n<p><strong>Glavne aktivnosti:<\/strong><\/p>\n<ul>\n<li>Formiranje tima mentora i obuka mentora;<\/li>\n<li>formiranje timova nastavnika iz 10 \u0161kola i obuka nastavnika;<\/li>\n<li>planiranje i realizacija projektne nastave uz podr\u0161ku mentora;<\/li>\n<li>pra\u0107enje i vrednovanje projektnog u\u010denja i postignu\u0107a u\u010denika;<\/li>\n<li>izrada priloga za zbornik radova uz mentorsku pomo\u0107;<\/li>\n<li>zavr\u0161na konferencija sa predstavljanjem rezultata projekta i evaluacijom;<\/li>\n<li>javna promocija zbornika radova.<\/li>\n<\/ul>\n<p><strong>O\u010dekuje se da \u0107e nastavnici koji u\u010destvuju u projektu: <\/strong><\/p>\n<ul>\n<li>umeti da planiraju i realizuju projektno orijentisanu nastavu u neposrednom i onlajn okru\u017eenju;<\/li>\n<li>umeti timski da planiraju projektno u\u010denje na nivou \u0161kole i vr\u0161e me\u0111upredmetno povezivanje;<\/li>\n<li>umeti da prate i vrednuju postignu\u0107a u\u010denika i proces u\u010denja u projektno organizovanom nastavnom procesu;<\/li>\n<li>umeti da identifikuju darovite u\u010denike, diferenciraju nastavu i primene podsticajne tehnike u radu sa u\u010denicima;<\/li>\n<li>u\u010destvovati u radu mre\u017ee nastavnika koji primenjuju projektno u\u010denje, izraditi priloge za zbornik, razmenjivati iskustva i uzajamno se podr\u017eavati i prezentovati svoj rad.<\/li>\n<\/ul>\n<p><strong>O\u010dekuje se da \u0107e u\u010denici koji u\u010destvuju u projektu: <\/strong><\/p>\n<ul>\n<li>unaprediti motivaciju za u\u010denje;<\/li>\n<li>umeti da proceni sopstveni rad, znanja i ve\u0161tine;<\/li>\n<li>umeti da argumentuje i da jasnu povratnu informaciju;<\/li>\n<li>koristiti povratnu informaciju za li\u010dni razvoj i bolji rezultat;<\/li>\n<li>unaprediti ve\u0161tine timskog rada;<\/li>\n<li>unaprediti digitalne kompetencije;<\/li>\n<li>unaprediti ve\u0161tine prezentovanja i javnog nastupa.<\/li>\n<\/ul>\n<p><strong>Period realizacije<\/strong><strong>:<\/strong><br \/>\nProjekat \u0107e biti realizovan u periodu od 15. maja do 30. novembra 2023. godine.<\/p>\n<\/div>\n<\/div><\/div><div id=\"panel-2091-0-0-1\" class=\"so-panel widget widget_sow-post-carousel panel-last-child\" data-index=\"1\" ><div\n\t\t\t\n\t\t\tclass=\"so-widget-sow-post-carousel so-widget-sow-post-carousel-base-0471499d4c66-2091\"\n\t\t\t\n\t\t>\t<div\n\t\tclass=\"sow-post-carousel-wrapper sow-post-carousel-theme-base\"\n\t\tstyle=\"overflow: hidden; max-width: 100%; min-height: 182px\"\n\t>\n\t\t<div class=\"sow-carousel-title has-title\">\n\t<h3 class=\"widget-title\">News<\/h3>\t\t<div class=\"sow-carousel-navigation \">\n\t\t\t\t\t\t<a href=\"#\" class=\"sow-carousel-next\" title=\"Next\" aria-label=\"Next Posts\" role=\"button\"><\/a>\n\t\t\t\t\t\t<a href=\"#\" class=\"sow-carousel-previous\" title=\"Previous\" aria-label=\"Previous Posts\" role=\"button\"><\/a>\n\t\t\t\t\t<\/div>\n\t<\/div>\n\n<div class=\"sow-carousel-container \">\n\t\t<div class=\"sow-carousel-wrapper\"\n\t\tdata-dir=\"ltr\"\n\t\tstyle=\"opacity: 0;\"\n\t\tdata-widget=\"post\" data-fetching=\"false\" data-page=\"1\" data-ajax-url=\"https:\/\/www.bibliotekaplus.rs\/wp-admin\/admin-ajax.php?_widgets_nonce=2662988535\" data-item_count=\"4\" data-carousel_settings=\"{&quot;loop&quot;:true,&quot;animation&quot;:&quot;Ease&quot;,&quot;animation_speed&quot;:800,&quot;autoplay&quot;:&quot;off&quot;,&quot;pauseOnHover&quot;:false,&quot;autoplaySpeed&quot;:8000,&quot;item_overflow&quot;:true,&quot;autoplay_continuous_scroll&quot;:false}\" data-responsive=\"{&quot;desktop_slides_to_scroll&quot;:1,&quot;tablet_landscape_breakpoint&quot;:1366,&quot;tablet_landscape_slides_to_scroll&quot;:2,&quot;tablet_portrait_breakpoint&quot;:1025,&quot;tablet_portrait_slides_to_scroll&quot;:2,&quot;mobile_breakpoint&quot;:480,&quot;mobile_slides_to_scroll&quot;:1}\" data-variable_width=\"true\" \t>\n\t\t<div\n\t\t\tclass=\"sow-carousel-items\"\n\t\t\t\t\t>\n\t\t\t\t<div class=\"sow-carousel-item\" tabindex=\"-1\" style=\"float: left;\">\n\t\t<div class=\"sow-carousel-thumbnail\">\n\t\t\t\t\t\t\t<a\n\t\t\t\t\thref=\"https:\/\/www.bibliotekaplus.rs\/en\/strucnim-skupom-zavrsen-projekat-namenjen-darovitim-ucenicima\/\"\n\t\t\t\t\t\t\t\t\t\tstyle=\"background-image: url( https:\/\/www.bibliotekaplus.rs\/wp-content\/uploads\/2023\/11\/viber_image_2023-11-20_09-34-55-503-e1701211530290-272x182.jpg )\"\n\t\t\t\t\taria-labelledby=\"sow-carousel-id-2126\"\n\t\t\t\t\ttabindex=\"-1\"\n\t\t\t\t>\n\t\t\t\t\t<span class=\"overlay\"><\/span>\n\t\t\t\t<\/a>\n\t\t\t\t\t<\/div>\n\t\t<h3 class=\"sow-carousel-item-title\">\n\t\t\t<a\n\t\t\t\thref=\"https:\/\/www.bibliotekaplus.rs\/en\/strucnim-skupom-zavrsen-projekat-namenjen-darovitim-ucenicima\/\"\n\t\t\t\tid=\"sow-carousel-id-2126\"\n\t\t\t\t\t\t\t\ttabindex=\"-1\"\n\t\t\t>\n\n\t\t\t\t(\u0421\u0440\u043f\u0441\u043a\u0438) \u0421\u0442\u0440\u0443\u0447\u043d\u0438\u043c \u0441\u043a\u0443\u043f\u043e\u043c \u0437\u0430\u0432\u0440\u0448\u0435\u043d \u043f\u0440\u043e\u0458\u0435\u043a\u0430\u0442 \u043d\u0430\u043c\u0435\u045a\u0435\u043d \u0434\u0430\u0440\u043e\u0432\u0438\u0442\u0438\u043c \u0443\u0447\u0435\u043d\u0438\u0446\u0438\u043c\u0430\t\t\t<\/a>\n\t\t<\/h3>\n\t<\/div>\n\t\t<div class=\"sow-carousel-item\" tabindex=\"-1\" style=\"float: left;\">\n\t\t<div class=\"sow-carousel-thumbnail\">\n\t\t\t\t\t\t\t<a\n\t\t\t\t\thref=\"https:\/\/www.bibliotekaplus.rs\/en\/akreditovani-strucni-skup-u-novembru\/\"\n\t\t\t\t\t\t\t\t\t\tstyle=\"background-image: url( https:\/\/www.bibliotekaplus.rs\/wp-content\/uploads\/2023\/08\/PU-u-fun-uocavanja-ucenika-sa-izuzetnim-spos-272x182.jpg )\"\n\t\t\t\t\taria-labelledby=\"sow-carousel-id-2106\"\n\t\t\t\t\ttabindex=\"-1\"\n\t\t\t\t>\n\t\t\t\t\t<span class=\"overlay\"><\/span>\n\t\t\t\t<\/a>\n\t\t\t\t\t<\/div>\n\t\t<h3 class=\"sow-carousel-item-title\">\n\t\t\t<a\n\t\t\t\thref=\"https:\/\/www.bibliotekaplus.rs\/en\/akreditovani-strucni-skup-u-novembru\/\"\n\t\t\t\tid=\"sow-carousel-id-2106\"\n\t\t\t\t\t\t\t\ttabindex=\"-1\"\n\t\t\t>\n\n\t\t\t\t(\u0421\u0440\u043f\u0441\u043a\u0438) \u0410\u043a\u0440\u0435\u0434\u0438\u0442\u043e\u0432\u0430\u043d\u0438 \u0441\u0442\u0440\u0443\u0447\u043d\u0438 \u0441\u043a\u0443\u043f \u0443 \u043d\u043e\u0432\u0435\u043c\u0431\u0440\u0443\t\t\t<\/a>\n\t\t<\/h3>\n\t<\/div>\n\t\t<div class=\"sow-carousel-item\" tabindex=\"-1\" style=\"float: left;\">\n\t\t<div class=\"sow-carousel-thumbnail\">\n\t\t\t\t\t\t\t<a\n\t\t\t\t\thref=\"https:\/\/www.bibliotekaplus.rs\/en\/odabrane-skole-za-ucesce-u-projektu-biblioteke-plus\/\"\n\t\t\t\t\t\t\t\t\t\tstyle=\"background-image: url( https:\/\/www.bibliotekaplus.rs\/wp-content\/uploads\/2023\/05\/skole-u-projektu-272x182.jpg )\"\n\t\t\t\t\taria-labelledby=\"sow-carousel-id-2072\"\n\t\t\t\t\ttabindex=\"-1\"\n\t\t\t\t>\n\t\t\t\t\t<span class=\"overlay\"><\/span>\n\t\t\t\t<\/a>\n\t\t\t\t\t<\/div>\n\t\t<h3 class=\"sow-carousel-item-title\">\n\t\t\t<a\n\t\t\t\thref=\"https:\/\/www.bibliotekaplus.rs\/en\/odabrane-skole-za-ucesce-u-projektu-biblioteke-plus\/\"\n\t\t\t\tid=\"sow-carousel-id-2072\"\n\t\t\t\t\t\t\t\ttabindex=\"-1\"\n\t\t\t>\n\n\t\t\t\t(\u0421\u0440\u043f\u0441\u043a\u0438) \u041e\u0434\u0430\u0431\u0440\u0430\u043d\u0435 \u0448\u043a\u043e\u043b\u0435 \u0437\u0430 \u0443\u0447\u0435\u0448\u045b\u0435 \u0443 \u043f\u0440\u043e\u0458\u0435\u043a\u0442\u0443 \u0411\u0438\u0431\u043b\u0438\u043e\u0442\u0435\u043a\u0435 \u043f\u043b\u0443\u0441\t\t\t<\/a>\n\t\t<\/h3>\n\t<\/div>\n\t\t<div class=\"sow-carousel-item\" tabindex=\"-1\" style=\"float: left;\">\n\t\t<div class=\"sow-carousel-thumbnail\">\n\t\t\t\t\t\t\t<a\n\t\t\t\t\thref=\"https:\/\/www.bibliotekaplus.rs\/en\/javni-poziv-za-ucesce-u-projektu-projektna-nastava-u-funkciji-uocavanja-ucenika-sa-izuzetnim-sposobnostima\/\"\n\t\t\t\t\t\t\t\t\t\tstyle=\"background-image: url( https:\/\/www.bibliotekaplus.rs\/wp-content\/uploads\/2023\/05\/projektna-nastava-is-fb-cover-272x182.jpg )\"\n\t\t\t\t\taria-labelledby=\"sow-carousel-id-2051\"\n\t\t\t\t\ttabindex=\"-1\"\n\t\t\t\t>\n\t\t\t\t\t<span class=\"overlay\"><\/span>\n\t\t\t\t<\/a>\n\t\t\t\t\t<\/div>\n\t\t<h3 class=\"sow-carousel-item-title\">\n\t\t\t<a\n\t\t\t\thref=\"https:\/\/www.bibliotekaplus.rs\/en\/javni-poziv-za-ucesce-u-projektu-projektna-nastava-u-funkciji-uocavanja-ucenika-sa-izuzetnim-sposobnostima\/\"\n\t\t\t\tid=\"sow-carousel-id-2051\"\n\t\t\t\t\t\t\t\ttabindex=\"-1\"\n\t\t\t>\n\n\t\t\t\t(\u0421\u0440\u043f\u0441\u043a\u0438) \u0408\u0430\u0432\u043d\u0438 \u043f\u043e\u0437\u0438\u0432 \u0437\u0430 \u0443\u0447\u0435\u0448\u045b\u0435 \u0443 \u043f\u0440\u043e\u0458\u0435\u043a\u0442\u0443 \u201e\u041f\u0440\u043e\u0458\u0435\u043a\u0442\u043d\u0430 \u043d\u0430\u0441\u0442\u0430\u0432\u0430 \u0443 \u0444\u0443\u043d\u043a\u0446\u0438\u0458\u0438 \u0443\u043e\u0447\u0430\u0432\u0430\u045a\u0430 \u0443\u0447\u0435\u043d\u0438\u043a\u0430 \u0441\u0430 \u0438\u0437\u0443\u0437\u0435\u0442\u043d\u0438\u043c \u0441\u043f\u043e\u0441\u043e\u0431\u043d\u043e\u0441\u0442\u0438\u043c\u0430\u201c\t\t\t<\/a>\n\t\t<\/h3>\n\t<\/div>\n\t\t\t<\/div>\n\t\t\t<\/div>\n\n\t<\/div>\n\t\t<input type=\"hidden\" name=\"instance_hash\" value=\"d70afc18\"\/>\n\t<\/div>\n<\/div><\/div><\/div><\/div><\/div>","protected":false},"excerpt":{"rendered":"<p>Za uspe\u0161no funkcionisanje dru\u0161tva u celini neophodan je doprinos pojedinaca koji se isti\u010du kvalitetom i u\u010dinkom u razli\u010ditim oblastima. Li\u010dni razvoj je jedan od najva\u017enijih ciljeva savremenog obrazovanja i vaspitanja. Menjanje i prilago\u0111avanje nastavnog procesa je neminovnost ukoliko \u017eelimo da svakom detetu obezbedimo uslove koji \u0107e omogu\u0107iti optimalan razvoj njegovih dispozicija, pru\u017eaju\u0107i posebnu podr\u0161ku, kako [&hellip;]<\/p>\n","protected":false},"author":1,"featured_media":2054,"parent":0,"menu_order":0,"comment_status":"closed","ping_status":"closed","template":"","meta":{"footnotes":"","_wp_rev_ctl_limit":""},"class_list":["post-2091","page","type-page","status-publish","has-post-thumbnail","hentry","post"],"_links":{"self":[{"href":"https:\/\/www.bibliotekaplus.rs\/en\/wp-json\/wp\/v2\/pages\/2091","targetHints":{"allow":["GET"]}}],"collection":[{"href":"https:\/\/www.bibliotekaplus.rs\/en\/wp-json\/wp\/v2\/pages"}],"about":[{"href":"https:\/\/www.bibliotekaplus.rs\/en\/wp-json\/wp\/v2\/types\/page"}],"author":[{"embeddable":true,"href":"https:\/\/www.bibliotekaplus.rs\/en\/wp-json\/wp\/v2\/users\/1"}],"replies":[{"embeddable":true,"href":"https:\/\/www.bibliotekaplus.rs\/en\/wp-json\/wp\/v2\/comments?post=2091"}],"version-history":[{"count":5,"href":"https:\/\/www.bibliotekaplus.rs\/en\/wp-json\/wp\/v2\/pages\/2091\/revisions"}],"predecessor-version":[{"id":2099,"href":"https:\/\/www.bibliotekaplus.rs\/en\/wp-json\/wp\/v2\/pages\/2091\/revisions\/2099"}],"wp:featuredmedia":[{"embeddable":true,"href":"https:\/\/www.bibliotekaplus.rs\/en\/wp-json\/wp\/v2\/media\/2054"}],"wp:attachment":[{"href":"https:\/\/www.bibliotekaplus.rs\/en\/wp-json\/wp\/v2\/media?parent=2091"}],"curies":[{"name":"wp","href":"https:\/\/api.w.org\/{rel}","templated":true}]}}