{"id":1734,"date":"2021-10-28T09:50:57","date_gmt":"2021-10-28T07:50:57","guid":{"rendered":"https:\/\/www.bibliotekaplus.rs\/?page_id=1734"},"modified":"2021-10-28T09:51:18","modified_gmt":"2021-10-28T07:51:18","slug":"javni-servis-nasledje-i-buducnost","status":"publish","type":"page","link":"https:\/\/www.bibliotekaplus.rs\/en\/obrazovni-materijali\/javni-servis-nasledje-i-buducnost\/","title":{"rendered":"(\u0421\u0440\u043f\u0441\u043a\u0438) \u0408\u0430\u0432\u043d\u0438 \u0441\u0435\u0440\u0432\u0438\u0441 \u2013 \u043d\u0430\u0441\u043b\u0435\u0452\u0435 \u0438 \u0431\u0443\u0434\u0443\u045b\u043d\u043e\u0441\u0442"},"content":{"rendered":"<div id=\"pl-1734\"  class=\"panel-layout\" ><div id=\"pg-1734-0\"  class=\"panel-grid panel-no-style\" ><div id=\"pgc-1734-0-0\"  class=\"panel-grid-cell\" ><div id=\"panel-1734-0-0-0\" class=\"so-panel widget widget_sow-editor panel-first-child panel-last-child\" data-index=\"0\" ><div\n\t\t\t\n\t\t\tclass=\"so-widget-sow-editor so-widget-sow-editor-base\"\n\t\t\t\n\t\t>\n<div class=\"siteorigin-widget-tinymce textwidget\">\n\t<p><!-- wp:list --><\/p>\n<p><!-- \/wp:heading --><\/p>\n<p><!-- wp:list --><\/p>\n\r\n<div id=\"slider-pro-3\" class=\"slider-pro sp-no-js\" style=\"width: 960px; height: 720px;\">\r\n\t<div class=\"sp-slides\">\r\n\t\t\r\n\t\t<div class=\"sp-slide\">\r\n\t\t\t<a class=\"\" href=\"https:\/\/www.bibliotekaplus.rs\/wp-content\/uploads\/2021\/10\/Slide1.jpg\" target=\"_self\">\r\n\t\t\t\t<img loading=\"lazy\" decoding=\"async\" class=\"sp-image\" src=\"https:\/\/www.bibliotekaplus.rs\/wp-content\/plugins\/sliderpro\/public\/assets\/css\/images\/blank.gif\" data-src=\"https:\/\/www.bibliotekaplus.rs\/wp-content\/uploads\/2021\/10\/Slide1.jpg\" width=\"960\" height=\"720\" \/>\r\n\t\t\t<\/a>\r\n\t\t\t\r\n\t\t<\/div>\r\n\t\t<div class=\"sp-slide\">\r\n\t\t\t<a class=\"\" href=\"https:\/\/www.bibliotekaplus.rs\/wp-content\/uploads\/2021\/10\/Slide2.jpg\" target=\"_self\">\r\n\t\t\t\t<img loading=\"lazy\" decoding=\"async\" class=\"sp-image\" src=\"https:\/\/www.bibliotekaplus.rs\/wp-content\/plugins\/sliderpro\/public\/assets\/css\/images\/blank.gif\" data-src=\"https:\/\/www.bibliotekaplus.rs\/wp-content\/uploads\/2021\/10\/Slide2.jpg\" width=\"960\" height=\"720\" \/>\r\n\t\t\t<\/a>\r\n\t\t\t\r\n\t\t<\/div>\r\n\t\t<div class=\"sp-slide\">\r\n\t\t\t<a class=\"\" href=\"https:\/\/www.bibliotekaplus.rs\/wp-content\/uploads\/2021\/10\/Slide3.jpg\" target=\"_self\">\r\n\t\t\t\t<img loading=\"lazy\" decoding=\"async\" class=\"sp-image\" src=\"https:\/\/www.bibliotekaplus.rs\/wp-content\/plugins\/sliderpro\/public\/assets\/css\/images\/blank.gif\" data-src=\"https:\/\/www.bibliotekaplus.rs\/wp-content\/uploads\/2021\/10\/Slide3.jpg\" width=\"960\" height=\"720\" \/>\r\n\t\t\t<\/a>\r\n\t\t\t\r\n\t\t<\/div>\r\n\t\t<div class=\"sp-slide\">\r\n\t\t\t<a class=\"\" href=\"https:\/\/www.bibliotekaplus.rs\/wp-content\/uploads\/2021\/10\/Slide4.jpg\" target=\"_self\">\r\n\t\t\t\t<img loading=\"lazy\" decoding=\"async\" class=\"sp-image\" src=\"https:\/\/www.bibliotekaplus.rs\/wp-content\/plugins\/sliderpro\/public\/assets\/css\/images\/blank.gif\" data-src=\"https:\/\/www.bibliotekaplus.rs\/wp-content\/uploads\/2021\/10\/Slide4.jpg\" width=\"960\" height=\"720\" \/>\r\n\t\t\t<\/a>\r\n\t\t\t\r\n\t\t<\/div>\r\n\t<\/div>\r\n<\/div>\n<p>&nbsp;<\/p>\n<\/div>\n<\/div><\/div><\/div><div id=\"pgc-1734-0-1\"  class=\"panel-grid-cell\" ><div id=\"panel-1734-0-1-0\" class=\"so-panel widget widget_sow-editor panel-first-child panel-last-child\" data-index=\"1\" ><div\n\t\t\t\n\t\t\tclass=\"so-widget-sow-editor so-widget-sow-editor-base\"\n\t\t\t\n\t\t>\n<div class=\"siteorigin-widget-tinymce textwidget\">\n\t<ul>\n<li><strong>Prof. Miroljub Radojkovi\u0107 <em>Javni servis \u2013 nasle\u0111e i budu\u0107nost<br \/>\n<\/em><\/strong><\/li>\n<\/ul>\n<p>Prezentacija prof. Miroljuba Radojkovi\u0107a na regionalnoj konferenciji <em><strong>Javni servis \u2013 nasle\u0111e i budu\u0107nost<\/strong><\/em>, odr\u017eanoj 25. i 26. februara 2021. godine.<\/p>\n<\/div>\n<\/div><\/div><\/div><\/div><\/div>","protected":false},"excerpt":{"rendered":"<p>&nbsp; Prof. Miroljub Radojkovi\u0107 Javni servis \u2013 nasle\u0111e i budu\u0107nost Prezentacija prof. Miroljuba Radojkovi\u0107a na regionalnoj konferenciji Javni servis \u2013 nasle\u0111e i budu\u0107nost, odr\u017eanoj 25. i 26. februara 2021. godine.<\/p>\n","protected":false},"author":1,"featured_media":0,"parent":673,"menu_order":0,"comment_status":"closed","ping_status":"closed","template":"","meta":{"footnotes":"","_wp_rev_ctl_limit":""},"class_list":["post-1734","page","type-page","status-publish","hentry","post"],"_links":{"self":[{"href":"https:\/\/www.bibliotekaplus.rs\/en\/wp-json\/wp\/v2\/pages\/1734","targetHints":{"allow":["GET"]}}],"collection":[{"href":"https:\/\/www.bibliotekaplus.rs\/en\/wp-json\/wp\/v2\/pages"}],"about":[{"href":"https:\/\/www.bibliotekaplus.rs\/en\/wp-json\/wp\/v2\/types\/page"}],"author":[{"embeddable":true,"href":"https:\/\/www.bibliotekaplus.rs\/en\/wp-json\/wp\/v2\/users\/1"}],"replies":[{"embeddable":true,"href":"https:\/\/www.bibliotekaplus.rs\/en\/wp-json\/wp\/v2\/comments?post=1734"}],"version-history":[{"count":2,"href":"https:\/\/www.bibliotekaplus.rs\/en\/wp-json\/wp\/v2\/pages\/1734\/revisions"}],"predecessor-version":[{"id":1736,"href":"https:\/\/www.bibliotekaplus.rs\/en\/wp-json\/wp\/v2\/pages\/1734\/revisions\/1736"}],"up":[{"embeddable":true,"href":"https:\/\/www.bibliotekaplus.rs\/en\/wp-json\/wp\/v2\/pages\/673"}],"wp:attachment":[{"href":"https:\/\/www.bibliotekaplus.rs\/en\/wp-json\/wp\/v2\/media?parent=1734"}],"curies":[{"name":"wp","href":"https:\/\/api.w.org\/{rel}","templated":true}]}}