{"id":1651,"date":"2021-10-14T17:20:03","date_gmt":"2021-10-14T15:20:03","guid":{"rendered":"https:\/\/www.bibliotekaplus.rs\/?page_id=1651"},"modified":"2021-10-14T17:21:00","modified_gmt":"2021-10-14T15:21:00","slug":"gordana-ljubanovic","status":"publish","type":"page","link":"https:\/\/www.bibliotekaplus.rs\/en\/gordana-ljubanovic\/","title":{"rendered":"Gordana Ljubanovi\u0107"},"content":{"rendered":"<p><img loading=\"lazy\" decoding=\"async\" class=\"alignleft wp-image-1206 size-medium\" src=\"https:\/\/www.bibliotekaplus.rs\/wp-content\/uploads\/2021\/09\/IMG_20210604_122151-224x300.jpg\" alt=\"\" width=\"224\" height=\"300\" srcset=\"https:\/\/www.bibliotekaplus.rs\/wp-content\/uploads\/2021\/09\/IMG_20210604_122151-224x300.jpg 224w, https:\/\/www.bibliotekaplus.rs\/wp-content\/uploads\/2021\/09\/IMG_20210604_122151-766x1024.jpg 766w, https:\/\/www.bibliotekaplus.rs\/wp-content\/uploads\/2021\/09\/IMG_20210604_122151-768x1027.jpg 768w, https:\/\/www.bibliotekaplus.rs\/wp-content\/uploads\/2021\/09\/IMG_20210604_122151-1149x1536.jpg 1149w, https:\/\/www.bibliotekaplus.rs\/wp-content\/uploads\/2021\/09\/IMG_20210604_122151-1532x2048.jpg 1532w, https:\/\/www.bibliotekaplus.rs\/wp-content\/uploads\/2021\/09\/IMG_20210604_122151-scaled.jpg 1915w\" sizes=\"auto, (max-width: 224px) 100vw, 224px\" \/>Specijalista bibliotekarstva i informatike, bibliotekar-savetnik. Posle Biblioteke grada Beograda, Narodne biblioteke Srbije i Nacionalne biblioteke Crne Gore \u201e\u0110ur\u0111e Crnojevi\u0107\u201c, trenutno je usidrena u Narodnoj biblioteci Budve gde vodi Odeljenje zavi\u010dajne zbirke i Digitalnu biblioteku Budve.<\/p>\n<p>Jedan od osniva\u010da \u201eBiblioteke Plus\u201c.<\/p>\n<p>Od 2012. osmi\u0161ljava i organizuje programe stru\u010dnog usavr\u0161avanja iz informacione i medijske pismenosti, namenjene bibliotekarima, nastavnicima, korisnicima biblioteka i u\u010denicima. Autor i voditelj oflajn i onlajn obrazovnih programa, autor dva jednogodi\u0161nja projekta iz Programa UNESKO Participacija. \u010clan crnogorske nacionalne Koalicije za informacionu i medijsku pismenost. Sertifikovani IREKS trener. Prevodilac stru\u010dne literature iz informaciono-medijske oblasti (engleski) i autor tekstova iz bibliote\u010dko-informacione struke.<\/p>","protected":false},"excerpt":{"rendered":"<p>Specijalista bibliotekarstva i informatike, bibliotekar-savetnik. Posle Biblioteke grada Beograda, Narodne biblioteke Srbije i Nacionalne biblioteke Crne Gore \u201e\u0110ur\u0111e Crnojevi\u0107\u201c, trenutno je usidrena u Narodnoj biblioteci Budve gde vodi Odeljenje zavi\u010dajne zbirke i Digitalnu biblioteku Budve. Jedan od osniva\u010da \u201eBiblioteke Plus\u201c. Od 2012. osmi\u0161ljava i organizuje programe stru\u010dnog usavr\u0161avanja iz informacione i medijske pismenosti, namenjene bibliotekarima, [&hellip;]<\/p>\n","protected":false},"author":1,"featured_media":0,"parent":0,"menu_order":0,"comment_status":"closed","ping_status":"closed","template":"","meta":{"footnotes":"","_wp_rev_ctl_limit":""},"class_list":["post-1651","page","type-page","status-publish","hentry","post"],"_links":{"self":[{"href":"https:\/\/www.bibliotekaplus.rs\/en\/wp-json\/wp\/v2\/pages\/1651","targetHints":{"allow":["GET"]}}],"collection":[{"href":"https:\/\/www.bibliotekaplus.rs\/en\/wp-json\/wp\/v2\/pages"}],"about":[{"href":"https:\/\/www.bibliotekaplus.rs\/en\/wp-json\/wp\/v2\/types\/page"}],"author":[{"embeddable":true,"href":"https:\/\/www.bibliotekaplus.rs\/en\/wp-json\/wp\/v2\/users\/1"}],"replies":[{"embeddable":true,"href":"https:\/\/www.bibliotekaplus.rs\/en\/wp-json\/wp\/v2\/comments?post=1651"}],"version-history":[{"count":2,"href":"https:\/\/www.bibliotekaplus.rs\/en\/wp-json\/wp\/v2\/pages\/1651\/revisions"}],"predecessor-version":[{"id":1653,"href":"https:\/\/www.bibliotekaplus.rs\/en\/wp-json\/wp\/v2\/pages\/1651\/revisions\/1653"}],"wp:attachment":[{"href":"https:\/\/www.bibliotekaplus.rs\/en\/wp-json\/wp\/v2\/media?parent=1651"}],"curies":[{"name":"wp","href":"https:\/\/api.w.org\/{rel}","templated":true}]}}