{"id":1296,"date":"2021-09-23T12:36:15","date_gmt":"2021-09-23T10:36:15","guid":{"rendered":"http:\/\/www.bibliotekaplus.rs\/b_plus\/?page_id=1296"},"modified":"2021-09-24T18:15:14","modified_gmt":"2021-09-24T16:15:14","slug":"dr-dusan-ristanovic","status":"publish","type":"page","link":"https:\/\/www.bibliotekaplus.rs\/en\/dr-dusan-ristanovic\/","title":{"rendered":"Du\u0161an Ristanovic\u0301"},"content":{"rendered":"<p><img loading=\"lazy\" decoding=\"async\" class=\"alignright wp-image-1297 size-medium\" src=\"http:\/\/www.bibliotekaplus.rs\/b_plus\/wp-content\/uploads\/2021\/09\/Dusan-Ristanovic-3-300x300.jpg\" alt=\"\" width=\"300\" height=\"300\" srcset=\"https:\/\/www.bibliotekaplus.rs\/wp-content\/uploads\/2021\/09\/Dusan-Ristanovic-3-300x300.jpg 300w, https:\/\/www.bibliotekaplus.rs\/wp-content\/uploads\/2021\/09\/Dusan-Ristanovic-3-150x150.jpg 150w, https:\/\/www.bibliotekaplus.rs\/wp-content\/uploads\/2021\/09\/Dusan-Ristanovic-3.jpg 512w\" sizes=\"auto, (max-width: 300px) 100vw, 300px\" \/><strong>Du\u0161an Ristanovic\u0301<\/strong> (1974), vanredni je profesor Univerziteta u Kragujevcu, na Pedago\u0161kom fakultetu u Jagodini. Njegov nau\u010dni rad uglavnom je fokusiran na prou\u010davanje inkiri-orijentisanog pristupa u nastavi, sa posebnim naglaskom na teorijska i empirijska istra\u017eivanja o primeni projektnog u\u010denja. Jedan je od malog broja nau\u010dnika u Srbiji koji se sveobuhvatno i kontinuirano bave projektnim u\u010denjem, o \u010demu svedo\u010di veliki broj nau\u010dnih i stru\u010dnih radova na tu temu. Tako\u0111e, autor je i voditelj u akreditovanom programu kontinuiranog profesionalnog razvoja nastavnika, vaspita\u010da i stru\u010dnih saradnika, koji se naziva Projektni model nastave. Njegova temeljnost u radu i aktuelnost i kvalitet predlo\u017eenih re\u0161enja za pobolj\u0161anje nastavnog programa i nastave prepoznati su na fakultetu na kojem radi, gde obavlja funkciju rukovodioca Centra za inovacije i razvoj kurikuluma. U\u010destvovao je ili u\u010destvuje u radu nekoliko stru\u010dnih timova koji sara\u0111uju sa Ministarstvom prosvete, nauke i tehnolo\u0161kog razvoja i Agencijom za unapre\u0111ivanje obrazovanja i vaspitanja.<\/p>","protected":false},"excerpt":{"rendered":"<p>Du\u0161an Ristanovic\u0301 (1974), vanredni je profesor Univerziteta u Kragujevcu, na Pedago\u0161kom fakultetu u Jagodini. Njegov nau\u010dni rad uglavnom je fokusiran na prou\u010davanje inkiri-orijentisanog pristupa u nastavi, sa posebnim naglaskom na teorijska i empirijska istra\u017eivanja o primeni projektnog u\u010denja. Jedan je od malog broja nau\u010dnika u Srbiji koji se sveobuhvatno i kontinuirano bave projektnim u\u010denjem, o [&hellip;]<\/p>\n","protected":false},"author":1,"featured_media":1297,"parent":0,"menu_order":0,"comment_status":"closed","ping_status":"closed","template":"","meta":{"footnotes":"","_wp_rev_ctl_limit":""},"class_list":["post-1296","page","type-page","status-publish","has-post-thumbnail","hentry","post"],"_links":{"self":[{"href":"https:\/\/www.bibliotekaplus.rs\/en\/wp-json\/wp\/v2\/pages\/1296","targetHints":{"allow":["GET"]}}],"collection":[{"href":"https:\/\/www.bibliotekaplus.rs\/en\/wp-json\/wp\/v2\/pages"}],"about":[{"href":"https:\/\/www.bibliotekaplus.rs\/en\/wp-json\/wp\/v2\/types\/page"}],"author":[{"embeddable":true,"href":"https:\/\/www.bibliotekaplus.rs\/en\/wp-json\/wp\/v2\/users\/1"}],"replies":[{"embeddable":true,"href":"https:\/\/www.bibliotekaplus.rs\/en\/wp-json\/wp\/v2\/comments?post=1296"}],"version-history":[{"count":4,"href":"https:\/\/www.bibliotekaplus.rs\/en\/wp-json\/wp\/v2\/pages\/1296\/revisions"}],"predecessor-version":[{"id":1473,"href":"https:\/\/www.bibliotekaplus.rs\/en\/wp-json\/wp\/v2\/pages\/1296\/revisions\/1473"}],"wp:featuredmedia":[{"embeddable":true,"href":"https:\/\/www.bibliotekaplus.rs\/en\/wp-json\/wp\/v2\/media\/1297"}],"wp:attachment":[{"href":"https:\/\/www.bibliotekaplus.rs\/en\/wp-json\/wp\/v2\/media?parent=1296"}],"curies":[{"name":"wp","href":"https:\/\/api.w.org\/{rel}","templated":true}]}}