{"id":1293,"date":"2021-09-23T12:35:08","date_gmt":"2021-09-23T10:35:08","guid":{"rendered":"http:\/\/www.bibliotekaplus.rs\/b_plus\/?page_id=1293"},"modified":"2021-10-14T17:11:06","modified_gmt":"2021-10-14T15:11:06","slug":"mirko-markovic","status":"publish","type":"page","link":"https:\/\/www.bibliotekaplus.rs\/en\/mirko-markovic\/","title":{"rendered":"Mirko Markovic\u0301"},"content":{"rendered":"<p><img loading=\"lazy\" decoding=\"async\" class=\"size-full wp-image-1294 alignleft\" src=\"http:\/\/www.bibliotekaplus.rs\/wp-content\/uploads\/2021\/09\/Mirko-Markovic.jpg\" alt=\"\" width=\"192\" height=\"262\" \/><\/p>\n<p><strong>Mirko Markovic\u0301<\/strong> (1971) je pedago\u0161ki savetnik i profesor filozofije u Gimnaziji \u201eVuk Karad\u017eic\u0301&#8221; u Loznici. U svom profesionalnom radu posebno se bavi temama u vezi sa projektnim u\u010denjem, medijskom i informacionom pismeno\u0161\u0107u te karijernim vo\u0111enjem i savetovanjem. Autor je ili koautor 18 nau\u010dnih i stru\u010dnih radova, pet priru\u010dnika za nastavnike i \u010detiri akreditovana programa stru\u010dnog usavr\u0161avanja nastavnika. Saradnik je Zavoda za unapre\u0111ivanje obrazovanja i vaspitanja i Zavoda za vrednovanje kvaliteta obrazovanja i vaspitanja na ocenjivanju kvaliteta rukopisa u ud\u017ebenicima, razvoju programa nastave i u\u010denja za unapre\u0111enje digitalne, medijske i Informacione pismenosti. Tako\u0111e je saradnik Filozofskog fakulteta Univerziteta u Novom Sadu na izvo\u0111enju prakti\u010dne nastave iz predmeta Metodologija nastave filozofije i Fondacije Tempus &#8211; nacionalnog centra mre\u017ee <em>Euroguidance<\/em>. Ostvario je preko 2000 sati mentorskog rada sa nastavnicima pripravnicima i pripravnicima. Ima veliko iskustvo kao u\u010desnik i implementator brojnih projekata za pobolj\u0161anje medijske i informacione pismenosti prema preporukama EU koje podr\u017eava Evropska komisija.<\/p>","protected":false},"excerpt":{"rendered":"<p>Mirko Markovic\u0301 (1971) je pedago\u0161ki savetnik i profesor filozofije u Gimnaziji \u201eVuk Karad\u017eic\u0301&#8221; u Loznici. U svom profesionalnom radu posebno se bavi temama u vezi sa projektnim u\u010denjem, medijskom i informacionom pismeno\u0161\u0107u te karijernim vo\u0111enjem i savetovanjem. Autor je ili koautor 18 nau\u010dnih i stru\u010dnih radova, pet priru\u010dnika za nastavnike i \u010detiri akreditovana programa stru\u010dnog [&hellip;]<\/p>\n","protected":false},"author":1,"featured_media":1294,"parent":0,"menu_order":0,"comment_status":"closed","ping_status":"closed","template":"","meta":{"footnotes":"","_wp_rev_ctl_limit":""},"class_list":["post-1293","page","type-page","status-publish","has-post-thumbnail","hentry","post"],"_links":{"self":[{"href":"https:\/\/www.bibliotekaplus.rs\/en\/wp-json\/wp\/v2\/pages\/1293","targetHints":{"allow":["GET"]}}],"collection":[{"href":"https:\/\/www.bibliotekaplus.rs\/en\/wp-json\/wp\/v2\/pages"}],"about":[{"href":"https:\/\/www.bibliotekaplus.rs\/en\/wp-json\/wp\/v2\/types\/page"}],"author":[{"embeddable":true,"href":"https:\/\/www.bibliotekaplus.rs\/en\/wp-json\/wp\/v2\/users\/1"}],"replies":[{"embeddable":true,"href":"https:\/\/www.bibliotekaplus.rs\/en\/wp-json\/wp\/v2\/comments?post=1293"}],"version-history":[{"count":5,"href":"https:\/\/www.bibliotekaplus.rs\/en\/wp-json\/wp\/v2\/pages\/1293\/revisions"}],"predecessor-version":[{"id":1648,"href":"https:\/\/www.bibliotekaplus.rs\/en\/wp-json\/wp\/v2\/pages\/1293\/revisions\/1648"}],"wp:featuredmedia":[{"embeddable":true,"href":"https:\/\/www.bibliotekaplus.rs\/en\/wp-json\/wp\/v2\/media\/1294"}],"wp:attachment":[{"href":"https:\/\/www.bibliotekaplus.rs\/en\/wp-json\/wp\/v2\/media?parent=1293"}],"curies":[{"name":"wp","href":"https:\/\/api.w.org\/{rel}","templated":true}]}}