{"id":1248,"date":"2021-09-22T14:36:27","date_gmt":"2021-09-22T12:36:27","guid":{"rendered":"http:\/\/www.bibliotekaplus.rs\/b_plus\/?page_id=1248"},"modified":"2021-10-14T17:04:59","modified_gmt":"2021-10-14T15:04:59","slug":"dr-miroljub-radojkovic","status":"publish","type":"page","link":"https:\/\/www.bibliotekaplus.rs\/en\/dr-miroljub-radojkovic\/","title":{"rendered":"dr Miroljub Radojkovi\u0107"},"content":{"rendered":"<p><img loading=\"lazy\" decoding=\"async\" class=\"alignleft wp-image-1208 size-full\" src=\"http:\/\/www.bibliotekaplus.rs\/wp-content\/uploads\/2021\/09\/Miroljub-Radojkovia.jpg\" alt=\"\" width=\"183\" height=\"276\" \/><\/p>\n<p><strong>dr Miroljub Radojkovi\u0107<\/strong>, na Fakultetu politi\u010dkih nauka na kojem je diplomirao proveo je potom 45 godina radnog veka pro\u0161av\u0161i sva zvanja od asistenta pripravnika do redovnog profesora. Tokom karijere predavao je predmete: Savremeni informaciono-komunikacioni sistemi, Javno mnjenje, Teorija informacija i komunikacija, Komunikologija i Me\u0111unarodno komuniciranje. Za sve pomenute kurseve napisao knjige koje se koriste kao ud\u017ebenici. Knjiga <em>Osnove komunikologije<\/em> koristi se kao ud\u017ebenik na studijama novinarstva u Beogradu, Novom Sadu, Ni\u0161u, Sarajevu i Osjeku. Isti je slu\u010daj sa knjigom <em>Savremeni informaciono-komunikacioni sistemi<\/em>. Knjiga <em>Komunikacije, mediji i dru\u0161tvo<\/em> se koristi kao ud\u017ebenik na U\u010diteljskom fakultetu u Beogradu. U nau\u010dnu upotrebu su u\u0161li pojmovi ovog autora kao \u0161to su \u201ekomunikologija\u201c i \u201einformaciono-komunikacioni sistem\u201c. Na drugom stepenu studija (master i doktorski) predaje kurseve Mediji i dru\u0161tvo i Kultura i komunikacije.<\/p>\n<p>Tokom studija i do sticanja doktorata bavio se novinarskim radom u TV Beograd i na Radio Indeksu, kao novinar, urednik informativne emisije, \u010dlan tima emisije \u201eReflektor\u201c  i dopisnik  TV Beograd. Bio je \u010dlan Nacionalne komisije za UNESKO za komunikacije i u\u010desnik dve generalne konferencije ove me\u0111unarodne organizacije. Bio je \u010dlan prvog saziva Republi\u010dke radiodifuzne agencije (RRA) od 2003. do 2005. godine. \u010clan je Me\u0111unarodne asocijacije za istra\u017eivanje medija i komunikacija (IAMCR) od 1975. godine. U Evropskoj asocijaciji za istra\u017eivanje komunikacija (EKREA) je institucionalni koordinator za istra\u017eiva\u010de sa Univerziteta u Beogradu.<\/p>","protected":false},"excerpt":{"rendered":"<p>dr Miroljub Radojkovi\u0107, na Fakultetu politi\u010dkih nauka na kojem je diplomirao proveo je potom 45 godina radnog veka pro\u0161av\u0161i sva zvanja od asistenta pripravnika do redovnog profesora. Tokom karijere predavao je predmete: Savremeni informaciono-komunikacioni sistemi, Javno mnjenje, Teorija informacija i komunikacija, Komunikologija i Me\u0111unarodno komuniciranje. Za sve pomenute kurseve napisao knjige koje se koriste kao [&hellip;]<\/p>\n","protected":false},"author":1,"featured_media":1208,"parent":0,"menu_order":0,"comment_status":"closed","ping_status":"closed","template":"","meta":{"footnotes":"","_wp_rev_ctl_limit":""},"class_list":["post-1248","page","type-page","status-publish","has-post-thumbnail","hentry","post"],"_links":{"self":[{"href":"https:\/\/www.bibliotekaplus.rs\/en\/wp-json\/wp\/v2\/pages\/1248","targetHints":{"allow":["GET"]}}],"collection":[{"href":"https:\/\/www.bibliotekaplus.rs\/en\/wp-json\/wp\/v2\/pages"}],"about":[{"href":"https:\/\/www.bibliotekaplus.rs\/en\/wp-json\/wp\/v2\/types\/page"}],"author":[{"embeddable":true,"href":"https:\/\/www.bibliotekaplus.rs\/en\/wp-json\/wp\/v2\/users\/1"}],"replies":[{"embeddable":true,"href":"https:\/\/www.bibliotekaplus.rs\/en\/wp-json\/wp\/v2\/comments?post=1248"}],"version-history":[{"count":5,"href":"https:\/\/www.bibliotekaplus.rs\/en\/wp-json\/wp\/v2\/pages\/1248\/revisions"}],"predecessor-version":[{"id":1646,"href":"https:\/\/www.bibliotekaplus.rs\/en\/wp-json\/wp\/v2\/pages\/1248\/revisions\/1646"}],"wp:featuredmedia":[{"embeddable":true,"href":"https:\/\/www.bibliotekaplus.rs\/en\/wp-json\/wp\/v2\/media\/1208"}],"wp:attachment":[{"href":"https:\/\/www.bibliotekaplus.rs\/en\/wp-json\/wp\/v2\/media?parent=1248"}],"curies":[{"name":"wp","href":"https:\/\/api.w.org\/{rel}","templated":true}]}}