{"id":1246,"date":"2021-09-22T14:35:52","date_gmt":"2021-09-22T12:35:52","guid":{"rendered":"http:\/\/www.bibliotekaplus.rs\/b_plus\/?page_id=1246"},"modified":"2021-09-24T10:24:14","modified_gmt":"2021-09-24T08:24:14","slug":"dr-maja-vukadinovic","status":"publish","type":"page","link":"https:\/\/www.bibliotekaplus.rs\/en\/dr-maja-vukadinovic\/","title":{"rendered":"dr Maja Vukadinovi\u0107"},"content":{"rendered":"<p><img loading=\"lazy\" decoding=\"async\" class=\"wp-image-1207 size-full alignleft\" src=\"http:\/\/www.bibliotekaplus.rs\/b_plus\/wp-content\/uploads\/2021\/09\/Maja-Vukadinovia.jpg\" alt=\"\" width=\"225\" height=\"225\" srcset=\"https:\/\/www.bibliotekaplus.rs\/wp-content\/uploads\/2021\/09\/Maja-Vukadinovia.jpg 225w, https:\/\/www.bibliotekaplus.rs\/wp-content\/uploads\/2021\/09\/Maja-Vukadinovia-150x150.jpg 150w\" sizes=\"auto, (max-width: 225px) 100vw, 225px\" \/><\/p>\n<p><strong>dr Maja Vukadinovi\u0107<\/strong>, stru\u010dnjak je za kulturu i medije sa dvadesetogodi\u0161njim iskustvom u oblasti novinarstva, komunikacija i obrazovanja. Dobitnica je nagrade \u201eZlatna zna\u010dka\u201c za 2018, koju dodeljuje Kulturno-prosvetna zajednica Srbije. Autorka je kulturolo\u0161ke studije \u201eZvezde supermarket kulture\u201c (Clio, 2013), koja je bila u naju\u017eem izboru za nagradu Desimir To\u0161i\u0107 za 2013. Docent je na Fakultetu savremenih umetnosti i predava\u010d na Fakultetu primenjenih umetnosti u Beogradu. Doktor je nauka iz oblasti studija medija &#8211; Fakultet dramskih umetnosti, Beograd, 2013; Magistar iz oblasti studija medija &#8211; The New School, Njujork, 2009. Poseduje specijalisti\u010dki sertifikat iz menad\u017ementa medija &#8211; The New School, Njujork, 2009. Diplomirani je filmski i TV producent &#8211; Fakultet dramskih umetnosti, 1996.<\/p>","protected":false},"excerpt":{"rendered":"<p>dr Maja Vukadinovi\u0107, stru\u010dnjak je za kulturu i medije sa dvadesetogodi\u0161njim iskustvom u oblasti novinarstva, komunikacija i obrazovanja. Dobitnica je nagrade \u201eZlatna zna\u010dka\u201c za 2018, koju dodeljuje Kulturno-prosvetna zajednica Srbije. Autorka je kulturolo\u0161ke studije \u201eZvezde supermarket kulture\u201c (Clio, 2013), koja je bila u naju\u017eem izboru za nagradu Desimir To\u0161i\u0107 za 2013. Docent je na Fakultetu [&hellip;]<\/p>\n","protected":false},"author":1,"featured_media":1207,"parent":0,"menu_order":0,"comment_status":"closed","ping_status":"closed","template":"","meta":{"footnotes":"","_wp_rev_ctl_limit":""},"class_list":["post-1246","page","type-page","status-publish","has-post-thumbnail","hentry","post"],"_links":{"self":[{"href":"https:\/\/www.bibliotekaplus.rs\/en\/wp-json\/wp\/v2\/pages\/1246","targetHints":{"allow":["GET"]}}],"collection":[{"href":"https:\/\/www.bibliotekaplus.rs\/en\/wp-json\/wp\/v2\/pages"}],"about":[{"href":"https:\/\/www.bibliotekaplus.rs\/en\/wp-json\/wp\/v2\/types\/page"}],"author":[{"embeddable":true,"href":"https:\/\/www.bibliotekaplus.rs\/en\/wp-json\/wp\/v2\/users\/1"}],"replies":[{"embeddable":true,"href":"https:\/\/www.bibliotekaplus.rs\/en\/wp-json\/wp\/v2\/comments?post=1246"}],"version-history":[{"count":4,"href":"https:\/\/www.bibliotekaplus.rs\/en\/wp-json\/wp\/v2\/pages\/1246\/revisions"}],"predecessor-version":[{"id":1459,"href":"https:\/\/www.bibliotekaplus.rs\/en\/wp-json\/wp\/v2\/pages\/1246\/revisions\/1459"}],"wp:featuredmedia":[{"embeddable":true,"href":"https:\/\/www.bibliotekaplus.rs\/en\/wp-json\/wp\/v2\/media\/1207"}],"wp:attachment":[{"href":"https:\/\/www.bibliotekaplus.rs\/en\/wp-json\/wp\/v2\/media?parent=1246"}],"curies":[{"name":"wp","href":"https:\/\/api.w.org\/{rel}","templated":true}]}}