{"id":1242,"date":"2021-09-22T14:34:45","date_gmt":"2021-09-22T12:34:45","guid":{"rendered":"http:\/\/www.bibliotekaplus.rs\/b_plus\/?page_id=1242"},"modified":"2021-10-14T17:04:15","modified_gmt":"2021-10-14T15:04:15","slug":"zoran-hamovic","status":"publish","type":"page","link":"https:\/\/www.bibliotekaplus.rs\/en\/zoran-hamovic\/","title":{"rendered":"Zoran Hamovi\u0107"},"content":{"rendered":"<p><img loading=\"lazy\" decoding=\"async\" class=\"alignright wp-image-1204 size-full\" src=\"http:\/\/www.bibliotekaplus.rs\/wp-content\/uploads\/2021\/09\/Zoran-Hamovic.jpg\" alt=\"\" width=\"249\" height=\"202\" \/><\/p>\n<p><strong>Zoran Hamovi\u0107<\/strong>, osniva\u010d je, direktor i glavni urednik Izdava\u010dkog preduze\u0107a CLIO i predsednik Udru\u017eenja profesionalnih izdava\u010da Srbije. Sa grupom kolega osnovao je nevladinu organizaciju <em>Biblioteka Plus, <\/em>koja ima za cilj da pomogne razvoj instrumenata kulturne politike i profesionalnog usavr\u0161avanja u oblasti izdava\u0161tva i bibliotekarstva. Autor je projekta <em>Internest, <\/em>koji ima za cilj transformaciju \u0161kolskih biblioteka u informacione centre. Predava\u010d je u oblasti menad\u017ementa u izdava\u0161tvu na postdiplomskim studijama na Fakultetu umetnosti u Beogradu. Umetni\u010dki direktor Beogradskog me\u0111unardnog sajma knjiga bio je od 2003 do 2007. godine; specijalni savetnik ministra kulture od 2001 do 2003 i od 2008 do 2011. godine; \u010dlan Ve\u0107a za kulturu grada Beograda 2012 i 2013. godine. \u010clan je Radne grupe za medijsku pismenost.<\/p>","protected":false},"excerpt":{"rendered":"<p>Zoran Hamovi\u0107, osniva\u010d je, direktor i glavni urednik Izdava\u010dkog preduze\u0107a CLIO i predsednik Udru\u017eenja profesionalnih izdava\u010da Srbije. Sa grupom kolega osnovao je nevladinu organizaciju Biblioteka Plus, koja ima za cilj da pomogne razvoj instrumenata kulturne politike i profesionalnog usavr\u0161avanja u oblasti izdava\u0161tva i bibliotekarstva. Autor je projekta Internest, koji ima za cilj transformaciju \u0161kolskih biblioteka [&hellip;]<\/p>\n","protected":false},"author":1,"featured_media":1204,"parent":0,"menu_order":0,"comment_status":"closed","ping_status":"closed","template":"","meta":{"footnotes":"","_wp_rev_ctl_limit":""},"class_list":["post-1242","page","type-page","status-publish","has-post-thumbnail","hentry","post"],"_links":{"self":[{"href":"https:\/\/www.bibliotekaplus.rs\/en\/wp-json\/wp\/v2\/pages\/1242","targetHints":{"allow":["GET"]}}],"collection":[{"href":"https:\/\/www.bibliotekaplus.rs\/en\/wp-json\/wp\/v2\/pages"}],"about":[{"href":"https:\/\/www.bibliotekaplus.rs\/en\/wp-json\/wp\/v2\/types\/page"}],"author":[{"embeddable":true,"href":"https:\/\/www.bibliotekaplus.rs\/en\/wp-json\/wp\/v2\/users\/1"}],"replies":[{"embeddable":true,"href":"https:\/\/www.bibliotekaplus.rs\/en\/wp-json\/wp\/v2\/comments?post=1242"}],"version-history":[{"count":5,"href":"https:\/\/www.bibliotekaplus.rs\/en\/wp-json\/wp\/v2\/pages\/1242\/revisions"}],"predecessor-version":[{"id":1644,"href":"https:\/\/www.bibliotekaplus.rs\/en\/wp-json\/wp\/v2\/pages\/1242\/revisions\/1644"}],"wp:featuredmedia":[{"embeddable":true,"href":"https:\/\/www.bibliotekaplus.rs\/en\/wp-json\/wp\/v2\/media\/1204"}],"wp:attachment":[{"href":"https:\/\/www.bibliotekaplus.rs\/en\/wp-json\/wp\/v2\/media?parent=1242"}],"curies":[{"name":"wp","href":"https:\/\/api.w.org\/{rel}","templated":true}]}}