{"id":117,"date":"2021-05-21T17:17:04","date_gmt":"2021-05-21T15:17:04","guid":{"rendered":"http:\/\/www.bibliotekaplus.rs\/b_plus\/?page_id=117"},"modified":"2021-05-27T11:54:09","modified_gmt":"2021-05-27T09:54:09","slug":"inf_pismenost","status":"publish","type":"page","link":"https:\/\/www.bibliotekaplus.rs\/en\/inf_pismenost\/","title":{"rendered":"Information Literacy"},"content":{"rendered":"<div id=\"pl-117\"  class=\"panel-layout\" ><div id=\"pg-117-0\"  class=\"panel-grid panel-no-style\" ><div id=\"pgc-117-0-0\"  class=\"panel-grid-cell\" ><div id=\"panel-117-0-0-0\" class=\"so-panel widget widget_sow-editor panel-first-child panel-last-child\" data-index=\"0\" ><div\n\t\t\t\n\t\t\tclass=\"so-widget-sow-editor so-widget-sow-editor-base\"\n\t\t\t\n\t\t>\n<div class=\"siteorigin-widget-tinymce textwidget\">\n\t<\/p>\n<div class=\"entry-content\">\n<p>In 2015 <b>Library Plus<\/b> started collaboration with the National Library of Montenegro \u201c\u0110ur\u0111e Crnojevi\u0107\u201c within the UNESCO Participation project \u201eMIL \u2013 Strategy and education\u201c. Project activities run in two directions: workshops for librarians, teachers, pupils and citizens; and activity of the cross-sectoral Work Group that has to draft the Strategy for enhancing MIL through the network of public and school libraries.<\/p>\n<p>NLM, April 20<sup>th<\/sup> \u2013 Workshop \u201eMIL in public and school library \u2013 training the trainers\u201c<\/p>\n<p align=\"CENTER\">* * *<\/p>\n<p>In 2013 <b>Library Plus<\/b> started educational activities on one of the hottest topics of modern librarianship: information literacy. In April, one-day workshops for public and school librarians were organized in two regional libraries and at the Faculty of Philology in Belgrade, Serbia. By the end of the year they were followed by twelve local replicas led by participants of the initial workshops.<\/p>\n<\/div>\n<\/div>\n<\/div><\/div><\/div><div id=\"pgc-117-0-1\"  class=\"panel-grid-cell\" ><div id=\"panel-117-0-1-0\" class=\"so-panel widget widget_sow-image panel-first-child\" data-index=\"1\" ><div\n\t\t\t\n\t\t\tclass=\"so-widget-sow-image so-widget-sow-image-default-c67d20f9f743-117\"\n\t\t\t\n\t\t><h3 class=\"widget-title\">Contributors<\/h3>\n<div class=\"sow-image-container\">\n\t\t\t<a href=\"http:\/\/www.unesco.org\/new\/en\/member-states\/mscontent\/participation-programme\/\"\n\t\t\ttarget=\"_blank\" rel=\"noopener noreferrer\" \t\t>\n\t\t\t<img \n\tsrc=\"https:\/\/www.bibliotekaplus.rs\/wp-content\/uploads\/2021\/05\/logo_UNECO-Participation.jpg\" width=\"150\" height=\"78\" srcset=\"https:\/\/www.bibliotekaplus.rs\/wp-content\/uploads\/2021\/05\/logo_UNECO-Participation.jpg 932w, https:\/\/www.bibliotekaplus.rs\/wp-content\/uploads\/2021\/05\/logo_UNECO-Participation-300x156.jpg 300w, https:\/\/www.bibliotekaplus.rs\/wp-content\/uploads\/2021\/05\/logo_UNECO-Participation-768x399.jpg 768w\" sizes=\"(max-width: 150px) 100vw, 150px\" title=\"Contributors\" alt=\"\" \t\tclass=\"so-widget-image\"\/>\n\t\t\t<\/a><\/div>\n\n<\/div><\/div><div id=\"panel-117-0-1-1\" class=\"so-panel widget widget_sow-image\" data-index=\"2\" ><div\n\t\t\t\n\t\t\tclass=\"so-widget-sow-image so-widget-sow-image-default-c67d20f9f743-117\"\n\t\t\t\n\t\t>\n<div class=\"sow-image-container\">\n\t\t\t<a href=\"http:\/\/www.fil.bg.ac.rs\/\"\n\t\t\ttarget=\"_blank\" rel=\"noopener noreferrer\" \t\t>\n\t\t\t<img \n\tsrc=\"https:\/\/www.bibliotekaplus.rs\/wp-content\/uploads\/2021\/05\/Logo_FLF.png\" width=\"150\" height=\"150\" srcset=\"https:\/\/www.bibliotekaplus.rs\/wp-content\/uploads\/2021\/05\/Logo_FLF.png 170w, https:\/\/www.bibliotekaplus.rs\/wp-content\/uploads\/2021\/05\/Logo_FLF-150x150.png 150w\" sizes=\"(max-width: 150px) 100vw, 150px\" alt=\"\" \t\tclass=\"so-widget-image\"\/>\n\t\t\t<\/a><\/div>\n\n<\/div><\/div><div id=\"panel-117-0-1-2\" class=\"so-panel widget widget_sow-image\" data-index=\"3\" ><div\n\t\t\t\n\t\t\tclass=\"so-widget-sow-image so-widget-sow-image-default-c67d20f9f743-117\"\n\t\t\t\n\t\t>\n<div class=\"sow-image-container\">\n\t\t\t<a href=\"http:\/\/www.biblioteka-uzice.rs\/\"\n\t\t\ttarget=\"_blank\" rel=\"noopener noreferrer\" \t\t>\n\t\t\t<img \n\tsrc=\"https:\/\/www.bibliotekaplus.rs\/wp-content\/uploads\/2021\/05\/nb_uzice.jpg\" width=\"109\" height=\"150\" sizes=\"(max-width: 109px) 100vw, 109px\" alt=\"\" \t\tclass=\"so-widget-image\"\/>\n\t\t\t<\/a><\/div>\n\n<\/div><\/div><div id=\"panel-117-0-1-3\" class=\"so-panel widget widget_sow-image\" data-index=\"4\" ><div\n\t\t\t\n\t\t\tclass=\"so-widget-sow-image so-widget-sow-image-default-3a2476c0e107-117\"\n\t\t\t\n\t\t><h3 class=\"widget-title\">Friends<\/h3>\n<div class=\"sow-image-container\">\n\t\t\t<a href=\"http:\/\/www.ifla.org\/information-literacy\/\"\n\t\t\ttarget=\"_blank\" rel=\"noopener noreferrer\" \t\t>\n\t\t\t<img \n\tsrc=\"https:\/\/www.bibliotekaplus.rs\/wp-content\/uploads\/2021\/05\/infolit-logo-in-talen-21-ifla.jpg\" width=\"150\" height=\"114\" srcset=\"https:\/\/www.bibliotekaplus.rs\/wp-content\/uploads\/2021\/05\/infolit-logo-in-talen-21-ifla.jpg 325w, https:\/\/www.bibliotekaplus.rs\/wp-content\/uploads\/2021\/05\/infolit-logo-in-talen-21-ifla-300x228.jpg 300w\" sizes=\"(max-width: 150px) 100vw, 150px\" title=\"Friends\" alt=\"\" \t\tclass=\"so-widget-image\"\/>\n\t\t\t<\/a><\/div>\n\n<\/div><\/div><div id=\"panel-117-0-1-4\" class=\"so-panel widget widget_sow-image\" data-index=\"5\" ><div\n\t\t\t\n\t\t\tclass=\"so-widget-sow-image so-widget-sow-image-default-c67d20f9f743-117\"\n\t\t\t\n\t\t>\n<div class=\"sow-image-container\">\n\t\t\t<a href=\"http:\/\/www.unesco.org\/new\/en\/communication-and-information\/intergovernmental-programmes\/information-for-all-programme-ifap\/\"\n\t\t\ttarget=\"_blank\" rel=\"noopener noreferrer\" \t\t>\n\t\t\t<img \n\tsrc=\"https:\/\/www.bibliotekaplus.rs\/wp-content\/uploads\/2021\/05\/ifap_newlogo.jpg\" width=\"150\" height=\"86\" srcset=\"https:\/\/www.bibliotekaplus.rs\/wp-content\/uploads\/2021\/05\/ifap_newlogo.jpg 542w, https:\/\/www.bibliotekaplus.rs\/wp-content\/uploads\/2021\/05\/ifap_newlogo-300x172.jpg 300w\" sizes=\"(max-width: 150px) 100vw, 150px\" alt=\"\" \t\tclass=\"so-widget-image\"\/>\n\t\t\t<\/a><\/div>\n\n<\/div><\/div><div id=\"panel-117-0-1-5\" class=\"so-panel widget widget_sow-image panel-last-child\" data-index=\"6\" ><div\n\t\t\t\n\t\t\tclass=\"so-widget-sow-image so-widget-sow-image-default-c67d20f9f743-117\"\n\t\t\t\n\t\t>\n<div class=\"sow-image-container\">\n\t\t\t<a href=\"http:\/\/www.ensil-online.org\/site\/\"\n\t\t\ttarget=\"_blank\" rel=\"noopener noreferrer\" \t\t>\n\t\t\t<img \n\tsrc=\"https:\/\/www.bibliotekaplus.rs\/wp-content\/uploads\/2021\/05\/ensil.jpg\" width=\"150\" height=\"77\" srcset=\"https:\/\/www.bibliotekaplus.rs\/wp-content\/uploads\/2021\/05\/ensil.jpg 578w, https:\/\/www.bibliotekaplus.rs\/wp-content\/uploads\/2021\/05\/ensil-300x153.jpg 300w\" sizes=\"(max-width: 150px) 100vw, 150px\" title=\"ensil_1\" alt=\"\" \t\tclass=\"so-widget-image\"\/>\n\t\t\t<\/a><\/div>\n\n<\/div><\/div><\/div><\/div><\/div>","protected":false},"excerpt":{"rendered":"<p>In 2015 Library Plus started collaboration with the National Library of Montenegro \u201c\u0110ur\u0111e Crnojevi\u0107\u201c within the UNESCO Participation project \u201eMIL \u2013 Strategy and education\u201c. Project activities run in two directions: workshops for librarians, teachers, pupils and citizens; and activity of the cross-sectoral Work Group that has to draft the Strategy for enhancing MIL through the [&hellip;]<\/p>\n","protected":false},"author":1,"featured_media":0,"parent":0,"menu_order":0,"comment_status":"closed","ping_status":"closed","template":"","meta":{"footnotes":"","_wp_rev_ctl_limit":""},"class_list":["post-117","page","type-page","status-publish","hentry","post"],"_links":{"self":[{"href":"https:\/\/www.bibliotekaplus.rs\/en\/wp-json\/wp\/v2\/pages\/117","targetHints":{"allow":["GET"]}}],"collection":[{"href":"https:\/\/www.bibliotekaplus.rs\/en\/wp-json\/wp\/v2\/pages"}],"about":[{"href":"https:\/\/www.bibliotekaplus.rs\/en\/wp-json\/wp\/v2\/types\/page"}],"author":[{"embeddable":true,"href":"https:\/\/www.bibliotekaplus.rs\/en\/wp-json\/wp\/v2\/users\/1"}],"replies":[{"embeddable":true,"href":"https:\/\/www.bibliotekaplus.rs\/en\/wp-json\/wp\/v2\/comments?post=117"}],"version-history":[{"count":5,"href":"https:\/\/www.bibliotekaplus.rs\/en\/wp-json\/wp\/v2\/pages\/117\/revisions"}],"predecessor-version":[{"id":368,"href":"https:\/\/www.bibliotekaplus.rs\/en\/wp-json\/wp\/v2\/pages\/117\/revisions\/368"}],"wp:attachment":[{"href":"https:\/\/www.bibliotekaplus.rs\/en\/wp-json\/wp\/v2\/media?parent=117"}],"curies":[{"name":"wp","href":"https:\/\/api.w.org\/{rel}","templated":true}]}}