{"id":1155,"date":"2021-09-20T10:11:46","date_gmt":"2021-09-20T08:11:46","guid":{"rendered":"http:\/\/www.bibliotekaplus.rs\/b_plus\/?page_id=1155"},"modified":"2021-10-15T12:32:42","modified_gmt":"2021-10-15T10:32:42","slug":"centar-za-razvoj-projektnog-ucenja","status":"publish","type":"page","link":"https:\/\/www.bibliotekaplus.rs\/en\/centar-za-razvoj-projektnog-ucenja\/","title":{"rendered":"Centar za razvoj projektnog u\u010denja"},"content":{"rendered":"<div id=\"pl-1155\"  class=\"panel-layout\" ><div id=\"pg-1155-0\"  class=\"panel-grid panel-no-style\" ><div id=\"pgc-1155-0-0\"  class=\"panel-grid-cell\" ><div id=\"panel-1155-0-0-0\" class=\"so-panel widget widget_sow-editor panel-first-child\" data-index=\"0\" ><div\n\t\t\t\n\t\t\tclass=\"so-widget-sow-editor so-widget-sow-editor-base\"\n\t\t\t\n\t\t>\n<div class=\"siteorigin-widget-tinymce textwidget\">\n\t<p>Poslednjih decenija u obrazovanju je klju\u010dno pitanje kako ostvariti \u0161to bolji u\u010dinak nastave, a za prosvetne radnike, kako motivisati u\u010denike za rad i kako im svrsishodno povezati \u0161kolske\u00a0 sa van\u0161kolskim aktivnostima i interesovanjima. U osnovi projektne nastave je interdisciplinarni pristup sa otvorenim mogu\u0107nostima da se na originalan na\u010din pristupi realizaciji nastavnih sadr\u017eaja. Kroz timski rad, unapre\u0111enje medijske kulture i informacione pismenosti se stavljaju u aktivan polo\u017eaj, \u010dime se pove\u0107ava li\u010dna odgovornost za rezultate u\u010denja, ali i dinamika rada. Sve ovo zajedno, stavlja nastavnike pred velike profesionalne izazove u kojima je potrebno pru\u017eiti im odgovaraju\u0107u stru\u010dnu pomo\u0107 i podr\u0161ku.<\/p>\n<p>Biblioteka plus sa mre\u017eom saradnika istra\u017euje i razvija\u00a0 model budu\u0107eg \u0161kolskog centra za razvoj projektne nastave koji bi bio odgovor na takav izazov. Tokom perioda od 2019. do 2022. planiran je rad sa 10 srednjih \u0161kola u Srbiji. Iskustva bi bila prenesena i na ostale \u0161kole i stvorena otvorena mre\u017ea \u0161kolskih centara koja bi neprekidno mogla unapre\u0111ivati postoje\u0107e i razvijaju\u0107i nove resurse \u0161to i jeste su\u0161tinska potreba projektnog u\u010denja.<\/p>\n<\/div>\n<\/div><\/div><div id=\"panel-1155-0-0-1\" class=\"so-panel widget widget_sow-post-carousel panel-last-child\" data-index=\"1\" ><div\n\t\t\t\n\t\t\tclass=\"so-widget-sow-post-carousel so-widget-sow-post-carousel-base-4b6b1e8c40bc-1155\"\n\t\t\t\n\t\t>\t<div\n\t\tclass=\"sow-post-carousel-wrapper sow-post-carousel-theme-base\"\n\t\tstyle=\"overflow: hidden; max-width: 100%; min-height: 182px\"\n\t>\n\t\t<div class=\"sow-carousel-title has-title\">\n\t<h3 class=\"widget-title\">News<\/h3>\t\t<div class=\"sow-carousel-navigation \">\n\t\t\t\t\t\t<a href=\"#\" class=\"sow-carousel-next\" title=\"Next\" aria-label=\"Next Posts\" role=\"button\"><\/a>\n\t\t\t\t\t\t<a href=\"#\" class=\"sow-carousel-previous\" title=\"Previous\" aria-label=\"Previous Posts\" role=\"button\"><\/a>\n\t\t\t\t\t<\/div>\n\t<\/div>\n\n<div class=\"sow-carousel-container \">\n\t\t<div class=\"sow-carousel-wrapper\"\n\t\tdata-dir=\"ltr\"\n\t\tstyle=\"opacity: 0;\"\n\t\tdata-widget=\"post\" data-fetching=\"false\" data-page=\"1\" data-ajax-url=\"https:\/\/www.bibliotekaplus.rs\/wp-admin\/admin-ajax.php?_widgets_nonce=2d6ddf8c92\" data-item_count=\"10\" data-carousel_settings=\"{&quot;loop&quot;:true,&quot;animation&quot;:&quot;Ease&quot;,&quot;animation_speed&quot;:400,&quot;autoplay&quot;:&quot;&quot;,&quot;pauseOnHover&quot;:&quot;&quot;,&quot;autoplaySpeed&quot;:8000,&quot;item_overflow&quot;:true,&quot;autoplay_continuous_scroll&quot;:false}\" data-responsive=\"{&quot;desktop_slides_to_scroll&quot;:1,&quot;tablet_landscape_breakpoint&quot;:1366,&quot;tablet_landscape_slides_to_scroll&quot;:2,&quot;tablet_portrait_breakpoint&quot;:1025,&quot;tablet_portrait_slides_to_scroll&quot;:2,&quot;mobile_breakpoint&quot;:480,&quot;mobile_slides_to_scroll&quot;:1}\" data-variable_width=\"true\" \t>\n\t\t<div\n\t\t\tclass=\"sow-carousel-items\"\n\t\t\t\t\t>\n\t\t\t\t<div class=\"sow-carousel-item\" tabindex=\"-1\" style=\"float: left;\">\n\t\t<div class=\"sow-carousel-thumbnail\">\n\t\t\t\t\t\t\t<a\n\t\t\t\t\thref=\"https:\/\/www.bibliotekaplus.rs\/en\/akreditovani-strucni-skup-u-novembru\/\"\n\t\t\t\t\t\t\t\t\t\tstyle=\"background-image: url( https:\/\/www.bibliotekaplus.rs\/wp-content\/uploads\/2023\/08\/PU-u-fun-uocavanja-ucenika-sa-izuzetnim-spos-272x182.jpg )\"\n\t\t\t\t\taria-labelledby=\"sow-carousel-id-2106\"\n\t\t\t\t\ttabindex=\"-1\"\n\t\t\t\t>\n\t\t\t\t\t<span class=\"overlay\"><\/span>\n\t\t\t\t<\/a>\n\t\t\t\t\t<\/div>\n\t\t<h3 class=\"sow-carousel-item-title\">\n\t\t\t<a\n\t\t\t\thref=\"https:\/\/www.bibliotekaplus.rs\/en\/akreditovani-strucni-skup-u-novembru\/\"\n\t\t\t\tid=\"sow-carousel-id-2106\"\n\t\t\t\t\t\t\t\ttabindex=\"-1\"\n\t\t\t>\n\n\t\t\t\t(\u0421\u0440\u043f\u0441\u043a\u0438) \u0410\u043a\u0440\u0435\u0434\u0438\u0442\u043e\u0432\u0430\u043d\u0438 \u0441\u0442\u0440\u0443\u0447\u043d\u0438 \u0441\u043a\u0443\u043f \u0443 \u043d\u043e\u0432\u0435\u043c\u0431\u0440\u0443\t\t\t<\/a>\n\t\t<\/h3>\n\t<\/div>\n\t\t<div class=\"sow-carousel-item\" tabindex=\"-1\" style=\"float: left;\">\n\t\t<div class=\"sow-carousel-thumbnail\">\n\t\t\t\t\t\t\t<a\n\t\t\t\t\thref=\"https:\/\/www.bibliotekaplus.rs\/en\/novi-ciklus-onlajn-seminara-projektno-ucenje-u-osnovnoj-i-srednjoj-skoli\/\"\n\t\t\t\t\t\t\t\t\t\tstyle=\"background-image: url( https:\/\/www.bibliotekaplus.rs\/wp-content\/uploads\/2023\/02\/seminar-mart-23-272x182.jpg )\"\n\t\t\t\t\taria-labelledby=\"sow-carousel-id-2033\"\n\t\t\t\t\ttabindex=\"-1\"\n\t\t\t\t>\n\t\t\t\t\t<span class=\"overlay\"><\/span>\n\t\t\t\t<\/a>\n\t\t\t\t\t<\/div>\n\t\t<h3 class=\"sow-carousel-item-title\">\n\t\t\t<a\n\t\t\t\thref=\"https:\/\/www.bibliotekaplus.rs\/en\/novi-ciklus-onlajn-seminara-projektno-ucenje-u-osnovnoj-i-srednjoj-skoli\/\"\n\t\t\t\tid=\"sow-carousel-id-2033\"\n\t\t\t\t\t\t\t\ttabindex=\"-1\"\n\t\t\t>\n\n\t\t\t\t(\u0421\u0440\u043f\u0441\u043a\u0438) \u041d\u043e\u0432\u0438 \u0446\u0438\u043a\u043b\u0443\u0441 \u043e\u043d\u043b\u0430\u0458\u043d \u0441\u0435\u043c\u0438\u043d\u0430\u0440\u0430 \u201e\u041f\u0440\u043e\u0458\u0435\u043a\u0442\u043d\u043e \u0443\u0447\u0435\u045a\u0435 \u0443 \u043e\u0441\u043d\u043e\u0432\u043d\u043e\u0458 \u0438 \u0441\u0440\u0435\u0434\u045a\u043e\u0458 \u0448\u043a\u043e\u043b\u0438\u201c\t\t\t<\/a>\n\t\t<\/h3>\n\t<\/div>\n\t\t<div class=\"sow-carousel-item\" tabindex=\"-1\" style=\"float: left;\">\n\t\t<div class=\"sow-carousel-thumbnail\">\n\t\t\t\t\t\t\t<a\n\t\t\t\t\thref=\"https:\/\/www.bibliotekaplus.rs\/en\/odrzana-konferencija-posvecena-projektnom-ucenju\/\"\n\t\t\t\t\t\t\t\t\t\tstyle=\"background-image: url( https:\/\/www.bibliotekaplus.rs\/wp-content\/uploads\/2022\/12\/1671011550709-272x182.jpg )\"\n\t\t\t\t\taria-labelledby=\"sow-carousel-id-1943\"\n\t\t\t\t\ttabindex=\"-1\"\n\t\t\t\t>\n\t\t\t\t\t<span class=\"overlay\"><\/span>\n\t\t\t\t<\/a>\n\t\t\t\t\t<\/div>\n\t\t<h3 class=\"sow-carousel-item-title\">\n\t\t\t<a\n\t\t\t\thref=\"https:\/\/www.bibliotekaplus.rs\/en\/odrzana-konferencija-posvecena-projektnom-ucenju\/\"\n\t\t\t\tid=\"sow-carousel-id-1943\"\n\t\t\t\t\t\t\t\ttabindex=\"-1\"\n\t\t\t>\n\n\t\t\t\t(\u0421\u0440\u043f\u0441\u043a\u0438) \u041e\u0434\u0440\u0436\u0430\u043d\u0430 \u043a\u043e\u043d\u0444\u0435\u0440\u0435\u043d\u0446\u0438\u0458\u0430 \u043f\u043e\u0441\u0432\u0435\u045b\u0435\u043d\u0430 \u043f\u0440\u043e\u0458\u0435\u043a\u0442\u043d\u043e\u043c \u0443\u0447\u0435\u045a\u0443\t\t\t<\/a>\n\t\t<\/h3>\n\t<\/div>\n\t\t<div class=\"sow-carousel-item\" tabindex=\"-1\" style=\"float: left;\">\n\t\t<div class=\"sow-carousel-thumbnail\">\n\t\t\t\t\t\t\t<a\n\t\t\t\t\thref=\"https:\/\/www.bibliotekaplus.rs\/en\/linkovi-za-pracenje-konferencije\/\"\n\t\t\t\t\t\t\t\t\t\tstyle=\"background-image: url( https:\/\/www.bibliotekaplus.rs\/wp-content\/uploads\/2022\/12\/konferencija-uzivo-272x182.jpg )\"\n\t\t\t\t\taria-labelledby=\"sow-carousel-id-1937\"\n\t\t\t\t\ttabindex=\"-1\"\n\t\t\t\t>\n\t\t\t\t\t<span class=\"overlay\"><\/span>\n\t\t\t\t<\/a>\n\t\t\t\t\t<\/div>\n\t\t<h3 class=\"sow-carousel-item-title\">\n\t\t\t<a\n\t\t\t\thref=\"https:\/\/www.bibliotekaplus.rs\/en\/linkovi-za-pracenje-konferencije\/\"\n\t\t\t\tid=\"sow-carousel-id-1937\"\n\t\t\t\t\t\t\t\ttabindex=\"-1\"\n\t\t\t>\n\n\t\t\t\t(\u0421\u0440\u043f\u0441\u043a\u0438) \u041b\u0438\u043d\u043a\u043e\u0432\u0438 \u0437\u0430 \u043f\u0440\u0430\u045b\u0435\u045a\u0435 \u041a\u043e\u043d\u0444\u0435\u0440\u0435\u043d\u0446\u0438\u0458\u0435\t\t\t<\/a>\n\t\t<\/h3>\n\t<\/div>\n\t\t<div class=\"sow-carousel-item\" tabindex=\"-1\" style=\"float: left;\">\n\t\t<div class=\"sow-carousel-thumbnail\">\n\t\t\t\t\t\t\t<a\n\t\t\t\t\thref=\"https:\/\/www.bibliotekaplus.rs\/en\/konferencija-o-projektnom-ucenju\/\"\n\t\t\t\t\t\t\t\t\t\tstyle=\"background-image: url( https:\/\/www.bibliotekaplus.rs\/wp-content\/uploads\/2022\/11\/konferencija-projektno-ucenje-2022-272x182.jpg )\"\n\t\t\t\t\taria-labelledby=\"sow-carousel-id-1916\"\n\t\t\t\t\ttabindex=\"-1\"\n\t\t\t\t>\n\t\t\t\t\t<span class=\"overlay\"><\/span>\n\t\t\t\t<\/a>\n\t\t\t\t\t<\/div>\n\t\t<h3 class=\"sow-carousel-item-title\">\n\t\t\t<a\n\t\t\t\thref=\"https:\/\/www.bibliotekaplus.rs\/en\/konferencija-o-projektnom-ucenju\/\"\n\t\t\t\tid=\"sow-carousel-id-1916\"\n\t\t\t\t\t\t\t\ttabindex=\"-1\"\n\t\t\t>\n\n\t\t\t\t(\u0421\u0440\u043f\u0441\u043a\u0438) \u041a\u043e\u043d\u0444\u0435\u0440\u0435\u043d\u0446\u0438\u0458\u0430 \u043e \u043f\u0440\u043e\u0458\u0435\u043a\u0442\u043d\u043e\u043c \u0443\u0447\u0435\u045a\u0443\t\t\t<\/a>\n\t\t<\/h3>\n\t<\/div>\n\t\t<div class=\"sow-carousel-item\" tabindex=\"-1\" style=\"float: left;\">\n\t\t<div class=\"sow-carousel-thumbnail\">\n\t\t\t\t\t\t\t<a\n\t\t\t\t\thref=\"https:\/\/www.bibliotekaplus.rs\/en\/seminar-projektno-ucenje-u-osnovnoj-i-srednjoj-skoli\/\"\n\t\t\t\t\t\t\t\t\t\tstyle=\"background-image: url( https:\/\/www.bibliotekaplus.rs\/wp-content\/uploads\/2022\/11\/seminar-projektno-ucenje-uvodna-272x182.jpg )\"\n\t\t\t\t\taria-labelledby=\"sow-carousel-id-1862\"\n\t\t\t\t\ttabindex=\"-1\"\n\t\t\t\t>\n\t\t\t\t\t<span class=\"overlay\"><\/span>\n\t\t\t\t<\/a>\n\t\t\t\t\t<\/div>\n\t\t<h3 class=\"sow-carousel-item-title\">\n\t\t\t<a\n\t\t\t\thref=\"https:\/\/www.bibliotekaplus.rs\/en\/seminar-projektno-ucenje-u-osnovnoj-i-srednjoj-skoli\/\"\n\t\t\t\tid=\"sow-carousel-id-1862\"\n\t\t\t\t\t\t\t\ttabindex=\"-1\"\n\t\t\t>\n\n\t\t\t\t(\u0421\u0440\u043f\u0441\u043a\u0438) \u0421\u0435\u043c\u0438\u043d\u0430\u0440 &#8220;\u041f\u0440\u043e\u0458\u0435\u043a\u0442\u043d\u043e \u0443\u0447\u0435\u045a\u0435 \u0443 \u043e\u0441\u043d\u043e\u0432\u043d\u043e\u0458 \u0438 \u0441\u0440\u0435\u0434\u045a\u043e\u0458 \u0448\u043a\u043e\u043b\u0438&#8221;\t\t\t<\/a>\n\t\t<\/h3>\n\t<\/div>\n\t\t<div class=\"sow-carousel-item\" tabindex=\"-1\" style=\"float: left;\">\n\t\t<div class=\"sow-carousel-thumbnail\">\n\t\t\t\t\t\t\t<a\n\t\t\t\t\thref=\"https:\/\/www.bibliotekaplus.rs\/en\/lepa-vest-akreditovali-smo-seminar-o-projektnom-ucenju\/\"\n\t\t\t\t\t\t\t\t\t\tstyle=\"background-image: url( https:\/\/www.bibliotekaplus.rs\/wp-content\/uploads\/2022\/08\/projektno-ucenje-vest-272x182.jpg )\"\n\t\t\t\t\taria-labelledby=\"sow-carousel-id-1904\"\n\t\t\t\t\ttabindex=\"-1\"\n\t\t\t\t>\n\t\t\t\t\t<span class=\"overlay\"><\/span>\n\t\t\t\t<\/a>\n\t\t\t\t\t<\/div>\n\t\t<h3 class=\"sow-carousel-item-title\">\n\t\t\t<a\n\t\t\t\thref=\"https:\/\/www.bibliotekaplus.rs\/en\/lepa-vest-akreditovali-smo-seminar-o-projektnom-ucenju\/\"\n\t\t\t\tid=\"sow-carousel-id-1904\"\n\t\t\t\t\t\t\t\ttabindex=\"-1\"\n\t\t\t>\n\n\t\t\t\t(\u0421\u0440\u043f\u0441\u043a\u0438) \u041b\u0435\u043f\u0430 \u0432\u0435\u0441\u0442 &#8211; \u0430\u043a\u0440\u0435\u0434\u0438\u0442\u043e\u0432\u0430\u043b\u0438 \u0441\u043c\u043e \u0441\u0435\u043c\u0438\u043d\u0430\u0440 \u043e \u043f\u0440\u043e\u0458\u0435\u043a\u0442\u043d\u043e\u043c \u0443\u0447\u0435\u045a\u0443!\t\t\t<\/a>\n\t\t<\/h3>\n\t<\/div>\n\t\t<div class=\"sow-carousel-item\" tabindex=\"-1\" style=\"float: left;\">\n\t\t<div class=\"sow-carousel-thumbnail\">\n\t\t\t\t\t\t\t<a\n\t\t\t\t\thref=\"https:\/\/www.bibliotekaplus.rs\/en\/1185-2\/\"\n\t\t\t\t\t\t\t\t\t\tstyle=\"background-image: url( https:\/\/www.bibliotekaplus.rs\/wp-content\/uploads\/2021\/09\/Zgrada_gimnazije_Loznica-272x182.jpg )\"\n\t\t\t\t\taria-labelledby=\"sow-carousel-id-1185\"\n\t\t\t\t\ttabindex=\"-1\"\n\t\t\t\t>\n\t\t\t\t\t<span class=\"overlay\"><\/span>\n\t\t\t\t<\/a>\n\t\t\t\t\t<\/div>\n\t\t<h3 class=\"sow-carousel-item-title\">\n\t\t\t<a\n\t\t\t\thref=\"https:\/\/www.bibliotekaplus.rs\/en\/1185-2\/\"\n\t\t\t\tid=\"sow-carousel-id-1185\"\n\t\t\t\t\t\t\t\ttabindex=\"-1\"\n\t\t\t>\n\n\t\t\t\t(\u0421\u0440\u043f\u0441\u043a\u0438) Unapre\u0111enje projektne nastave u lozni\u010dkoj gimnaziji\t\t\t<\/a>\n\t\t<\/h3>\n\t<\/div>\n\t\t<div class=\"sow-carousel-item\" tabindex=\"-1\" style=\"float: left;\">\n\t\t<div class=\"sow-carousel-thumbnail\">\n\t\t\t\t\t\t\t<a\n\t\t\t\t\thref=\"https:\/\/www.bibliotekaplus.rs\/en\/projektna-nastava-izazovi-i-mogucnosti\/\"\n\t\t\t\t\t\t\t\t\t\tstyle=\"background-image: url( https:\/\/www.bibliotekaplus.rs\/wp-content\/uploads\/2021\/09\/Zgrada_gimnazije_Loznica-272x182.jpg )\"\n\t\t\t\t\taria-labelledby=\"sow-carousel-id-1202\"\n\t\t\t\t\ttabindex=\"-1\"\n\t\t\t\t>\n\t\t\t\t\t<span class=\"overlay\"><\/span>\n\t\t\t\t<\/a>\n\t\t\t\t\t<\/div>\n\t\t<h3 class=\"sow-carousel-item-title\">\n\t\t\t<a\n\t\t\t\thref=\"https:\/\/www.bibliotekaplus.rs\/en\/projektna-nastava-izazovi-i-mogucnosti\/\"\n\t\t\t\tid=\"sow-carousel-id-1202\"\n\t\t\t\t\t\t\t\ttabindex=\"-1\"\n\t\t\t>\n\n\t\t\t\t(\u0421\u0440\u043f\u0441\u043a\u0438) PROJEKTNA NASTAVA \u2013 Izazovi i mogu\u0107nosti\t\t\t<\/a>\n\t\t<\/h3>\n\t<\/div>\n\t\t<div class=\"sow-carousel-item\" tabindex=\"-1\" style=\"float: left;\">\n\t\t<div class=\"sow-carousel-thumbnail\">\n\t\t\t\t\t\t\t<a\n\t\t\t\t\thref=\"https:\/\/www.bibliotekaplus.rs\/en\/centar-za-razvoj-projektne-nastave\/\"\n\t\t\t\t\t\t\t\t\t\tstyle=\"background-image: url( https:\/\/www.bibliotekaplus.rs\/wp-content\/uploads\/2021\/08\/Colorful-Simple-Science-Class-Education-Presentation-272x182.png )\"\n\t\t\t\t\taria-labelledby=\"sow-carousel-id-1196\"\n\t\t\t\t\ttabindex=\"-1\"\n\t\t\t\t>\n\t\t\t\t\t<span class=\"overlay\"><\/span>\n\t\t\t\t<\/a>\n\t\t\t\t\t<\/div>\n\t\t<h3 class=\"sow-carousel-item-title\">\n\t\t\t<a\n\t\t\t\thref=\"https:\/\/www.bibliotekaplus.rs\/en\/centar-za-razvoj-projektne-nastave\/\"\n\t\t\t\tid=\"sow-carousel-id-1196\"\n\t\t\t\t\t\t\t\ttabindex=\"-1\"\n\t\t\t>\n\n\t\t\t\t(\u0421\u0440\u043f\u0441\u043a\u0438) Centar za razvoj projektne nastave\t\t\t<\/a>\n\t\t<\/h3>\n\t<\/div>\n\t\t\t<\/div>\n\t\t\t<\/div>\n\n\t<\/div>\n\t\t<input type=\"hidden\" name=\"instance_hash\" value=\"e3e125af\"\/>\n\t<\/div>\n<\/div><\/div><\/div><\/div><\/div>","protected":false},"excerpt":{"rendered":"<p>Poslednjih decenija u obrazovanju je klju\u010dno pitanje kako ostvariti \u0161to bolji u\u010dinak nastave, a za prosvetne radnike, kako motivisati u\u010denike za rad i kako im svrsishodno povezati \u0161kolske\u00a0 sa van\u0161kolskim aktivnostima i interesovanjima. U osnovi projektne nastave je interdisciplinarni pristup sa otvorenim mogu\u0107nostima da se na originalan na\u010din pristupi realizaciji nastavnih sadr\u017eaja. Kroz timski rad, [&hellip;]<\/p>\n","protected":false},"author":1,"featured_media":676,"parent":0,"menu_order":0,"comment_status":"closed","ping_status":"closed","template":"","meta":{"footnotes":"","_wp_rev_ctl_limit":""},"class_list":["post-1155","page","type-page","status-publish","has-post-thumbnail","hentry","post"],"_links":{"self":[{"href":"https:\/\/www.bibliotekaplus.rs\/en\/wp-json\/wp\/v2\/pages\/1155","targetHints":{"allow":["GET"]}}],"collection":[{"href":"https:\/\/www.bibliotekaplus.rs\/en\/wp-json\/wp\/v2\/pages"}],"about":[{"href":"https:\/\/www.bibliotekaplus.rs\/en\/wp-json\/wp\/v2\/types\/page"}],"author":[{"embeddable":true,"href":"https:\/\/www.bibliotekaplus.rs\/en\/wp-json\/wp\/v2\/users\/1"}],"replies":[{"embeddable":true,"href":"https:\/\/www.bibliotekaplus.rs\/en\/wp-json\/wp\/v2\/comments?post=1155"}],"version-history":[{"count":5,"href":"https:\/\/www.bibliotekaplus.rs\/en\/wp-json\/wp\/v2\/pages\/1155\/revisions"}],"predecessor-version":[{"id":1668,"href":"https:\/\/www.bibliotekaplus.rs\/en\/wp-json\/wp\/v2\/pages\/1155\/revisions\/1668"}],"wp:featuredmedia":[{"embeddable":true,"href":"https:\/\/www.bibliotekaplus.rs\/en\/wp-json\/wp\/v2\/media\/676"}],"wp:attachment":[{"href":"https:\/\/www.bibliotekaplus.rs\/en\/wp-json\/wp\/v2\/media?parent=1155"}],"curies":[{"name":"wp","href":"https:\/\/api.w.org\/{rel}","templated":true}]}}