{"id":111,"date":"2021-05-21T17:12:46","date_gmt":"2021-05-21T15:12:46","guid":{"rendered":"http:\/\/www.bibliotekaplus.rs\/b_plus\/?page_id=111"},"modified":"2022-12-15T17:01:26","modified_gmt":"2022-12-15T16:01:26","slug":"medijsko-nasilje-i-medijska-ekologija","status":"publish","type":"page","link":"https:\/\/www.bibliotekaplus.rs\/en\/medijsko-nasilje-i-medijska-ekologija\/","title":{"rendered":"(\u0421\u0440\u043f\u0441\u043a\u0438) Medijsko nasilje i medijska ekologija"},"content":{"rendered":"<div id=\"pl-111\"  class=\"panel-layout\" ><div id=\"pg-111-0\"  class=\"panel-grid panel-no-style\" ><div id=\"pgc-111-0-0\"  class=\"panel-grid-cell\" ><div id=\"panel-111-0-0-0\" class=\"so-panel widget widget_sow-editor panel-first-child\" data-index=\"0\" ><div\n\t\t\t\n\t\t\tclass=\"so-widget-sow-editor so-widget-sow-editor-base\"\n\t\t\t\n\t\t>\n<div class=\"siteorigin-widget-tinymce textwidget\">\n\t<h3><strong>Medijska pismenost za zrelo doba<\/strong><\/h3>\n<p>Projekat se bavi medijskom pismeno\u0161\u0107u korisnika javnih biblioteka u zrelijem dobu, a projektne aktivnosti usmerene su na razmenu iskustva i stru\u010dnu podr\u0161ku bibliotekarima za rad sa sa starijim korisnicima u slede\u0107im oblastima: Medijski monitoring, Medijska kritika, Medijska kreativnost i Medijski aktivizam.<\/p>\n<p><strong>Cilj<\/strong> ovog projekta da se bibliotekarima pru\u017ei stru\u010dna podr\u0161ka da razvijaju znanja i ohrabre starije gra\u0111ane, korisnike biblioteka da se slu\u017ee dru\u0161tvenim medijima, internetom, ali da uz pomo\u0107 bibliotekara pa\u017eljivije biraju, stvaraju i razmenjuju medijske sadr\u017eaje.<\/p>\n<p><strong>Projektne aktivnosti<\/strong> odvijaju se u tri ciklusa:<\/p>\n<ol>\n<li>Predavanja i radionice za bibliotekare (maj\u2013jun);<\/li>\n<li>Rad bibliotekara sa korisnicima (jul\u2013avgust);<\/li>\n<li>Predstavljanje rezultata i javna debata (avgust\u2013septembar).<\/li>\n<\/ol>\n<p>U skladu sa dosada\u0161njim aktivnostima unapre\u0111enja medijske pismenosti u srednjim \u0161kolama, ovim projektom nastavljamo rad u javnim bibliotekama. U razgovorima sa bibliotekarima utvrdi\u0107emo kako razvijaju komunikaciju sa penzionerima i korisnicima u zrelijem dobu. Budu\u0107i da im je potrebna podr\u0161ka u savla\u0111ivanju i upotrebi novih medija, biblioteka je pred novim izazovima unapre\u0111enja njihovih znanja i ve\u0161tina. U pandemijskom uslovima pokazalo se da je zabrana kretanja i neposrednog susreta s drugima osujetila normalnu komunikaciju i prouzrokovala zbunjenost, usamljenost i nesigurnost.<\/p>\n<p><strong>U projektu u\u010destvuju slede\u0107e javne biblioteke:<\/strong><\/p>\n<ul>\n<li>Mati\u010dna biblioteka \u201eLjubomir Nenadovi\u0107\u201c, Valjevo<\/li>\n<li>Narodna biblioteka \u201eVuk Karad\u017ei\u0107\u201c, Kragujevac<\/li>\n<li>Gradska biblioteka, Subotica<\/li>\n<li>Biblioteka Centar za kulturu, Kladovo<\/li>\n<li>Gradska biblioteka \u201eKarlo Bjelicki\u201c, Sombor<\/li>\n<li>Narodna biblioteka \u201eDr Du\u0161an Radi\u0107\u201c, Vrnja\u010dka Banja<\/li>\n<\/ul>\n<p><strong>\u00a0<\/strong><strong>Predava\u010di i stru\u010dni saradnici <\/strong>na projektu su:<\/p>\n<ul>\n<li>doc. dr Tamara Vu\u010denovi\u0107, Radio Beograd 2 i Univerzitet Metropoliten, Beograd<\/li>\n<li>dr Maja Vukadinovi\u0107, Fakultet modernih umetnosti, Beograd<\/li>\n<li>dr Ljiljana Mani\u0107, Visoka \u0161kola socijalnog rada, Beograd<\/li>\n<li>dr Vesna Crnogorac, vi\u0161i bibliotekar, Ni\u0161<\/li>\n<li>prof. dr Miroljub Radojkovi\u0107, Fakultet politi\u010dkih nauka, Beograd<\/li>\n<li>prof. dr Dalibor Petrovi\u0107, Saobra\u0107ajni fakultet i Filozofski fakultet, Beograd<\/li>\n<\/ul>\n<p>Realizaciju projekta podr\u017eala je <strong>Fondacija za otvoreno dru\u0161tvo<\/strong>.<\/p>\n<\/div>\n<\/div><\/div><div id=\"panel-111-0-0-1\" class=\"so-panel widget widget_sow-post-carousel panel-last-child\" data-index=\"1\" ><div\n\t\t\t\n\t\t\tclass=\"so-widget-sow-post-carousel so-widget-sow-post-carousel-base-4b6b1e8c40bc-111\"\n\t\t\t\n\t\t>\t<div\n\t\tclass=\"sow-post-carousel-wrapper sow-post-carousel-theme-base\"\n\t\tstyle=\"overflow: hidden; max-width: 100%; min-height: 182px\"\n\t>\n\t\t<div class=\"sow-carousel-title has-title\">\n\t<h3 class=\"widget-title\">News<\/h3>\t\t<div class=\"sow-carousel-navigation \">\n\t\t\t\t\t\t<a href=\"#\" class=\"sow-carousel-next\" title=\"Next\" aria-label=\"Next Posts\" role=\"button\"><\/a>\n\t\t\t\t\t\t<a href=\"#\" class=\"sow-carousel-previous\" title=\"Previous\" aria-label=\"Previous Posts\" role=\"button\"><\/a>\n\t\t\t\t\t<\/div>\n\t<\/div>\n\n<div class=\"sow-carousel-container \">\n\t\t<div class=\"sow-carousel-wrapper\"\n\t\tdata-dir=\"ltr\"\n\t\tstyle=\"opacity: 0;\"\n\t\tdata-widget=\"post\" data-fetching=\"false\" data-page=\"1\" data-ajax-url=\"https:\/\/www.bibliotekaplus.rs\/wp-admin\/admin-ajax.php?_widgets_nonce=2662988535\" data-item_count=\"8\" data-carousel_settings=\"{&quot;loop&quot;:true,&quot;animation&quot;:&quot;Ease&quot;,&quot;animation_speed&quot;:800,&quot;autoplay&quot;:&quot;off&quot;,&quot;pauseOnHover&quot;:false,&quot;autoplaySpeed&quot;:8000,&quot;item_overflow&quot;:true,&quot;autoplay_continuous_scroll&quot;:false}\" data-responsive=\"{&quot;desktop_slides_to_scroll&quot;:1,&quot;tablet_landscape_breakpoint&quot;:1366,&quot;tablet_landscape_slides_to_scroll&quot;:2,&quot;tablet_portrait_breakpoint&quot;:1025,&quot;tablet_portrait_slides_to_scroll&quot;:2,&quot;mobile_breakpoint&quot;:480,&quot;mobile_slides_to_scroll&quot;:1}\" data-variable_width=\"true\" \t>\n\t\t<div\n\t\t\tclass=\"sow-carousel-items\"\n\t\t\t\t\t>\n\t\t\t\t<div class=\"sow-carousel-item\" tabindex=\"-1\" style=\"float: left;\">\n\t\t<div class=\"sow-carousel-thumbnail\">\n\t\t\t\t\t\t\t<a\n\t\t\t\t\thref=\"https:\/\/www.bibliotekaplus.rs\/en\/o-medijskoj-pismenosti-za-zrelo-doba-sa-uzickim-bibliotekarima\/\"\n\t\t\t\t\t\t\t\t\t\tstyle=\"background-image: url( https:\/\/www.bibliotekaplus.rs\/wp-content\/uploads\/2022\/04\/DSCN1110-272x182.jpg )\"\n\t\t\t\t\taria-labelledby=\"sow-carousel-id-1816\"\n\t\t\t\t\ttabindex=\"-1\"\n\t\t\t\t>\n\t\t\t\t\t<span class=\"overlay\"><\/span>\n\t\t\t\t<\/a>\n\t\t\t\t\t<\/div>\n\t\t<h3 class=\"sow-carousel-item-title\">\n\t\t\t<a\n\t\t\t\thref=\"https:\/\/www.bibliotekaplus.rs\/en\/o-medijskoj-pismenosti-za-zrelo-doba-sa-uzickim-bibliotekarima\/\"\n\t\t\t\tid=\"sow-carousel-id-1816\"\n\t\t\t\t\t\t\t\ttabindex=\"-1\"\n\t\t\t>\n\n\t\t\t\t(\u0421\u0440\u043f\u0441\u043a\u0438) \u041e \u043c\u0435\u0434\u0438\u0458\u0441\u043a\u043e\u0458 \u043f\u0438\u0441\u043c\u0435\u043d\u043e\u0441\u0442\u0438 \u0437\u0430 \u0437\u0440\u0435\u043b\u043e \u0434\u043e\u0431\u0430 \u0441\u0430 \u0443\u0436\u0438\u0447\u043a\u0438\u043c \u0431\u0438\u0431\u043b\u0438\u043e\u0442\u0435\u043a\u0430\u0440\u0438\u043c\u0430\t\t\t<\/a>\n\t\t<\/h3>\n\t<\/div>\n\t\t<div class=\"sow-carousel-item\" tabindex=\"-1\" style=\"float: left;\">\n\t\t<div class=\"sow-carousel-thumbnail\">\n\t\t\t\t\t\t\t<a\n\t\t\t\t\thref=\"https:\/\/www.bibliotekaplus.rs\/en\/medijska-pismenost-za-zrelo-doba-u-javnim-bibliotekama\/\"\n\t\t\t\t\t\t\t\t\t\tstyle=\"background-image: url( https:\/\/www.bibliotekaplus.rs\/wp-content\/uploads\/2021\/06\/FB_IMG_1625645306153-272x182.jpg )\"\n\t\t\t\t\taria-labelledby=\"sow-carousel-id-561\"\n\t\t\t\t\ttabindex=\"-1\"\n\t\t\t\t>\n\t\t\t\t\t<span class=\"overlay\"><\/span>\n\t\t\t\t<\/a>\n\t\t\t\t\t<\/div>\n\t\t<h3 class=\"sow-carousel-item-title\">\n\t\t\t<a\n\t\t\t\thref=\"https:\/\/www.bibliotekaplus.rs\/en\/medijska-pismenost-za-zrelo-doba-u-javnim-bibliotekama\/\"\n\t\t\t\tid=\"sow-carousel-id-561\"\n\t\t\t\t\t\t\t\ttabindex=\"-1\"\n\t\t\t>\n\n\t\t\t\t(\u0421\u0440\u043f\u0441\u043a\u0438) Medijska pismenost za zrelo doba u javnim bibliotekama\t\t\t<\/a>\n\t\t<\/h3>\n\t<\/div>\n\t\t<div class=\"sow-carousel-item\" tabindex=\"-1\" style=\"float: left;\">\n\t\t<div class=\"sow-carousel-thumbnail\">\n\t\t\t\t\t\t\t<a\n\t\t\t\t\thref=\"https:\/\/www.bibliotekaplus.rs\/en\/medijska-ekologija-u-vrnjackoj-banji\/\"\n\t\t\t\t\t\t\t\t\t\tstyle=\"background-image: url( https:\/\/www.bibliotekaplus.rs\/wp-content\/uploads\/2021\/08\/FB_IMG_1625645318788-272x182.jpg )\"\n\t\t\t\t\taria-labelledby=\"sow-carousel-id-655\"\n\t\t\t\t\ttabindex=\"-1\"\n\t\t\t\t>\n\t\t\t\t\t<span class=\"overlay\"><\/span>\n\t\t\t\t<\/a>\n\t\t\t\t\t<\/div>\n\t\t<h3 class=\"sow-carousel-item-title\">\n\t\t\t<a\n\t\t\t\thref=\"https:\/\/www.bibliotekaplus.rs\/en\/medijska-ekologija-u-vrnjackoj-banji\/\"\n\t\t\t\tid=\"sow-carousel-id-655\"\n\t\t\t\t\t\t\t\ttabindex=\"-1\"\n\t\t\t>\n\n\t\t\t\t(\u0421\u0440\u043f\u0441\u043a\u0438) Medijska ekologija u Vrnja\u010dkoj Banji\t\t\t<\/a>\n\t\t<\/h3>\n\t<\/div>\n\t\t<div class=\"sow-carousel-item\" tabindex=\"-1\" style=\"float: left;\">\n\t\t<div class=\"sow-carousel-thumbnail\">\n\t\t\t\t\t\t\t<a\n\t\t\t\t\thref=\"https:\/\/www.bibliotekaplus.rs\/en\/medijska-pismenost-za-zrelo-doba-u-somboru\/\"\n\t\t\t\t\t\t\t\t\t\tstyle=\"background-image: url( https:\/\/www.bibliotekaplus.rs\/wp-content\/uploads\/2021\/08\/IMG_20210610_124108-272x182.jpg )\"\n\t\t\t\t\taria-labelledby=\"sow-carousel-id-645\"\n\t\t\t\t\ttabindex=\"-1\"\n\t\t\t\t>\n\t\t\t\t\t<span class=\"overlay\"><\/span>\n\t\t\t\t<\/a>\n\t\t\t\t\t<\/div>\n\t\t<h3 class=\"sow-carousel-item-title\">\n\t\t\t<a\n\t\t\t\thref=\"https:\/\/www.bibliotekaplus.rs\/en\/medijska-pismenost-za-zrelo-doba-u-somboru\/\"\n\t\t\t\tid=\"sow-carousel-id-645\"\n\t\t\t\t\t\t\t\ttabindex=\"-1\"\n\t\t\t>\n\n\t\t\t\t(\u0421\u0440\u043f\u0441\u043a\u0438) Medijska pismenost za zrelo doba u Somboru\t\t\t<\/a>\n\t\t<\/h3>\n\t<\/div>\n\t\t<div class=\"sow-carousel-item\" tabindex=\"-1\" style=\"float: left;\">\n\t\t<div class=\"sow-carousel-thumbnail\">\n\t\t\t\t\t\t\t<a\n\t\t\t\t\thref=\"https:\/\/www.bibliotekaplus.rs\/en\/medijska-ekologija-u-kladovu\/\"\n\t\t\t\t\t\t\t\t\t\tstyle=\"background-image: url( https:\/\/www.bibliotekaplus.rs\/wp-content\/uploads\/2021\/08\/1625661658959-272x182.jpg )\"\n\t\t\t\t\taria-labelledby=\"sow-carousel-id-634\"\n\t\t\t\t\ttabindex=\"-1\"\n\t\t\t\t>\n\t\t\t\t\t<span class=\"overlay\"><\/span>\n\t\t\t\t<\/a>\n\t\t\t\t\t<\/div>\n\t\t<h3 class=\"sow-carousel-item-title\">\n\t\t\t<a\n\t\t\t\thref=\"https:\/\/www.bibliotekaplus.rs\/en\/medijska-ekologija-u-kladovu\/\"\n\t\t\t\tid=\"sow-carousel-id-634\"\n\t\t\t\t\t\t\t\ttabindex=\"-1\"\n\t\t\t>\n\n\t\t\t\t(\u0421\u0440\u043f\u0441\u043a\u0438) Medijska ekologija u Kladovu\t\t\t<\/a>\n\t\t<\/h3>\n\t<\/div>\n\t\t<div class=\"sow-carousel-item\" tabindex=\"-1\" style=\"float: left;\">\n\t\t<div class=\"sow-carousel-thumbnail\">\n\t\t\t\t\t\t\t<a\n\t\t\t\t\thref=\"https:\/\/www.bibliotekaplus.rs\/en\/medijska-pismenost-za-trece-doba-subotica\/\"\n\t\t\t\t\t\t\t\t\t\tstyle=\"background-image: url( https:\/\/www.bibliotekaplus.rs\/wp-content\/uploads\/2021\/08\/1625661985900-272x182.jpg )\"\n\t\t\t\t\taria-labelledby=\"sow-carousel-id-98\"\n\t\t\t\t\ttabindex=\"-1\"\n\t\t\t\t>\n\t\t\t\t\t<span class=\"overlay\"><\/span>\n\t\t\t\t<\/a>\n\t\t\t\t\t<\/div>\n\t\t<h3 class=\"sow-carousel-item-title\">\n\t\t\t<a\n\t\t\t\thref=\"https:\/\/www.bibliotekaplus.rs\/en\/medijska-pismenost-za-trece-doba-subotica\/\"\n\t\t\t\tid=\"sow-carousel-id-98\"\n\t\t\t\t\t\t\t\ttabindex=\"-1\"\n\t\t\t>\n\n\t\t\t\t(\u0421\u0440\u043f\u0441\u043a\u0438) Medijska pismenost za tre\u0107e doba \u2013 Subotica\t\t\t<\/a>\n\t\t<\/h3>\n\t<\/div>\n\t\t<div class=\"sow-carousel-item\" tabindex=\"-1\" style=\"float: left;\">\n\t\t<div class=\"sow-carousel-thumbnail\">\n\t\t\t\t\t\t\t<a\n\t\t\t\t\thref=\"https:\/\/www.bibliotekaplus.rs\/en\/medijska-pismenost-za-trece-doba-kragujevac\/\"\n\t\t\t\t\t\t\t\t\t\tstyle=\"background-image: url( https:\/\/www.bibliotekaplus.rs\/wp-content\/uploads\/2021\/08\/IMG_20210517_135407-272x182.jpg )\"\n\t\t\t\t\taria-labelledby=\"sow-carousel-id-94\"\n\t\t\t\t\ttabindex=\"-1\"\n\t\t\t\t>\n\t\t\t\t\t<span class=\"overlay\"><\/span>\n\t\t\t\t<\/a>\n\t\t\t\t\t<\/div>\n\t\t<h3 class=\"sow-carousel-item-title\">\n\t\t\t<a\n\t\t\t\thref=\"https:\/\/www.bibliotekaplus.rs\/en\/medijska-pismenost-za-trece-doba-kragujevac\/\"\n\t\t\t\tid=\"sow-carousel-id-94\"\n\t\t\t\t\t\t\t\ttabindex=\"-1\"\n\t\t\t>\n\n\t\t\t\t(\u0421\u0440\u043f\u0441\u043a\u0438) Medijska ekologija u Kragujevcu\t\t\t<\/a>\n\t\t<\/h3>\n\t<\/div>\n\t\t<div class=\"sow-carousel-item\" tabindex=\"-1\" style=\"float: left;\">\n\t\t<div class=\"sow-carousel-thumbnail\">\n\t\t\t\t\t\t\t<a\n\t\t\t\t\thref=\"https:\/\/www.bibliotekaplus.rs\/en\/medijska-pismenost-za-trece-doba-valjevo\/\"\n\t\t\t\t\t\t\t\t\t\tstyle=\"background-image: url( https:\/\/www.bibliotekaplus.rs\/wp-content\/uploads\/2021\/05\/1625661764068-272x182.jpg )\"\n\t\t\t\t\taria-labelledby=\"sow-carousel-id-92\"\n\t\t\t\t\ttabindex=\"-1\"\n\t\t\t\t>\n\t\t\t\t\t<span class=\"overlay\"><\/span>\n\t\t\t\t<\/a>\n\t\t\t\t\t<\/div>\n\t\t<h3 class=\"sow-carousel-item-title\">\n\t\t\t<a\n\t\t\t\thref=\"https:\/\/www.bibliotekaplus.rs\/en\/medijska-pismenost-za-trece-doba-valjevo\/\"\n\t\t\t\tid=\"sow-carousel-id-92\"\n\t\t\t\t\t\t\t\ttabindex=\"-1\"\n\t\t\t>\n\n\t\t\t\t(\u0421\u0440\u043f\u0441\u043a\u0438) Po\u010detak realizacije projekta Medijska pismenost i medijska ekologija\t\t\t<\/a>\n\t\t<\/h3>\n\t<\/div>\n\t\t\t<\/div>\n\t\t\t<\/div>\n\n\t<\/div>\n\t\t<input type=\"hidden\" name=\"instance_hash\" value=\"1ac7f1a5\"\/>\n\t<\/div>\n<\/div><\/div><\/div><\/div><\/div>","protected":false},"excerpt":{"rendered":"<p>Medijska pismenost za zrelo doba Projekat se bavi medijskom pismeno\u0161\u0107u korisnika javnih biblioteka u zrelijem dobu, a projektne aktivnosti usmerene su na razmenu iskustva i stru\u010dnu podr\u0161ku bibliotekarima za rad sa sa starijim korisnicima u slede\u0107im oblastima: Medijski monitoring, Medijska kritika, Medijska kreativnost i Medijski aktivizam. Cilj ovog projekta da se bibliotekarima pru\u017ei stru\u010dna podr\u0161ka [&hellip;]<\/p>\n","protected":false},"author":1,"featured_media":546,"parent":0,"menu_order":0,"comment_status":"closed","ping_status":"closed","template":"","meta":{"footnotes":"","_wp_rev_ctl_limit":""},"class_list":["post-111","page","type-page","status-publish","has-post-thumbnail","hentry","post"],"_links":{"self":[{"href":"https:\/\/www.bibliotekaplus.rs\/en\/wp-json\/wp\/v2\/pages\/111","targetHints":{"allow":["GET"]}}],"collection":[{"href":"https:\/\/www.bibliotekaplus.rs\/en\/wp-json\/wp\/v2\/pages"}],"about":[{"href":"https:\/\/www.bibliotekaplus.rs\/en\/wp-json\/wp\/v2\/types\/page"}],"author":[{"embeddable":true,"href":"https:\/\/www.bibliotekaplus.rs\/en\/wp-json\/wp\/v2\/users\/1"}],"replies":[{"embeddable":true,"href":"https:\/\/www.bibliotekaplus.rs\/en\/wp-json\/wp\/v2\/comments?post=111"}],"version-history":[{"count":5,"href":"https:\/\/www.bibliotekaplus.rs\/en\/wp-json\/wp\/v2\/pages\/111\/revisions"}],"predecessor-version":[{"id":2026,"href":"https:\/\/www.bibliotekaplus.rs\/en\/wp-json\/wp\/v2\/pages\/111\/revisions\/2026"}],"wp:featuredmedia":[{"embeddable":true,"href":"https:\/\/www.bibliotekaplus.rs\/en\/wp-json\/wp\/v2\/media\/546"}],"wp:attachment":[{"href":"https:\/\/www.bibliotekaplus.rs\/en\/wp-json\/wp\/v2\/media?parent=111"}],"curies":[{"name":"wp","href":"https:\/\/api.w.org\/{rel}","templated":true}]}}