{"id":109,"date":"2021-05-21T17:12:04","date_gmt":"2021-05-21T15:12:04","guid":{"rendered":"http:\/\/www.bibliotekaplus.rs\/b_plus\/?page_id=109"},"modified":"2022-12-15T17:08:27","modified_gmt":"2022-12-15T16:08:27","slug":"digitalni-pogon","status":"publish","type":"page","link":"https:\/\/www.bibliotekaplus.rs\/en\/digitalni-pogon\/","title":{"rendered":"(\u0421\u0440\u043f\u0441\u043a\u0438) Digitalni pogon"},"content":{"rendered":"<div id=\"pl-109\"  class=\"panel-layout\" ><div id=\"pg-109-0\"  class=\"panel-grid panel-no-style\" ><div id=\"pgc-109-0-0\"  class=\"panel-grid-cell\" ><div id=\"panel-109-0-0-0\" class=\"so-panel widget widget_sow-editor panel-first-child\" data-index=\"0\" ><div\n\t\t\t\n\t\t\tclass=\"so-widget-sow-editor so-widget-sow-editor-base\"\n\t\t\t\n\t\t>\n<div class=\"siteorigin-widget-tinymce textwidget\">\n\t<p>Osnovni cilj projekta <a href=\"https:\/\/medijskapismenost.org.rs\"><strong>Digitalni pogon<\/strong><\/a> jeste uvo\u0111enje prakse medijske i informacione pismenosti u postoje\u0107e sisteme osnovnog i srednjeg obrazovanja u Srbiji kao oblika funkcionalne pismenosti gra\u0111ana i gra\u0111anki u demokratskom dru\u0161tvu 21. veka.<\/p>\n<p>Projekat za cilj tako\u0111e ima razvijanje kriti\u010dke svesti u\u010denika, kao i razvoj kreativnosti i interaktivnosti u \u0161kolama.<\/p>\n<p>Medijska pismenost\u00a0u dana\u0161njem dru\u0161tvu predstavlja novu formu funkcionalne pismenosti gra\u0111ana i gra\u0111anki i neizostavan je faktor u organizaciji svakodnevnog \u017eivota.<\/p>\n<p>Ekspanzija multimedija\u00a0i tehnologije dovela je do\u00a0promene na\u010dina na koji komuniciramo\u00a0u dru\u0161tvu, a samim tim uticala je i na promenu na\u010dina na koji u\u00a0dru\u0161tvu funkcioni\u0161emo, u\u010dimo i radimo.<\/p>\n<p><strong>Ciljna grupe <\/strong>kojima je namenjen projekat su prosvetni radnici osnovnih i srednjih \u0161kola, \u0161kolski bibliotekari, pedagozi i psiholozi i u\u010denici.<\/p>\n<p><strong>Realizacija projekta<\/strong> traja\u0107e tri godine i planirano je da obuhvati 10 osnovnih i 10 srednjih \u0161kola iz Srbije. Aktivnosti koje \u0107e biti realizovane u okviru projektne saradnje sa \u0161kolama:<\/p>\n<p>Seminari stru\u010dnog usavr\u0161avanja prosvetnih radnika, letnji kampovi medijske pismenosti namenjeni prosvetnim radnicima i u\u010denicima, Forumi \u0161kolskih bibliotekara i stru\u010dnih saradnika, Zavr\u0161na konferencija sa festivalom kreativnih ve\u0161tina i studijsko putovanje (na kraju realizacije projekta) u evropske zemlje radi ostvarivanja saradnje sa drugim \u0161kolama.<\/p>\n<p>Pored toga, projektom je predvi\u0111ena i izgradnja onlajn platforme sa edukativnim materijalima i alatima za unapre\u0111ivanje medijske i informacione pismenosti u\u010denika i nastavnika<\/p>\n<p>Projekat Digitalni pogon partnerski realizuju <a href=\"https:\/\/novinarska-skola.org.rs\/sr\/\"><strong>Novosadska novinarska \u0161kola<\/strong><\/a> i <strong>Udru\u017eenje Biblioteka plus<\/strong>.<\/p>\n<p>Realizaciju projekta Digitalni pogon podr\u017eala je Delegacije Evropske unije u okviru programa <em>Civil Society Facility and Media Programme 2016-2017<\/em>, a aktivnosti koje \u0107e biti realizovane u toku prve godine kofinansirane su u okviru projekta Civilno dru\u0161tvo za unapre\u0111enje pristupanja Srbije Evropskoj uniji koji se realizuje u partnerstvu sa Beogradskom otvorenom \u0161kolom i uz podr\u0161ku \u0160vedske i Organizacije za evropsku bezbednost i saradnju \u2013 Misija OEBS-a u Srbiji. Kofinansiranje projekta tako\u0111e je obezbedila i Kancelarija za saradnju sa civilnim dru\u0161tvom Vlade Republike Srbije.<\/p>\n<\/div>\n<\/div><\/div><div id=\"panel-109-0-0-1\" class=\"so-panel widget widget_sow-post-carousel panel-last-child\" data-index=\"1\" ><div\n\t\t\t\n\t\t\tclass=\"so-widget-sow-post-carousel so-widget-sow-post-carousel-base-0471499d4c66-109\"\n\t\t\t\n\t\t>\t<div\n\t\tclass=\"sow-post-carousel-wrapper sow-post-carousel-theme-base\"\n\t\tstyle=\"overflow: hidden; max-width: 100%; min-height: 182px\"\n\t>\n\t\t<div class=\"sow-carousel-title has-title\">\n\t<h3 class=\"widget-title\">News<\/h3>\t\t<div class=\"sow-carousel-navigation \">\n\t\t\t\t\t\t<a href=\"#\" class=\"sow-carousel-next\" title=\"Next\" aria-label=\"Next Posts\" role=\"button\"><\/a>\n\t\t\t\t\t\t<a href=\"#\" class=\"sow-carousel-previous\" title=\"Previous\" aria-label=\"Previous Posts\" role=\"button\"><\/a>\n\t\t\t\t\t<\/div>\n\t<\/div>\n\n<div class=\"sow-carousel-container \">\n\t\t<div class=\"sow-carousel-wrapper\"\n\t\tdata-dir=\"ltr\"\n\t\tstyle=\"opacity: 0;\"\n\t\tdata-widget=\"post\" data-fetching=\"false\" data-page=\"1\" data-ajax-url=\"https:\/\/www.bibliotekaplus.rs\/wp-admin\/admin-ajax.php?_widgets_nonce=2662988535\" data-item_count=\"5\" data-carousel_settings=\"{&quot;loop&quot;:true,&quot;animation&quot;:&quot;Ease&quot;,&quot;animation_speed&quot;:800,&quot;autoplay&quot;:&quot;off&quot;,&quot;pauseOnHover&quot;:false,&quot;autoplaySpeed&quot;:8000,&quot;item_overflow&quot;:true,&quot;autoplay_continuous_scroll&quot;:false}\" data-responsive=\"{&quot;desktop_slides_to_scroll&quot;:1,&quot;tablet_landscape_breakpoint&quot;:1366,&quot;tablet_landscape_slides_to_scroll&quot;:2,&quot;tablet_portrait_breakpoint&quot;:1025,&quot;tablet_portrait_slides_to_scroll&quot;:2,&quot;mobile_breakpoint&quot;:480,&quot;mobile_slides_to_scroll&quot;:1}\" data-variable_width=\"true\" \t>\n\t\t<div\n\t\t\tclass=\"sow-carousel-items\"\n\t\t\t\t\t>\n\t\t\t\t<div class=\"sow-carousel-item\" tabindex=\"-1\" style=\"float: left;\">\n\t\t<div class=\"sow-carousel-thumbnail\">\n\t\t\t\t\t\t\t<a\n\t\t\t\t\thref=\"https:\/\/www.bibliotekaplus.rs\/en\/srbija-na-samom-dnu-po-pitanju-medijske-pismenosti-video\/\"\n\t\t\t\t\t\t\t\t\t\tstyle=\"background-image: url( https:\/\/www.bibliotekaplus.rs\/wp-content\/uploads\/2021\/10\/Zoran-Hamovic-Beta-272x182.jpg )\"\n\t\t\t\t\taria-labelledby=\"sow-carousel-id-1723\"\n\t\t\t\t\ttabindex=\"-1\"\n\t\t\t\t>\n\t\t\t\t\t<span class=\"overlay\"><\/span>\n\t\t\t\t<\/a>\n\t\t\t\t\t<\/div>\n\t\t<h3 class=\"sow-carousel-item-title\">\n\t\t\t<a\n\t\t\t\thref=\"https:\/\/www.bibliotekaplus.rs\/en\/srbija-na-samom-dnu-po-pitanju-medijske-pismenosti-video\/\"\n\t\t\t\tid=\"sow-carousel-id-1723\"\n\t\t\t\t\t\t\t\ttabindex=\"-1\"\n\t\t\t>\n\n\t\t\t\t(\u0421\u0440\u043f\u0441\u043a\u0438) Srbija na samom dnu po pitanju medijske pismenosti (VIDEO)\t\t\t<\/a>\n\t\t<\/h3>\n\t<\/div>\n\t\t<div class=\"sow-carousel-item\" tabindex=\"-1\" style=\"float: left;\">\n\t\t<div class=\"sow-carousel-thumbnail\">\n\t\t\t\t\t\t\t<a\n\t\t\t\t\thref=\"https:\/\/www.bibliotekaplus.rs\/en\/studijska-poseta-crnoj-gori-otvoreni-putevi-saradnje\/\"\n\t\t\t\t\t\t\t\t\t\tstyle=\"background-image: url( https:\/\/www.bibliotekaplus.rs\/wp-content\/uploads\/2021\/09\/4.-Ispred-Zetskog-doma-272x182.jpg )\"\n\t\t\t\t\taria-labelledby=\"sow-carousel-id-1125\"\n\t\t\t\t\ttabindex=\"-1\"\n\t\t\t\t>\n\t\t\t\t\t<span class=\"overlay\"><\/span>\n\t\t\t\t<\/a>\n\t\t\t\t\t<\/div>\n\t\t<h3 class=\"sow-carousel-item-title\">\n\t\t\t<a\n\t\t\t\thref=\"https:\/\/www.bibliotekaplus.rs\/en\/studijska-poseta-crnoj-gori-otvoreni-putevi-saradnje\/\"\n\t\t\t\tid=\"sow-carousel-id-1125\"\n\t\t\t\t\t\t\t\ttabindex=\"-1\"\n\t\t\t>\n\n\t\t\t\t(\u0421\u0440\u043f\u0441\u043a\u0438) Studijska poseta Crnoj Gori \u2013 otvoreni putevi saradnje\t\t\t<\/a>\n\t\t<\/h3>\n\t<\/div>\n\t\t<div class=\"sow-carousel-item\" tabindex=\"-1\" style=\"float: left;\">\n\t\t<div class=\"sow-carousel-thumbnail\">\n\t\t\t\t\t\t\t<a\n\t\t\t\t\thref=\"https:\/\/www.bibliotekaplus.rs\/en\/zavrsnica-projekta-digitalni-pogon\/\"\n\t\t\t\t\t\t\t\t\t\tstyle=\"background-image: url( https:\/\/www.bibliotekaplus.rs\/wp-content\/uploads\/2021\/05\/digitalni-pogon-272x182.jpg )\"\n\t\t\t\t\taria-labelledby=\"sow-carousel-id-100\"\n\t\t\t\t\ttabindex=\"-1\"\n\t\t\t\t>\n\t\t\t\t\t<span class=\"overlay\"><\/span>\n\t\t\t\t<\/a>\n\t\t\t\t\t<\/div>\n\t\t<h3 class=\"sow-carousel-item-title\">\n\t\t\t<a\n\t\t\t\thref=\"https:\/\/www.bibliotekaplus.rs\/en\/zavrsnica-projekta-digitalni-pogon\/\"\n\t\t\t\tid=\"sow-carousel-id-100\"\n\t\t\t\t\t\t\t\ttabindex=\"-1\"\n\t\t\t>\n\n\t\t\t\t(\u0421\u0440\u043f\u0441\u043a\u0438) Zavr\u0161nica projekta Digitalni pogon\t\t\t<\/a>\n\t\t<\/h3>\n\t<\/div>\n\t\t<div class=\"sow-carousel-item\" tabindex=\"-1\" style=\"float: left;\">\n\t\t<div class=\"sow-carousel-thumbnail\">\n\t\t\t\t\t\t\t<a\n\t\t\t\t\thref=\"https:\/\/www.bibliotekaplus.rs\/en\/konferencija-digitalni-pogon\/\"\n\t\t\t\t\t\t\t\t\t\tstyle=\"background-image: url( https:\/\/www.bibliotekaplus.rs\/wp-content\/uploads\/2020\/11\/IMG_20201128_100444_resized_20201229_121949633-272x182.jpg )\"\n\t\t\t\t\taria-labelledby=\"sow-carousel-id-85\"\n\t\t\t\t\ttabindex=\"-1\"\n\t\t\t\t>\n\t\t\t\t\t<span class=\"overlay\"><\/span>\n\t\t\t\t<\/a>\n\t\t\t\t\t<\/div>\n\t\t<h3 class=\"sow-carousel-item-title\">\n\t\t\t<a\n\t\t\t\thref=\"https:\/\/www.bibliotekaplus.rs\/en\/konferencija-digitalni-pogon\/\"\n\t\t\t\tid=\"sow-carousel-id-85\"\n\t\t\t\t\t\t\t\ttabindex=\"-1\"\n\t\t\t>\n\n\t\t\t\t(\u0421\u0440\u043f\u0441\u043a\u0438) Medijska pismenost i nova kreativnost u Dor\u0107ol placu\t\t\t<\/a>\n\t\t<\/h3>\n\t<\/div>\n\t\t<div class=\"sow-carousel-item\" tabindex=\"-1\" style=\"float: left;\">\n\t\t<div class=\"sow-carousel-thumbnail\">\n\t\t\t\t\t\t\t<a\n\t\t\t\t\thref=\"https:\/\/www.bibliotekaplus.rs\/en\/medijska-pismenost-i-nova-kreativnost\/\"\n\t\t\t\t\t\t\t\t\t\tstyle=\"background-image: url( https:\/\/www.bibliotekaplus.rs\/wp-content\/uploads\/2020\/11\/najavni-slajd1-272x182.jpg )\"\n\t\t\t\t\taria-labelledby=\"sow-carousel-id-102\"\n\t\t\t\t\ttabindex=\"-1\"\n\t\t\t\t>\n\t\t\t\t\t<span class=\"overlay\"><\/span>\n\t\t\t\t<\/a>\n\t\t\t\t\t<\/div>\n\t\t<h3 class=\"sow-carousel-item-title\">\n\t\t\t<a\n\t\t\t\thref=\"https:\/\/www.bibliotekaplus.rs\/en\/medijska-pismenost-i-nova-kreativnost\/\"\n\t\t\t\tid=\"sow-carousel-id-102\"\n\t\t\t\t\t\t\t\ttabindex=\"-1\"\n\t\t\t>\n\n\t\t\t\tMedia literacy and new creativity\t\t\t<\/a>\n\t\t<\/h3>\n\t<\/div>\n\t\t\t<\/div>\n\t\t\t<\/div>\n\n\t<\/div>\n\t\t<input type=\"hidden\" name=\"instance_hash\" value=\"2cb32f5d\"\/>\n\t<\/div>\n<\/div><\/div><\/div><\/div><\/div>","protected":false},"excerpt":{"rendered":"<p>Osnovni cilj projekta Digitalni pogon jeste uvo\u0111enje prakse medijske i informacione pismenosti u postoje\u0107e sisteme osnovnog i srednjeg obrazovanja u Srbiji kao oblika funkcionalne pismenosti gra\u0111ana i gra\u0111anki u demokratskom dru\u0161tvu 21. veka. Projekat za cilj tako\u0111e ima razvijanje kriti\u010dke svesti u\u010denika, kao i razvoj kreativnosti i interaktivnosti u \u0161kolama. Medijska pismenost\u00a0u dana\u0161njem dru\u0161tvu predstavlja [&hellip;]<\/p>\n","protected":false},"author":1,"featured_media":539,"parent":0,"menu_order":0,"comment_status":"closed","ping_status":"closed","template":"","meta":{"footnotes":"","_wp_rev_ctl_limit":""},"class_list":["post-109","page","type-page","status-publish","has-post-thumbnail","hentry","post"],"_links":{"self":[{"href":"https:\/\/www.bibliotekaplus.rs\/en\/wp-json\/wp\/v2\/pages\/109","targetHints":{"allow":["GET"]}}],"collection":[{"href":"https:\/\/www.bibliotekaplus.rs\/en\/wp-json\/wp\/v2\/pages"}],"about":[{"href":"https:\/\/www.bibliotekaplus.rs\/en\/wp-json\/wp\/v2\/types\/page"}],"author":[{"embeddable":true,"href":"https:\/\/www.bibliotekaplus.rs\/en\/wp-json\/wp\/v2\/users\/1"}],"replies":[{"embeddable":true,"href":"https:\/\/www.bibliotekaplus.rs\/en\/wp-json\/wp\/v2\/comments?post=109"}],"version-history":[{"count":5,"href":"https:\/\/www.bibliotekaplus.rs\/en\/wp-json\/wp\/v2\/pages\/109\/revisions"}],"predecessor-version":[{"id":2030,"href":"https:\/\/www.bibliotekaplus.rs\/en\/wp-json\/wp\/v2\/pages\/109\/revisions\/2030"}],"wp:featuredmedia":[{"embeddable":true,"href":"https:\/\/www.bibliotekaplus.rs\/en\/wp-json\/wp\/v2\/media\/539"}],"wp:attachment":[{"href":"https:\/\/www.bibliotekaplus.rs\/en\/wp-json\/wp\/v2\/media?parent=109"}],"curies":[{"name":"wp","href":"https:\/\/api.w.org\/{rel}","templated":true}]}}