{"id":1058,"date":"2021-08-30T19:14:52","date_gmt":"2021-08-30T17:14:52","guid":{"rendered":"http:\/\/www.bibliotekaplus.rs\/b_plus\/?page_id=1058"},"modified":"2021-10-15T14:10:17","modified_gmt":"2021-10-15T12:10:17","slug":"kriterijumi-izbora-medijskih-sadrzaja","status":"publish","type":"page","link":"https:\/\/www.bibliotekaplus.rs\/en\/obrazovni-materijali\/kriterijumi-izbora-medijskih-sadrzaja\/","title":{"rendered":"(\u0421\u0440\u043f\u0441\u043a\u0438) \u041a\u0440\u0438\u0442\u0435\u0440\u0438\u0458\u0443\u043c\u0438 \u0438\u0437\u0431\u043e\u0440\u0430 \u043c\u0435\u0434\u0438\u0458\u0441\u043a\u0438\u0445 \u0441\u0430\u0434\u0440\u0436\u0430\u0458\u0430"},"content":{"rendered":"<div id=\"pl-1058\"  class=\"panel-layout\" ><div id=\"pg-1058-0\"  class=\"panel-grid panel-no-style\" ><div id=\"pgc-1058-0-0\"  class=\"panel-grid-cell\" ><div id=\"panel-1058-0-0-0\" class=\"so-panel widget widget_sow-editor panel-first-child panel-last-child\" data-index=\"0\" ><div\n\t\t\t\n\t\t\tclass=\"so-widget-sow-editor so-widget-sow-editor-base\"\n\t\t\t\n\t\t>\n<div class=\"siteorigin-widget-tinymce textwidget\">\n\t<p><!-- wp:list --><\/p>\n<p><!-- \/wp:heading --><\/p>\n<p><!-- wp:list --><\/p>\n\r\n<div id=\"slider-pro-2\" class=\"slider-pro sp-no-js\" style=\"width: 1280px; height: 720px;\">\r\n\t<div class=\"sp-slides\">\r\n\t\t\r\n\t\t<div class=\"sp-slide\">\r\n\t\t\t<a class=\"\" href=\"https:\/\/www.bibliotekaplus.rs\/wp-content\/uploads\/2021\/08\/Slide1-1-300x225.jpg\" target=\"_self\">\r\n\t\t\t\t<img loading=\"lazy\" decoding=\"async\" class=\"sp-image\" src=\"https:\/\/www.bibliotekaplus.rs\/wp-content\/plugins\/sliderpro\/public\/assets\/css\/images\/blank.gif\" data-src=\"https:\/\/www.bibliotekaplus.rs\/wp-content\/uploads\/2021\/08\/Slide1-1-300x225.jpg\" width=\"300\" height=\"225\" \/>\r\n\t\t\t<\/a>\r\n\t\t\t\r\n\t\t<\/div>\r\n\t\t<div class=\"sp-slide\">\r\n\t\t\t<a class=\"\" href=\"https:\/\/www.bibliotekaplus.rs\/wp-content\/uploads\/2021\/08\/Slide2-1-300x225.jpg\" target=\"_self\">\r\n\t\t\t\t<img loading=\"lazy\" decoding=\"async\" class=\"sp-image\" src=\"https:\/\/www.bibliotekaplus.rs\/wp-content\/plugins\/sliderpro\/public\/assets\/css\/images\/blank.gif\" data-src=\"https:\/\/www.bibliotekaplus.rs\/wp-content\/uploads\/2021\/08\/Slide2-1-300x225.jpg\" width=\"300\" height=\"225\" \/>\r\n\t\t\t<\/a>\r\n\t\t\t\r\n\t\t<\/div>\r\n\t\t<div class=\"sp-slide\">\r\n\t\t\t<a class=\"\" href=\"https:\/\/www.bibliotekaplus.rs\/wp-content\/uploads\/2021\/08\/Slide3-1-300x225.jpg\" target=\"_self\">\r\n\t\t\t\t<img loading=\"lazy\" decoding=\"async\" class=\"sp-image\" src=\"https:\/\/www.bibliotekaplus.rs\/wp-content\/plugins\/sliderpro\/public\/assets\/css\/images\/blank.gif\" data-src=\"https:\/\/www.bibliotekaplus.rs\/wp-content\/uploads\/2021\/08\/Slide3-1-300x225.jpg\" width=\"300\" height=\"225\" \/>\r\n\t\t\t<\/a>\r\n\t\t\t\r\n\t\t<\/div>\r\n\t\t<div class=\"sp-slide\">\r\n\t\t\t<a class=\"\" href=\"https:\/\/www.bibliotekaplus.rs\/wp-content\/uploads\/2021\/08\/Slide4-1-300x225.jpg\" target=\"_self\">\r\n\t\t\t\t<img loading=\"lazy\" decoding=\"async\" class=\"sp-image\" src=\"https:\/\/www.bibliotekaplus.rs\/wp-content\/plugins\/sliderpro\/public\/assets\/css\/images\/blank.gif\" data-src=\"https:\/\/www.bibliotekaplus.rs\/wp-content\/uploads\/2021\/08\/Slide4-1-300x225.jpg\" width=\"300\" height=\"225\" \/>\r\n\t\t\t<\/a>\r\n\t\t\t\r\n\t\t<\/div>\r\n\t\t<div class=\"sp-slide\">\r\n\t\t\t<a class=\"\" href=\"https:\/\/www.bibliotekaplus.rs\/wp-content\/uploads\/2021\/08\/Slide5-1-300x225.jpg\" target=\"_self\">\r\n\t\t\t\t<img loading=\"lazy\" decoding=\"async\" class=\"sp-image\" src=\"https:\/\/www.bibliotekaplus.rs\/wp-content\/plugins\/sliderpro\/public\/assets\/css\/images\/blank.gif\" data-src=\"https:\/\/www.bibliotekaplus.rs\/wp-content\/uploads\/2021\/08\/Slide5-1-300x225.jpg\" width=\"300\" height=\"225\" \/>\r\n\t\t\t<\/a>\r\n\t\t\t\r\n\t\t<\/div>\r\n\t\t<div class=\"sp-slide\">\r\n\t\t\t<a class=\"\" href=\"https:\/\/www.bibliotekaplus.rs\/wp-content\/uploads\/2021\/08\/Slide6-1-300x225.jpg\" target=\"_self\">\r\n\t\t\t\t<img loading=\"lazy\" decoding=\"async\" class=\"sp-image\" src=\"https:\/\/www.bibliotekaplus.rs\/wp-content\/plugins\/sliderpro\/public\/assets\/css\/images\/blank.gif\" data-src=\"https:\/\/www.bibliotekaplus.rs\/wp-content\/uploads\/2021\/08\/Slide6-1-300x225.jpg\" width=\"300\" height=\"225\" \/>\r\n\t\t\t<\/a>\r\n\t\t\t\r\n\t\t<\/div>\r\n\t\t<div class=\"sp-slide\">\r\n\t\t\t<a class=\"\" href=\"https:\/\/www.bibliotekaplus.rs\/wp-content\/uploads\/2021\/08\/Slide7-1-300x225.jpg\" target=\"_self\">\r\n\t\t\t\t<img loading=\"lazy\" decoding=\"async\" class=\"sp-image\" src=\"https:\/\/www.bibliotekaplus.rs\/wp-content\/plugins\/sliderpro\/public\/assets\/css\/images\/blank.gif\" data-src=\"https:\/\/www.bibliotekaplus.rs\/wp-content\/uploads\/2021\/08\/Slide7-1-300x225.jpg\" width=\"300\" height=\"225\" \/>\r\n\t\t\t<\/a>\r\n\t\t\t\r\n\t\t<\/div>\r\n\t\t<div class=\"sp-slide\">\r\n\t\t\t<a class=\"\" href=\"https:\/\/www.bibliotekaplus.rs\/wp-content\/uploads\/2021\/08\/Slide8-1-300x225.jpg\" target=\"_self\">\r\n\t\t\t\t<img loading=\"lazy\" decoding=\"async\" class=\"sp-image\" src=\"https:\/\/www.bibliotekaplus.rs\/wp-content\/plugins\/sliderpro\/public\/assets\/css\/images\/blank.gif\" data-src=\"https:\/\/www.bibliotekaplus.rs\/wp-content\/uploads\/2021\/08\/Slide8-1-300x225.jpg\" width=\"300\" height=\"225\" \/>\r\n\t\t\t<\/a>\r\n\t\t\t\r\n\t\t<\/div>\r\n\t<\/div>\r\n<\/div>\n<p>&nbsp;<\/p>\n<\/div>\n<\/div><\/div><\/div><div id=\"pgc-1058-0-1\"  class=\"panel-grid-cell\" ><div id=\"panel-1058-0-1-0\" class=\"so-panel widget widget_sow-editor panel-first-child panel-last-child\" data-index=\"1\" ><div\n\t\t\t\n\t\t\tclass=\"so-widget-sow-editor so-widget-sow-editor-base\"\n\t\t\t\n\t\t>\n<div class=\"siteorigin-widget-tinymce textwidget\">\n\t<ul>\n<li><strong>Maja Vukadinovi\u0107 <\/strong><em><strong>KRITERIJUMI IZBORA MEDIJSKIH SADR\u017dAJA<\/strong><\/em><\/li>\n<\/ul>\n<p>Prezentacija prof. dr Maje Vukadinovi\u0107 u okviru projekta <em><strong>Medijsko nasilje i medijska ekologija: medijska pismenost za zrelo doba<\/strong><\/em><\/p>\n<\/div>\n<\/div><\/div><\/div><\/div><\/div>","protected":false},"excerpt":{"rendered":"<p>&nbsp; Maja Vukadinovi\u0107 KRITERIJUMI IZBORA MEDIJSKIH SADR\u017dAJA Prezentacija prof. dr Maje Vukadinovi\u0107 u okviru projekta Medijsko nasilje i medijska ekologija: medijska pismenost za zrelo doba<\/p>\n","protected":false},"author":1,"featured_media":0,"parent":673,"menu_order":0,"comment_status":"closed","ping_status":"closed","template":"","meta":{"footnotes":"","_wp_rev_ctl_limit":""},"class_list":["post-1058","page","type-page","status-publish","hentry","post"],"_links":{"self":[{"href":"https:\/\/www.bibliotekaplus.rs\/en\/wp-json\/wp\/v2\/pages\/1058","targetHints":{"allow":["GET"]}}],"collection":[{"href":"https:\/\/www.bibliotekaplus.rs\/en\/wp-json\/wp\/v2\/pages"}],"about":[{"href":"https:\/\/www.bibliotekaplus.rs\/en\/wp-json\/wp\/v2\/types\/page"}],"author":[{"embeddable":true,"href":"https:\/\/www.bibliotekaplus.rs\/en\/wp-json\/wp\/v2\/users\/1"}],"replies":[{"embeddable":true,"href":"https:\/\/www.bibliotekaplus.rs\/en\/wp-json\/wp\/v2\/comments?post=1058"}],"version-history":[{"count":3,"href":"https:\/\/www.bibliotekaplus.rs\/en\/wp-json\/wp\/v2\/pages\/1058\/revisions"}],"predecessor-version":[{"id":1706,"href":"https:\/\/www.bibliotekaplus.rs\/en\/wp-json\/wp\/v2\/pages\/1058\/revisions\/1706"}],"up":[{"embeddable":true,"href":"https:\/\/www.bibliotekaplus.rs\/en\/wp-json\/wp\/v2\/pages\/673"}],"wp:attachment":[{"href":"https:\/\/www.bibliotekaplus.rs\/en\/wp-json\/wp\/v2\/media?parent=1058"}],"curies":[{"name":"wp","href":"https:\/\/api.w.org\/{rel}","templated":true}]}}