{"id":1046,"date":"2021-08-30T19:08:39","date_gmt":"2021-08-30T17:08:39","guid":{"rendered":"http:\/\/www.bibliotekaplus.rs\/b_plus\/?page_id=1046"},"modified":"2021-08-30T19:08:39","modified_gmt":"2021-08-30T17:08:39","slug":"medijski-posredovano-drustvo","status":"publish","type":"page","link":"https:\/\/www.bibliotekaplus.rs\/en\/obrazovni-materijali\/medijski-posredovano-drustvo\/","title":{"rendered":"(\u0421\u0440\u043f\u0441\u043a\u0438) Medijski posredovano dru\u0161tvo"},"content":{"rendered":"<div id=\"pl-1046\"  class=\"panel-layout\" ><div id=\"pg-1046-0\"  class=\"panel-grid panel-no-style\" ><div id=\"pgc-1046-0-0\"  class=\"panel-grid-cell\" ><div id=\"panel-1046-0-0-0\" class=\"so-panel widget widget_sow-editor panel-first-child panel-last-child\" data-index=\"0\" ><div\n\t\t\t\n\t\t\tclass=\"so-widget-sow-editor so-widget-sow-editor-base\"\n\t\t\t\n\t\t>\n<div class=\"siteorigin-widget-tinymce textwidget\">\n\t<div class=\"_df_thumb \" id=\"df_1023\"  _slug=\"medijski-posredovano-drustvo\" data-title=\"%d1%81%d1%80%d0%bf%d1%81%d0%ba%d0%b8-medijski-posredovano-drustvo\" wpoptions=\"true\" thumb=\"https:\/\/www.bibliotekaplus.rs\/wp-content\/uploads\/2021\/08\/PSIHOLOGIJA-MEDIJA.jpg\" thumbtype=\"\" >(\u0421\u0440\u043f\u0441\u043a\u0438) Medijski posredovano dru\u0161tvo<\/div><script class=\"df-shortcode-script\" nowprocket type=\"application\/javascript\">window.option_df_1023 = {\"outline\":[],\"autoEnableOutline\":\"false\",\"autoEnableThumbnail\":\"false\",\"overwritePDFOutline\":\"false\",\"direction\":\"1\",\"pageSize\":\"0\",\"source\":\"https:\\\/\\\/www.bibliotekaplus.rs\\\/wp-content\\\/uploads\\\/2021\\\/08\\\/Psihologija-medija_odlomak.pdf\",\"wpOptions\":\"true\"}; if(window.DFLIP && window.DFLIP.parseBooks){window.DFLIP.parseBooks();}<\/script>\n<\/div>\n<\/div><\/div><\/div><div id=\"pgc-1046-0-1\"  class=\"panel-grid-cell\" ><div id=\"panel-1046-0-1-0\" class=\"so-panel widget widget_sow-editor panel-first-child panel-last-child\" data-index=\"1\" ><div\n\t\t\t\n\t\t\tclass=\"so-widget-sow-editor so-widget-sow-editor-base\"\n\t\t\t\n\t\t>\n<div class=\"siteorigin-widget-tinymce textwidget\">\n\t<p><!-- wp:list --><\/p>\n<p><!-- \/wp:heading --><\/p>\n<p><!-- wp:list --><\/p>\n<ul>\n<li><strong>Dejvid D\u017eajls <em>PSIHOLOGIJA MEDIJA<\/em><\/strong><br \/>\nprevele sa engleskog Jelena Vidi\u0107 i Sonja Banjac<\/li>\n<\/ul>\n<p><!-- \/wp:list --><\/p>\n<p>Te\u0161ko je pobrojati promene koje u nama izazivaju savremeni masovni mediji, a kamoli objasniti mehanizme putem kojih do tih promena dolazi. Propaganda, reklame, ube\u0111ivanje, de\u010dji do\u017eivljaj televizije, internet i\/ili dru\u017eenje, samo su neke od tema kojima je posve\u0107ena knjiga \u201ePsihologija medija\u201c.<\/p>\n<p>(<a href=\"http:\/\/clio.rs\/PSIHOLOGIJA-MEDIJA_Knjiga_748\" target=\"_blank\" rel=\"noopener\">izvor<\/a>)<\/p>\n<\/div>\n<\/div><\/div><\/div><\/div><\/div>","protected":false},"excerpt":{"rendered":"<p>Dejvid D\u017eajls PSIHOLOGIJA MEDIJA prevele sa engleskog Jelena Vidi\u0107 i Sonja Banjac Te\u0161ko je pobrojati promene koje u nama izazivaju savremeni masovni mediji, a kamoli objasniti mehanizme putem kojih do tih promena dolazi. Propaganda, reklame, ube\u0111ivanje, de\u010dji do\u017eivljaj televizije, internet i\/ili dru\u017eenje, samo su neke od tema kojima je posve\u0107ena knjiga \u201ePsihologija medija\u201c. (izvor)<\/p>\n","protected":false},"author":1,"featured_media":0,"parent":673,"menu_order":0,"comment_status":"closed","ping_status":"closed","template":"","meta":{"footnotes":"","_wp_rev_ctl_limit":""},"class_list":["post-1046","page","type-page","status-publish","hentry","post"],"_links":{"self":[{"href":"https:\/\/www.bibliotekaplus.rs\/en\/wp-json\/wp\/v2\/pages\/1046","targetHints":{"allow":["GET"]}}],"collection":[{"href":"https:\/\/www.bibliotekaplus.rs\/en\/wp-json\/wp\/v2\/pages"}],"about":[{"href":"https:\/\/www.bibliotekaplus.rs\/en\/wp-json\/wp\/v2\/types\/page"}],"author":[{"embeddable":true,"href":"https:\/\/www.bibliotekaplus.rs\/en\/wp-json\/wp\/v2\/users\/1"}],"replies":[{"embeddable":true,"href":"https:\/\/www.bibliotekaplus.rs\/en\/wp-json\/wp\/v2\/comments?post=1046"}],"version-history":[{"count":1,"href":"https:\/\/www.bibliotekaplus.rs\/en\/wp-json\/wp\/v2\/pages\/1046\/revisions"}],"predecessor-version":[{"id":1047,"href":"https:\/\/www.bibliotekaplus.rs\/en\/wp-json\/wp\/v2\/pages\/1046\/revisions\/1047"}],"up":[{"embeddable":true,"href":"https:\/\/www.bibliotekaplus.rs\/en\/wp-json\/wp\/v2\/pages\/673"}],"wp:attachment":[{"href":"https:\/\/www.bibliotekaplus.rs\/en\/wp-json\/wp\/v2\/media?parent=1046"}],"curies":[{"name":"wp","href":"https:\/\/api.w.org\/{rel}","templated":true}]}}