{"id":1044,"date":"2021-08-30T18:59:25","date_gmt":"2021-08-30T16:59:25","guid":{"rendered":"http:\/\/www.bibliotekaplus.rs\/b_plus\/?page_id=1044"},"modified":"2021-10-15T14:14:34","modified_gmt":"2021-10-15T12:14:34","slug":"sta-je-digitalna-kultura","status":"publish","type":"page","link":"https:\/\/www.bibliotekaplus.rs\/en\/obrazovni-materijali\/sta-je-digitalna-kultura\/","title":{"rendered":"(\u0421\u0440\u043f\u0441\u043a\u0438) \u0428\u0442\u0430 \u0458\u0435 \u0434\u0438\u0433\u0438\u0442\u0430\u043b\u043d\u0430 \u043a\u0443\u043b\u0442\u0443\u0440\u0430"},"content":{"rendered":"<div id=\"pl-1044\"  class=\"panel-layout\" ><div id=\"pg-1044-0\"  class=\"panel-grid panel-no-style\" ><div id=\"pgc-1044-0-0\"  class=\"panel-grid-cell\" ><div id=\"panel-1044-0-0-0\" class=\"so-panel widget widget_sow-editor panel-first-child panel-last-child\" data-index=\"0\" ><div\n\t\t\t\n\t\t\tclass=\"so-widget-sow-editor so-widget-sow-editor-base\"\n\t\t\t\n\t\t>\n<div class=\"siteorigin-widget-tinymce textwidget\">\n\t<div class=\"_df_thumb \" id=\"df_1019\"  _slug=\"sta-je-digitalna-kultura\" data-title=\"%d1%81%d1%80%d0%bf%d1%81%d0%ba%d0%b8-sta-je-digitalna-kultura\" wpoptions=\"true\" thumb=\"https:\/\/www.bibliotekaplus.rs\/wp-content\/uploads\/2021\/08\/DIGITALNA-KULTURA.jpg\" thumbtype=\"\" >(\u0421\u0440\u043f\u0441\u043a\u0438) \u0160ta je digitalna kultura?<\/div><script class=\"df-shortcode-script\" nowprocket type=\"application\/javascript\">window.option_df_1019 = {\"outline\":[],\"autoEnableOutline\":\"false\",\"autoEnableThumbnail\":\"false\",\"overwritePDFOutline\":\"false\",\"direction\":\"1\",\"pageSize\":\"0\",\"source\":\"https:\\\/\\\/www.bibliotekaplus.rs\\\/wp-content\\\/uploads\\\/2021\\\/08\\\/Digitalna-kultura_odlomak.pdf\",\"wpOptions\":\"true\"}; if(window.DFLIP && window.DFLIP.parseBooks){window.DFLIP.parseBooks();}<\/script>\n<\/div>\n<\/div><\/div><\/div><div id=\"pgc-1044-0-1\"  class=\"panel-grid-cell\" ><div id=\"panel-1044-0-1-0\" class=\"so-panel widget widget_sow-editor panel-first-child panel-last-child\" data-index=\"1\" ><div\n\t\t\t\n\t\t\tclass=\"so-widget-sow-editor so-widget-sow-editor-base\"\n\t\t\t\n\t\t>\n<div class=\"siteorigin-widget-tinymce textwidget\">\n\t<ul>\n<li><strong>\u010carli Gir <em>DIGITALNA KULTURA<\/em><\/strong><br \/>\npreveo sa engleskog Aleksandar Luj Todorovi\u0107<\/li>\n<\/ul>\n<p>Postojanje digitalne kulture naj\u010de\u0161\u0107e se posmatra u svetlu najnovijih tehnolo\u0161kih unapre\u0111enja, tako da se po svemu sti\u010de utisak da je ona potpuno razli\u010dita od svega \u0161to joj prethodi. Autor ove zanimljive studije dokazuje upravo suprotno \u2013 digitalna kultura nije nova pojava, niti je njen razvoj uslovljen isklju\u010divo tehnolo\u0161kim napretkom.<\/p>\n<p>(<a href=\"http:\/\/clio.rs\/DIGITALNA-KULTURA_Knjiga_1759\" target=\"_blank\" rel=\"noopener\">izvor<\/a>)<\/p>\n<\/div>\n<\/div><\/div><\/div><\/div><\/div>","protected":false},"excerpt":{"rendered":"<p>\u010carli Gir DIGITALNA KULTURA preveo sa engleskog Aleksandar Luj Todorovi\u0107 Postojanje digitalne kulture naj\u010de\u0161\u0107e se posmatra u svetlu najnovijih tehnolo\u0161kih unapre\u0111enja, tako da se po svemu sti\u010de utisak da je ona potpuno razli\u010dita od svega \u0161to joj prethodi. Autor ove zanimljive studije dokazuje upravo suprotno \u2013 digitalna kultura nije nova pojava, niti je njen razvoj [&hellip;]<\/p>\n","protected":false},"author":1,"featured_media":0,"parent":673,"menu_order":0,"comment_status":"closed","ping_status":"closed","template":"","meta":{"footnotes":"","_wp_rev_ctl_limit":""},"class_list":["post-1044","page","type-page","status-publish","hentry","post"],"_links":{"self":[{"href":"https:\/\/www.bibliotekaplus.rs\/en\/wp-json\/wp\/v2\/pages\/1044","targetHints":{"allow":["GET"]}}],"collection":[{"href":"https:\/\/www.bibliotekaplus.rs\/en\/wp-json\/wp\/v2\/pages"}],"about":[{"href":"https:\/\/www.bibliotekaplus.rs\/en\/wp-json\/wp\/v2\/types\/page"}],"author":[{"embeddable":true,"href":"https:\/\/www.bibliotekaplus.rs\/en\/wp-json\/wp\/v2\/users\/1"}],"replies":[{"embeddable":true,"href":"https:\/\/www.bibliotekaplus.rs\/en\/wp-json\/wp\/v2\/comments?post=1044"}],"version-history":[{"count":4,"href":"https:\/\/www.bibliotekaplus.rs\/en\/wp-json\/wp\/v2\/pages\/1044\/revisions"}],"predecessor-version":[{"id":1710,"href":"https:\/\/www.bibliotekaplus.rs\/en\/wp-json\/wp\/v2\/pages\/1044\/revisions\/1710"}],"up":[{"embeddable":true,"href":"https:\/\/www.bibliotekaplus.rs\/en\/wp-json\/wp\/v2\/pages\/673"}],"wp:attachment":[{"href":"https:\/\/www.bibliotekaplus.rs\/en\/wp-json\/wp\/v2\/media?parent=1044"}],"curies":[{"name":"wp","href":"https:\/\/api.w.org\/{rel}","templated":true}]}}