{"id":1042,"date":"2021-08-30T18:56:55","date_gmt":"2021-08-30T16:56:55","guid":{"rendered":"http:\/\/www.bibliotekaplus.rs\/b_plus\/?page_id=1042"},"modified":"2021-08-30T18:56:56","modified_gmt":"2021-08-30T16:56:56","slug":"podsticanje-ucenicke-motivacija-za-ucenje","status":"publish","type":"page","link":"https:\/\/www.bibliotekaplus.rs\/en\/obrazovni-materijali\/podsticanje-ucenicke-motivacija-za-ucenje\/","title":{"rendered":"(\u0421\u0440\u043f\u0441\u043a\u0438) Podsticanje u\u010deni\u010dke motivacija za u\u010denje"},"content":{"rendered":"<div id=\"pl-1042\"  class=\"panel-layout\" ><div id=\"pg-1042-0\"  class=\"panel-grid panel-no-style\" ><div id=\"pgc-1042-0-0\"  class=\"panel-grid-cell\" ><div id=\"panel-1042-0-0-0\" class=\"so-panel widget widget_sow-editor panel-first-child panel-last-child\" data-index=\"0\" ><div\n\t\t\t\n\t\t\tclass=\"so-widget-sow-editor so-widget-sow-editor-base\"\n\t\t\t\n\t\t>\n<div class=\"siteorigin-widget-tinymce textwidget\">\n\t<div class=\"_df_thumb \" id=\"df_1015\"  _slug=\"podsticanje-ucenicke-motivacija-za-ucenje\" data-title=\"%d1%81%d1%80%d0%bf%d1%81%d0%ba%d0%b8-podsticanje-ucenicke-motivacija-za-ucenje\" wpoptions=\"true\" thumb=\"https:\/\/www.bibliotekaplus.rs\/wp-content\/uploads\/2021\/08\/KAKO-MOTIVISATI-UCENIKE-DA-UCE.jpg\" thumbtype=\"\" >(\u0421\u0440\u043f\u0441\u043a\u0438) Podsticanje u\u010deni\u010dke motivacija za u\u010denje<\/div><script class=\"df-shortcode-script\" nowprocket type=\"application\/javascript\">window.option_df_1015 = {\"outline\":[],\"autoEnableOutline\":\"false\",\"autoEnableThumbnail\":\"false\",\"overwritePDFOutline\":\"false\",\"direction\":\"1\",\"pageSize\":\"0\",\"source\":\"https:\\\/\\\/www.bibliotekaplus.rs\\\/wp-content\\\/uploads\\\/2021\\\/08\\\/Kako-motivisati-ucenike-da-uce_odlomak.pdf\",\"wpOptions\":\"true\"}; if(window.DFLIP && window.DFLIP.parseBooks){window.DFLIP.parseBooks();}<\/script>\n<\/div>\n<\/div><\/div><\/div><div id=\"pgc-1042-0-1\"  class=\"panel-grid-cell\" ><div id=\"panel-1042-0-1-0\" class=\"so-panel widget widget_sow-editor panel-first-child panel-last-child\" data-index=\"1\" ><div\n\t\t\t\n\t\t\tclass=\"so-widget-sow-editor so-widget-sow-editor-base\"\n\t\t\t\n\t\t>\n<div class=\"siteorigin-widget-tinymce textwidget\">\n\t<p><!-- wp:list --><\/p>\n<p><!-- \/wp:heading --><\/p>\n<p><!-- wp:list --><\/p>\n<ul>\n<li><strong>D\u017eere Brofi <em>KAKO MOTIVISATI U\u010cENIKE DA U\u010cE<\/em><\/strong><br \/>\nprevela sa engleskog Marina Vicanovi\u0107<\/li>\n<\/ul>\n<p><!-- \/wp:list --><\/p>\n<p>Pisana posebno za nastavnike, ova knjiga nudi bogatstvo principa za motivisanje u\u010denika da u\u010de, zasnovanih na istra\u017eivanjima. Njen fokus na motivacionim principima, umesto na motivacionim teoreti\u010darima ili teorijama, prirodno vodi u diskusiju o konkretnim strategijama u u\u010dionici.<\/p>\n<p>(<a href=\"http:\/\/clio.rs\/KAKO-MOTIVISATI-UCENIKE-DA-UCE_Knjiga_11814\" target=\"_blank\" rel=\"noopener\">izvor<\/a>)<\/p>\n<\/div>\n<\/div><\/div><\/div><\/div><\/div>","protected":false},"excerpt":{"rendered":"<p>D\u017eere Brofi KAKO MOTIVISATI U\u010cENIKE DA U\u010cE prevela sa engleskog Marina Vicanovi\u0107 Pisana posebno za nastavnike, ova knjiga nudi bogatstvo principa za motivisanje u\u010denika da u\u010de, zasnovanih na istra\u017eivanjima. Njen fokus na motivacionim principima, umesto na motivacionim teoreti\u010darima ili teorijama, prirodno vodi u diskusiju o konkretnim strategijama u u\u010dionici. (izvor)<\/p>\n","protected":false},"author":1,"featured_media":0,"parent":673,"menu_order":0,"comment_status":"closed","ping_status":"closed","template":"","meta":{"footnotes":"","_wp_rev_ctl_limit":""},"class_list":["post-1042","page","type-page","status-publish","hentry","post"],"_links":{"self":[{"href":"https:\/\/www.bibliotekaplus.rs\/en\/wp-json\/wp\/v2\/pages\/1042","targetHints":{"allow":["GET"]}}],"collection":[{"href":"https:\/\/www.bibliotekaplus.rs\/en\/wp-json\/wp\/v2\/pages"}],"about":[{"href":"https:\/\/www.bibliotekaplus.rs\/en\/wp-json\/wp\/v2\/types\/page"}],"author":[{"embeddable":true,"href":"https:\/\/www.bibliotekaplus.rs\/en\/wp-json\/wp\/v2\/users\/1"}],"replies":[{"embeddable":true,"href":"https:\/\/www.bibliotekaplus.rs\/en\/wp-json\/wp\/v2\/comments?post=1042"}],"version-history":[{"count":1,"href":"https:\/\/www.bibliotekaplus.rs\/en\/wp-json\/wp\/v2\/pages\/1042\/revisions"}],"predecessor-version":[{"id":1043,"href":"https:\/\/www.bibliotekaplus.rs\/en\/wp-json\/wp\/v2\/pages\/1042\/revisions\/1043"}],"up":[{"embeddable":true,"href":"https:\/\/www.bibliotekaplus.rs\/en\/wp-json\/wp\/v2\/pages\/673"}],"wp:attachment":[{"href":"https:\/\/www.bibliotekaplus.rs\/en\/wp-json\/wp\/v2\/media?parent=1042"}],"curies":[{"name":"wp","href":"https:\/\/api.w.org\/{rel}","templated":true}]}}