{"id":1040,"date":"2021-08-30T18:55:08","date_gmt":"2021-08-30T16:55:08","guid":{"rendered":"http:\/\/www.bibliotekaplus.rs\/b_plus\/?page_id=1040"},"modified":"2021-10-15T14:17:23","modified_gmt":"2021-10-15T12:17:23","slug":"televizija-i-ponasanje-dece","status":"publish","type":"page","link":"https:\/\/www.bibliotekaplus.rs\/en\/obrazovni-materijali\/televizija-i-ponasanje-dece\/","title":{"rendered":"(\u0421\u0440\u043f\u0441\u043a\u0438) \u0422\u0435\u043b\u0435\u0432\u0438\u0437\u0438\u0458\u0430 \u0438 \u043f\u043e\u043d\u0430\u0448\u0430\u045a\u0435 \u0434\u0435\u0446\u0435"},"content":{"rendered":"<div id=\"pl-1040\"  class=\"panel-layout\" ><div id=\"pg-1040-0\"  class=\"panel-grid panel-no-style\" ><div id=\"pgc-1040-0-0\"  class=\"panel-grid-cell\" ><div id=\"panel-1040-0-0-0\" class=\"so-panel widget widget_sow-editor panel-first-child panel-last-child\" data-index=\"0\" ><div\n\t\t\t\n\t\t\tclass=\"so-widget-sow-editor so-widget-sow-editor-base\"\n\t\t\t\n\t\t>\n<div class=\"siteorigin-widget-tinymce textwidget\">\n\t<div class=\"_df_thumb \" id=\"df_1011\"  _slug=\"televizija-i-ponasanje-dece\" data-title=\"%d1%81%d1%80%d0%bf%d1%81%d0%ba%d0%b8-televizija-i-ponasanje-dece\" wpoptions=\"true\" thumb=\"https:\/\/www.bibliotekaplus.rs\/wp-content\/uploads\/2021\/08\/DECA-I-TELEVIZIJA.jpg\" thumbtype=\"\" >(\u0421\u0440\u043f\u0441\u043a\u0438) Televizija i pona\u0161anje dece<\/div><script class=\"df-shortcode-script\" nowprocket type=\"application\/javascript\">window.option_df_1011 = {\"outline\":[],\"autoEnableOutline\":\"false\",\"autoEnableThumbnail\":\"false\",\"overwritePDFOutline\":\"false\",\"direction\":\"1\",\"pageSize\":\"0\",\"source\":\"https:\\\/\\\/www.bibliotekaplus.rs\\\/wp-content\\\/uploads\\\/2021\\\/08\\\/Deca-i-televizija_odlomak.pdf\",\"wpOptions\":\"true\"}; if(window.DFLIP && window.DFLIP.parseBooks){window.DFLIP.parseBooks();}<\/script>\n<\/div>\n<\/div><\/div><\/div><div id=\"pgc-1040-0-1\"  class=\"panel-grid-cell\" ><div id=\"panel-1040-0-1-0\" class=\"so-panel widget widget_sow-editor panel-first-child panel-last-child\" data-index=\"1\" ><div\n\t\t\t\n\t\t\tclass=\"so-widget-sow-editor so-widget-sow-editor-base\"\n\t\t\t\n\t\t>\n<div class=\"siteorigin-widget-tinymce textwidget\">\n\t<ul>\n<li><strong>Dafna Lemi\u0161 <em>DECA I TELEVIZIJA<\/em> \u2013 Globalna perspektiva<\/strong><br \/>\nprevela sa engleskog Mirjana Ivanji<\/li>\n<\/ul>\n<p>Vi\u0161e od dve decenije autorka ove studije istra\u017eivala je odnos dece i televizije u SAD, Evropi i Izraelu i prou\u010davala po\u010detke socijalizacije uz gledanje televizije, uticaj nasilja na televiziji, formiranje stereotipa, razvoj televizijskog obrazovanja i uticaj televizije na formiranje polnog identiteta.<\/p>\n<p>(<a href=\"http:\/\/clio.rs\/DECA-I-TELEVIZIJA_Knjiga_1875\" target=\"_blank\" rel=\"noopener\">izvor<\/a>)<\/p>\n<\/div>\n<\/div><\/div><\/div><\/div><\/div>","protected":false},"excerpt":{"rendered":"<p>Dafna Lemi\u0161 DECA I TELEVIZIJA \u2013 Globalna perspektiva prevela sa engleskog Mirjana Ivanji Vi\u0161e od dve decenije autorka ove studije istra\u017eivala je odnos dece i televizije u SAD, Evropi i Izraelu i prou\u010davala po\u010detke socijalizacije uz gledanje televizije, uticaj nasilja na televiziji, formiranje stereotipa, razvoj televizijskog obrazovanja i uticaj televizije na formiranje polnog identiteta. (izvor)<\/p>\n","protected":false},"author":1,"featured_media":0,"parent":673,"menu_order":0,"comment_status":"closed","ping_status":"closed","template":"","meta":{"footnotes":"","_wp_rev_ctl_limit":""},"class_list":["post-1040","page","type-page","status-publish","hentry","post"],"_links":{"self":[{"href":"https:\/\/www.bibliotekaplus.rs\/en\/wp-json\/wp\/v2\/pages\/1040","targetHints":{"allow":["GET"]}}],"collection":[{"href":"https:\/\/www.bibliotekaplus.rs\/en\/wp-json\/wp\/v2\/pages"}],"about":[{"href":"https:\/\/www.bibliotekaplus.rs\/en\/wp-json\/wp\/v2\/types\/page"}],"author":[{"embeddable":true,"href":"https:\/\/www.bibliotekaplus.rs\/en\/wp-json\/wp\/v2\/users\/1"}],"replies":[{"embeddable":true,"href":"https:\/\/www.bibliotekaplus.rs\/en\/wp-json\/wp\/v2\/comments?post=1040"}],"version-history":[{"count":3,"href":"https:\/\/www.bibliotekaplus.rs\/en\/wp-json\/wp\/v2\/pages\/1040\/revisions"}],"predecessor-version":[{"id":1712,"href":"https:\/\/www.bibliotekaplus.rs\/en\/wp-json\/wp\/v2\/pages\/1040\/revisions\/1712"}],"up":[{"embeddable":true,"href":"https:\/\/www.bibliotekaplus.rs\/en\/wp-json\/wp\/v2\/pages\/673"}],"wp:attachment":[{"href":"https:\/\/www.bibliotekaplus.rs\/en\/wp-json\/wp\/v2\/media?parent=1040"}],"curies":[{"name":"wp","href":"https:\/\/api.w.org\/{rel}","templated":true}]}}