{"id":1038,"date":"2021-08-30T18:53:14","date_gmt":"2021-08-30T16:53:14","guid":{"rendered":"http:\/\/www.bibliotekaplus.rs\/b_plus\/?page_id=1038"},"modified":"2021-09-29T14:14:39","modified_gmt":"2021-09-29T12:14:39","slug":"sta-su-novi-mediji","status":"publish","type":"page","link":"https:\/\/www.bibliotekaplus.rs\/en\/obrazovni-materijali\/sta-su-novi-mediji\/","title":{"rendered":"\u0160ta su novi mediji?"},"content":{"rendered":"<div id=\"pl-1038\"  class=\"panel-layout\" ><div id=\"pg-1038-0\"  class=\"panel-grid panel-no-style\" ><div id=\"pgc-1038-0-0\"  class=\"panel-grid-cell\" ><div id=\"panel-1038-0-0-0\" class=\"so-panel widget widget_sow-editor panel-first-child panel-last-child\" data-index=\"0\" ><div\n\t\t\t\n\t\t\tclass=\"so-widget-sow-editor so-widget-sow-editor-base\"\n\t\t\t\n\t\t>\n<div class=\"siteorigin-widget-tinymce textwidget\">\n\t<div class=\"_df_thumb \" id=\"df_1007\"  _slug=\"sta-su-novi-mediji\" data-title=\"%d1%81%d1%80%d0%bf%d1%81%d0%ba%d0%b8-sta-su-novi-mediji\" wpoptions=\"true\" thumb=\"https:\/\/www.bibliotekaplus.rs\/wp-content\/uploads\/2021\/08\/JEZIK-NOVIH-MEDIJA.jpg\" thumbtype=\"\" >(\u0421\u0440\u043f\u0441\u043a\u0438) \u0160ta su novi mediji?<\/div><script class=\"df-shortcode-script\" nowprocket type=\"application\/javascript\">window.option_df_1007 = {\"outline\":[],\"autoEnableOutline\":\"false\",\"autoEnableThumbnail\":\"false\",\"overwritePDFOutline\":\"false\",\"direction\":\"1\",\"pageSize\":\"0\",\"source\":\"https:\\\/\\\/www.bibliotekaplus.rs\\\/wp-content\\\/uploads\\\/2021\\\/08\\\/Jezik-novih-medija_odlomak.pdf\",\"wpOptions\":\"true\"}; if(window.DFLIP && window.DFLIP.parseBooks){window.DFLIP.parseBooks();}<\/script>\n<\/div>\n<\/div><\/div><\/div><div id=\"pgc-1038-0-1\"  class=\"panel-grid-cell\" ><div id=\"panel-1038-0-1-0\" class=\"so-panel widget widget_sow-editor panel-first-child panel-last-child\" data-index=\"1\" ><div\n\t\t\t\n\t\t\tclass=\"so-widget-sow-editor so-widget-sow-editor-base\"\n\t\t\t\n\t\t>\n<div class=\"siteorigin-widget-tinymce textwidget\">\n\t<p><!-- wp:list --><\/p>\n<ul>\n<li><strong>Lev Manovi\u010d <em>JEZIK NOVIH MEDIJA<\/em><\/strong><br \/>\npreveo sa engleskog Aleksandar Luj Todorovi\u0107<\/li>\n<\/ul>\n<p><!-- \/wp:list --><\/p>\n<p>Kao prva detaljna i sveobuhvatna analiza vizuelne estetike novih medija, ova knjiga postavlja nove medije unutar istorije vizuelne kulture, ukazuju\u0107i na veze i razli\u010ditosti izme\u0111u novih i starih medija. Nalaze\u0107i poreklo estetike novih medija u slikarstvu, fotografiji, filmu i televiziji, Manovi\u010d razmatra pitanja digitalnog stvaranja slika, interfejsa \u010doveka i ra\u010dunara, hipermedija, ra\u010dunarskih igrica, komponovanja, animacije, teleprisustva i virtuelnih svetova.<\/p>\n<p>(<a href=\"http:\/\/clio.rs\/JEZIK-NOVIH-MEDIJA_Knjiga_6240\" target=\"_blank\" rel=\"noopener\">izvor<\/a>)<\/p>\n<\/div>\n<\/div><\/div><\/div><\/div><\/div>","protected":false},"excerpt":{"rendered":"<p>Lev Manovi\u010d JEZIK NOVIH MEDIJA preveo sa engleskog Aleksandar Luj Todorovi\u0107 Kao prva detaljna i sveobuhvatna analiza vizuelne estetike novih medija, ova knjiga postavlja nove medije unutar istorije vizuelne kulture, ukazuju\u0107i na veze i razli\u010ditosti izme\u0111u novih i starih medija. Nalaze\u0107i poreklo estetike novih medija u slikarstvu, fotografiji, filmu i televiziji, Manovi\u010d razmatra pitanja digitalnog [&hellip;]<\/p>\n","protected":false},"author":1,"featured_media":0,"parent":673,"menu_order":0,"comment_status":"closed","ping_status":"closed","template":"","meta":{"footnotes":"","_wp_rev_ctl_limit":""},"class_list":["post-1038","page","type-page","status-publish","hentry","post"],"_links":{"self":[{"href":"https:\/\/www.bibliotekaplus.rs\/en\/wp-json\/wp\/v2\/pages\/1038","targetHints":{"allow":["GET"]}}],"collection":[{"href":"https:\/\/www.bibliotekaplus.rs\/en\/wp-json\/wp\/v2\/pages"}],"about":[{"href":"https:\/\/www.bibliotekaplus.rs\/en\/wp-json\/wp\/v2\/types\/page"}],"author":[{"embeddable":true,"href":"https:\/\/www.bibliotekaplus.rs\/en\/wp-json\/wp\/v2\/users\/1"}],"replies":[{"embeddable":true,"href":"https:\/\/www.bibliotekaplus.rs\/en\/wp-json\/wp\/v2\/comments?post=1038"}],"version-history":[{"count":3,"href":"https:\/\/www.bibliotekaplus.rs\/en\/wp-json\/wp\/v2\/pages\/1038\/revisions"}],"predecessor-version":[{"id":1604,"href":"https:\/\/www.bibliotekaplus.rs\/en\/wp-json\/wp\/v2\/pages\/1038\/revisions\/1604"}],"up":[{"embeddable":true,"href":"https:\/\/www.bibliotekaplus.rs\/en\/wp-json\/wp\/v2\/pages\/673"}],"wp:attachment":[{"href":"https:\/\/www.bibliotekaplus.rs\/en\/wp-json\/wp\/v2\/media?parent=1038"}],"curies":[{"name":"wp","href":"https:\/\/api.w.org\/{rel}","templated":true}]}}