{"id":1033,"date":"2021-08-30T18:48:49","date_gmt":"2021-08-30T16:48:49","guid":{"rendered":"http:\/\/www.bibliotekaplus.rs\/b_plus\/?page_id=1033"},"modified":"2021-10-15T13:53:12","modified_gmt":"2021-10-15T11:53:12","slug":"zivot-u-svetu-zasicenom-porukama","status":"publish","type":"page","link":"https:\/\/www.bibliotekaplus.rs\/en\/obrazovni-materijali\/zivot-u-svetu-zasicenom-porukama\/","title":{"rendered":"\u017divot u svetu zasi\u0107enom porukama"},"content":{"rendered":"<div id=\"pl-1033\"  class=\"panel-layout\" ><div id=\"pg-1033-0\"  class=\"panel-grid panel-no-style\" ><div id=\"pgc-1033-0-0\"  class=\"panel-grid-cell\" ><div id=\"panel-1033-0-0-0\" class=\"so-panel widget widget_sow-editor panel-first-child panel-last-child\" data-index=\"0\" ><div\n\t\t\t\n\t\t\tclass=\"so-widget-sow-editor so-widget-sow-editor-base\"\n\t\t\t\n\t\t>\n<div class=\"siteorigin-widget-tinymce textwidget\">\n\t<div class=\"_df_thumb \" id=\"df_1003\"  _slug=\"zivot-u-svetu-zasicenom-porukama\" data-title=\"%d1%81%d1%80%d0%bf%d1%81%d0%ba%d0%b8-zivot-u-svetu-zasicenom-porukama\" wpoptions=\"true\" thumb=\"https:\/\/www.bibliotekaplus.rs\/wp-content\/uploads\/2021\/08\/MEDIJSKA-PISMENOST.jpg\" thumbtype=\"\" >(\u0421\u0440\u043f\u0441\u043a\u0438) \u017divot u svetu zasi\u0107enom porukama<\/div><script class=\"df-shortcode-script\" nowprocket type=\"application\/javascript\">window.option_df_1003 = {\"outline\":[],\"autoEnableOutline\":\"false\",\"autoEnableThumbnail\":\"false\",\"overwritePDFOutline\":\"false\",\"direction\":\"1\",\"pageSize\":\"0\",\"source\":\"https:\\\/\\\/www.bibliotekaplus.rs\\\/wp-content\\\/uploads\\\/2021\\\/08\\\/Medijska-pismenost_odlomak.pdf\",\"wpOptions\":\"true\"}; if(window.DFLIP && window.DFLIP.parseBooks){window.DFLIP.parseBooks();}<\/script>\n<\/div>\n<\/div><\/div><\/div><div id=\"pgc-1033-0-1\"  class=\"panel-grid-cell\" ><div id=\"panel-1033-0-1-0\" class=\"so-panel widget widget_sow-editor panel-first-child panel-last-child\" data-index=\"1\" ><div\n\t\t\t\n\t\t\tclass=\"so-widget-sow-editor so-widget-sow-editor-base\"\n\t\t\t\n\t\t>\n<div class=\"siteorigin-widget-tinymce textwidget\">\n\t<ul>\n<li><strong>D\u017eejms Poter <em>MEDIJSKA PISMENOST<\/em><\/strong><br \/>\npreveo sa engleskog \u0110or\u0111e Trajkovi\u0107<\/li>\n<\/ul>\n<p>Svoju studiju o medijskoj pismenosti D\u017eejms Poter po\u010dinje konstatacijom da ve\u0107ina ljudi danas dopu\u0161ta medijima da programiraju njihove navike i na\u010din gledanja na svet. Nizak nivo medijske pismenosti omogu\u0107ava pristupanje poruci, ali ne i za\u0161titu od jedva primetnog, pa ipak neprestanog oblikovanja percepcije \u017eivota.<\/p>\n<p>(<a href=\"http:\/\/clio.rs\/MEDIJSKA-PISMENOST_Knjiga_1757\" target=\"_blank\" rel=\"noopener\">izvor<\/a>)<\/p>\n<\/div>\n<\/div><\/div><\/div><\/div><\/div>","protected":false},"excerpt":{"rendered":"<p>D\u017eejms Poter MEDIJSKA PISMENOST preveo sa engleskog \u0110or\u0111e Trajkovi\u0107 Svoju studiju o medijskoj pismenosti D\u017eejms Poter po\u010dinje konstatacijom da ve\u0107ina ljudi danas dopu\u0161ta medijima da programiraju njihove navike i na\u010din gledanja na svet. Nizak nivo medijske pismenosti omogu\u0107ava pristupanje poruci, ali ne i za\u0161titu od jedva primetnog, pa ipak neprestanog oblikovanja percepcije \u017eivota. (izvor)<\/p>\n","protected":false},"author":1,"featured_media":0,"parent":673,"menu_order":0,"comment_status":"closed","ping_status":"closed","template":"","meta":{"footnotes":"","_wp_rev_ctl_limit":""},"class_list":["post-1033","page","type-page","status-publish","hentry","post"],"_links":{"self":[{"href":"https:\/\/www.bibliotekaplus.rs\/en\/wp-json\/wp\/v2\/pages\/1033","targetHints":{"allow":["GET"]}}],"collection":[{"href":"https:\/\/www.bibliotekaplus.rs\/en\/wp-json\/wp\/v2\/pages"}],"about":[{"href":"https:\/\/www.bibliotekaplus.rs\/en\/wp-json\/wp\/v2\/types\/page"}],"author":[{"embeddable":true,"href":"https:\/\/www.bibliotekaplus.rs\/en\/wp-json\/wp\/v2\/users\/1"}],"replies":[{"embeddable":true,"href":"https:\/\/www.bibliotekaplus.rs\/en\/wp-json\/wp\/v2\/comments?post=1033"}],"version-history":[{"count":4,"href":"https:\/\/www.bibliotekaplus.rs\/en\/wp-json\/wp\/v2\/pages\/1033\/revisions"}],"predecessor-version":[{"id":1693,"href":"https:\/\/www.bibliotekaplus.rs\/en\/wp-json\/wp\/v2\/pages\/1033\/revisions\/1693"}],"up":[{"embeddable":true,"href":"https:\/\/www.bibliotekaplus.rs\/en\/wp-json\/wp\/v2\/pages\/673"}],"wp:attachment":[{"href":"https:\/\/www.bibliotekaplus.rs\/en\/wp-json\/wp\/v2\/media?parent=1033"}],"curies":[{"name":"wp","href":"https:\/\/api.w.org\/{rel}","templated":true}]}}