{"id":1031,"date":"2021-08-30T18:45:52","date_gmt":"2021-08-30T16:45:52","guid":{"rendered":"http:\/\/www.bibliotekaplus.rs\/b_plus\/?page_id=1031"},"modified":"2021-08-30T18:45:52","modified_gmt":"2021-08-30T16:45:52","slug":"razumevanje-nasilja-u-medijima","status":"publish","type":"page","link":"https:\/\/www.bibliotekaplus.rs\/en\/obrazovni-materijali\/razumevanje-nasilja-u-medijima\/","title":{"rendered":"(\u0421\u0440\u043f\u0441\u043a\u0438) Razumevanje nasilja u medijima"},"content":{"rendered":"<div id=\"pl-1031\"  class=\"panel-layout\" ><div id=\"pg-1031-0\"  class=\"panel-grid panel-no-style\" ><div id=\"pgc-1031-0-0\"  class=\"panel-grid-cell\" ><div id=\"panel-1031-0-0-0\" class=\"so-panel widget widget_sow-editor panel-first-child panel-last-child\" data-index=\"0\" ><div\n\t\t\t\n\t\t\tclass=\"so-widget-sow-editor so-widget-sow-editor-base\"\n\t\t\t\n\t\t>\n<div class=\"siteorigin-widget-tinymce textwidget\">\n\t<div class=\"_df_thumb \" id=\"df_999\"  _slug=\"razumevanje-nasilja-u-medijima\" data-title=\"%d1%81%d1%80%d0%bf%d1%81%d0%ba%d0%b8-razumevanje-nasilja-u-medijima\" wpoptions=\"true\" thumb=\"https:\/\/www.bibliotekaplus.rs\/wp-content\/uploads\/2021\/08\/MLADI-I-MEDIJI.jpg\" thumbtype=\"\" >(\u0421\u0440\u043f\u0441\u043a\u0438) Razumevanje nasilja u medijima<\/div><script class=\"df-shortcode-script\" nowprocket type=\"application\/javascript\">window.option_df_999 = {\"outline\":[],\"autoEnableOutline\":\"false\",\"autoEnableThumbnail\":\"false\",\"overwritePDFOutline\":\"false\",\"direction\":\"1\",\"pageSize\":\"0\",\"source\":\"https:\\\/\\\/www.bibliotekaplus.rs\\\/wp-content\\\/uploads\\\/2021\\\/08\\\/Mladi-i-mediji_odlomak.pdf\",\"wpOptions\":\"true\"}; if(window.DFLIP && window.DFLIP.parseBooks){window.DFLIP.parseBooks();}<\/script>\n<\/div>\n<\/div><\/div><\/div><div id=\"pgc-1031-0-1\"  class=\"panel-grid-cell\" ><div id=\"panel-1031-0-1-0\" class=\"so-panel widget widget_sow-editor panel-first-child panel-last-child\" data-index=\"1\" ><div\n\t\t\t\n\t\t\tclass=\"so-widget-sow-editor so-widget-sow-editor-base\"\n\t\t\t\n\t\t>\n<div class=\"siteorigin-widget-tinymce textwidget\">\n\t<p><!-- wp:list --><\/p>\n<p><!-- \/wp:heading --><\/p>\n<p><!-- wp:list --><\/p>\n<ul>\n<li><strong>Endi Radok <em>MLADI I MEDIJI<\/em><\/strong><br \/>\nprevela sa engleskog Jelena Petrovi\u0107<\/li>\n<\/ul>\n<p><!-- \/wp:list --><\/p>\n<p>Za\u0161to su mediji bitni? Za\u0161to mladi u razmi\u0161ljanju o medijima zauzimaju tako va\u017eno mesto? Kako su sve nau\u010dnici shvatali i istra\u017eivali uticaj medija, to jest, njihovo dejstvo na omladinu?<\/p>\n<p>(<a href=\"http:\/\/clio.rs\/MLADI-I-MEDIJI_Knjiga_11832\" target=\"_blank\" rel=\"noopener\">izvor<\/a>)<\/p>\n<\/div>\n<\/div><\/div><\/div><\/div><\/div>","protected":false},"excerpt":{"rendered":"<p>Endi Radok MLADI I MEDIJI prevela sa engleskog Jelena Petrovi\u0107 Za\u0161to su mediji bitni? Za\u0161to mladi u razmi\u0161ljanju o medijima zauzimaju tako va\u017eno mesto? Kako su sve nau\u010dnici shvatali i istra\u017eivali uticaj medija, to jest, njihovo dejstvo na omladinu? (izvor)<\/p>\n","protected":false},"author":1,"featured_media":0,"parent":673,"menu_order":0,"comment_status":"closed","ping_status":"closed","template":"","meta":{"footnotes":"","_wp_rev_ctl_limit":""},"class_list":["post-1031","page","type-page","status-publish","hentry","post"],"_links":{"self":[{"href":"https:\/\/www.bibliotekaplus.rs\/en\/wp-json\/wp\/v2\/pages\/1031","targetHints":{"allow":["GET"]}}],"collection":[{"href":"https:\/\/www.bibliotekaplus.rs\/en\/wp-json\/wp\/v2\/pages"}],"about":[{"href":"https:\/\/www.bibliotekaplus.rs\/en\/wp-json\/wp\/v2\/types\/page"}],"author":[{"embeddable":true,"href":"https:\/\/www.bibliotekaplus.rs\/en\/wp-json\/wp\/v2\/users\/1"}],"replies":[{"embeddable":true,"href":"https:\/\/www.bibliotekaplus.rs\/en\/wp-json\/wp\/v2\/comments?post=1031"}],"version-history":[{"count":1,"href":"https:\/\/www.bibliotekaplus.rs\/en\/wp-json\/wp\/v2\/pages\/1031\/revisions"}],"predecessor-version":[{"id":1032,"href":"https:\/\/www.bibliotekaplus.rs\/en\/wp-json\/wp\/v2\/pages\/1031\/revisions\/1032"}],"up":[{"embeddable":true,"href":"https:\/\/www.bibliotekaplus.rs\/en\/wp-json\/wp\/v2\/pages\/673"}],"wp:attachment":[{"href":"https:\/\/www.bibliotekaplus.rs\/en\/wp-json\/wp\/v2\/media?parent=1031"}],"curies":[{"name":"wp","href":"https:\/\/api.w.org\/{rel}","templated":true}]}}