{"id":1029,"date":"2021-08-31T15:44:05","date_gmt":"2021-08-31T13:44:05","guid":{"rendered":"http:\/\/www.bibliotekaplus.rs\/b_plus\/?page_id=1029"},"modified":"2021-10-15T14:07:07","modified_gmt":"2021-10-15T12:07:07","slug":"motivisanje-ucenika-projektnom-nastavom","status":"publish","type":"page","link":"https:\/\/www.bibliotekaplus.rs\/en\/obrazovni-materijali\/motivisanje-ucenika-projektnom-nastavom\/","title":{"rendered":"Motivating students through project teaching"},"content":{"rendered":"<div id=\"pl-1029\"  class=\"panel-layout\" ><div id=\"pg-1029-0\"  class=\"panel-grid panel-no-style\" ><div id=\"pgc-1029-0-0\"  class=\"panel-grid-cell\" ><div id=\"panel-1029-0-0-0\" class=\"so-panel widget widget_sow-editor panel-first-child panel-last-child\" data-index=\"0\" ><div\n\t\t\t\n\t\t\tclass=\"so-widget-sow-editor so-widget-sow-editor-base\"\n\t\t\t\n\t\t>\n<div class=\"siteorigin-widget-tinymce textwidget\">\n\t<div class=\"_df_thumb \" id=\"df_995\"  _slug=\"motivisanje-ucenika-projektnom-nastavom\" data-title=\"%d1%81%d1%80%d0%bf%d1%81%d0%ba%d0%b8-motivisanje-ucenika-projektnom-nastavom\" wpoptions=\"true\" thumb=\"https:\/\/www.bibliotekaplus.rs\/wp-content\/uploads\/2021\/08\/PROJEKTNO-UCENJE.jpg\" thumbtype=\"\" >(\u0421\u0440\u043f\u0441\u043a\u0438) Motivisanje u\u010denika projektnom nastavom<\/div><script class=\"df-shortcode-script\" nowprocket type=\"application\/javascript\">window.option_df_995 = {\"outline\":[],\"autoEnableOutline\":\"false\",\"autoEnableThumbnail\":\"false\",\"overwritePDFOutline\":\"false\",\"direction\":\"1\",\"pageSize\":\"0\",\"source\":\"https:\\\/\\\/www.bibliotekaplus.rs\\\/wp-content\\\/uploads\\\/2021\\\/08\\\/Projektno-ucenje_odlomak.pdf\",\"wpOptions\":\"true\"}; if(window.DFLIP && window.DFLIP.parseBooks){window.DFLIP.parseBooks();}<\/script>\n<\/div>\n<\/div><\/div><\/div><div id=\"pgc-1029-0-1\"  class=\"panel-grid-cell\" ><div id=\"panel-1029-0-1-0\" class=\"so-panel widget widget_sow-editor panel-first-child panel-last-child\" data-index=\"1\" ><div\n\t\t\t\n\t\t\tclass=\"so-widget-sow-editor so-widget-sow-editor-base\"\n\t\t\t\n\t\t>\n<div class=\"siteorigin-widget-tinymce textwidget\">\n\t<ul>\n<li><strong>Vilijam N. Bender <em>PROJEKTNO U\u010cENJE<\/em> \u2013 Diferencirana nastava za XXI vek<\/strong><br \/>\nprevela sa engleskog Jelena Petrovi\u0107<\/li>\n<\/ul>\n<p>U\u010denje zasnovano na projektu pokazalo se kao jedna od najefikasnijih nastavnih praksi danas. U projektnoj nastavi u\u010denici se suo\u010davaju sa realnim problemima i zadacima, me\u0111usobno sara\u0111uju u pronala\u017eenju i kreiranju re\u0161enja i zatim predstavljaju rezultate rada.<\/p>\n<p>(<a href=\"http:\/\/clio.rs\/PROJEKTNO-UCENJE_Knjiga_159705\" target=\"_blank\" rel=\"noopener\">izvor<\/a>)<\/p>\n<\/div>\n<\/div><\/div><\/div><\/div><\/div>","protected":false},"excerpt":{"rendered":"<p>Vilijam N. Bender PROJEKTNO U\u010cENJE \u2013 Diferencirana nastava za XXI vek prevela sa engleskog Jelena Petrovi\u0107 U\u010denje zasnovano na projektu pokazalo se kao jedna od najefikasnijih nastavnih praksi danas. U projektnoj nastavi u\u010denici se suo\u010davaju sa realnim problemima i zadacima, me\u0111usobno sara\u0111uju u pronala\u017eenju i kreiranju re\u0161enja i zatim predstavljaju rezultate rada. (izvor)<\/p>\n","protected":false},"author":1,"featured_media":0,"parent":673,"menu_order":0,"comment_status":"closed","ping_status":"closed","template":"","meta":{"footnotes":"","_wp_rev_ctl_limit":""},"class_list":["post-1029","page","type-page","status-publish","hentry","post"],"_links":{"self":[{"href":"https:\/\/www.bibliotekaplus.rs\/en\/wp-json\/wp\/v2\/pages\/1029","targetHints":{"allow":["GET"]}}],"collection":[{"href":"https:\/\/www.bibliotekaplus.rs\/en\/wp-json\/wp\/v2\/pages"}],"about":[{"href":"https:\/\/www.bibliotekaplus.rs\/en\/wp-json\/wp\/v2\/types\/page"}],"author":[{"embeddable":true,"href":"https:\/\/www.bibliotekaplus.rs\/en\/wp-json\/wp\/v2\/users\/1"}],"replies":[{"embeddable":true,"href":"https:\/\/www.bibliotekaplus.rs\/en\/wp-json\/wp\/v2\/comments?post=1029"}],"version-history":[{"count":4,"href":"https:\/\/www.bibliotekaplus.rs\/en\/wp-json\/wp\/v2\/pages\/1029\/revisions"}],"predecessor-version":[{"id":1704,"href":"https:\/\/www.bibliotekaplus.rs\/en\/wp-json\/wp\/v2\/pages\/1029\/revisions\/1704"}],"up":[{"embeddable":true,"href":"https:\/\/www.bibliotekaplus.rs\/en\/wp-json\/wp\/v2\/pages\/673"}],"wp:attachment":[{"href":"https:\/\/www.bibliotekaplus.rs\/en\/wp-json\/wp\/v2\/media?parent=1029"}],"curies":[{"name":"wp","href":"https:\/\/api.w.org\/{rel}","templated":true}]}}